{"id":2652,"date":"2022-03-27T20:13:08","date_gmt":"2022-03-27T20:13:08","guid":{"rendered":"https:\/\/ntnui.no\/cheerleading\/?page_id=2652"},"modified":"2024-06-29T09:37:06","modified_gmt":"2024-06-29T09:37:06","slug":"booke-oss","status":"publish","type":"page","link":"https:\/\/ntnui.no\/cheerleading\/booke-oss\/","title":{"rendered":"Booke oss?"},"content":{"rendered":"\n<p>Har du et arrangement, event eller liknende du \u00f8nsker litt ekstra showfaktor over? Vi stiller gjerne opp s\u00e5fremt laget har tid og mulighet.<\/p>\n\n\n\n<p>Dersom du lurer p\u00e5 hva vi kan bidra med, priser og liknende, ta kontakt med <a>cheerleading-promo@ntnui.no<\/a><\/p>\n\n\n\n<div class=\"wp-block-buttons is-layout-flex wp-block-buttons-is-layout-flex\">\n<div class=\"wp-block-button\"><a class=\"wp-block-button__link has-dark-black-background-color has-background\" href=\"mailto:cheerleading-promo@ntnui.no\">Kontakt<\/a><\/div>\n<\/div>\n\n\n\n<figure class=\"wp-block-image size-large\"><img loading=\"lazy\" decoding=\"async\" width=\"1024\" height=\"662\" src=\"https:\/\/ntnui.no\/cheerleading\/wp-content\/uploads\/sites\/245\/2019\/10\/Skjermbilde-2019-10-18-kl.-09.42.58-1024x662.png\" alt=\"\" class=\"wp-image-2027\" srcset=\"https:\/\/ntnui.no\/cheerleading\/wp-content\/uploads\/sites\/245\/2019\/10\/Skjermbilde-2019-10-18-kl.-09.42.58-1024x662.png 1024w, https:\/\/ntnui.no\/cheerleading\/wp-content\/uploads\/sites\/245\/2019\/10\/Skjermbilde-2019-10-18-kl.-09.42.58-300x194.png 300w, https:\/\/ntnui.no\/cheerleading\/wp-content\/uploads\/sites\/245\/2019\/10\/Skjermbilde-2019-10-18-kl.-09.42.58-768x497.png 768w, https:\/\/ntnui.no\/cheerleading\/wp-content\/uploads\/sites\/245\/2019\/10\/Skjermbilde-2019-10-18-kl.-09.42.58-600x388.png 600w, https:\/\/ntnui.no\/cheerleading\/wp-content\/uploads\/sites\/245\/2019\/10\/Skjermbilde-2019-10-18-kl.-09.42.58.png 1290w\" sizes=\"auto, (max-width: 1024px) 100vw, 1024px\" \/><figcaption>Foto: foto.samfundet.no<\/figcaption><\/figure>\n\n\n\n<div class=\"wp-block-buttons is-layout-flex wp-block-buttons-is-layout-flex\">\n<div class=\"wp-block-button\"><a class=\"wp-block-button__link\" href=\"https:\/\/ntnui.no\/cheerleading\/apningsseremonie-studentlekene-2023\/\">\u00c5pningsseremonien til SL2023<\/a><\/div>\n<\/div>\n\n\n\n<p><\/p>\n","protected":false},"excerpt":{"rendered":"<p>Har du et arrangement, event eller liknende du \u00f8nsker litt ekstra showfaktor over? Vi stiller gjerne opp s\u00e5fremt laget har tid og mulighet. Dersom du lurer p\u00e5 hva vi kan bidra med, priser og liknende, ta kontakt med cheerleading-promo@ntnui.no<\/p>\n","protected":false},"author":349,"featured_media":2027,"parent":0,"menu_order":0,"comment_status":"closed","ping_status":"closed","template":"","meta":{"_coblocks_attr":"","_coblocks_dimensions":"","_coblocks_responsive_height":"","_coblocks_accordion_ie_support":"","_price":"","_stock":"","_tribe_ticket_header":"","_tribe_default_ticket_provider":"","_tribe_ticket_capacity":"0","_ticket_start_date":"","_ticket_end_date":"","_tribe_ticket_show_description":"","_tribe_ticket_show_not_going":false,"_tribe_ticket_use_global_stock":"","_tribe_ticket_global_stock_level":"","_global_stock_mode":"","_global_stock_cap":"","_tribe_rsvp_for_event":"","_tribe_ticket_going_count":"","_tribe_ticket_not_going_count":"","_tribe_tickets_list":[],"_tribe_ticket_has_attendee_info_fields":false,"footnotes":""},"class_list":["post-2652","page","type-page","status-publish","has-post-thumbnail","hentry"],"featured_image_src":"https:\/\/ntnui.no\/cheerleading\/wp-content\/uploads\/sites\/245\/2019\/10\/Skjermbilde-2019-10-18-kl.-09.42.58-600x400.png","featured_image_src_square":"https:\/\/ntnui.no\/cheerleading\/wp-content\/uploads\/sites\/245\/2019\/10\/Skjermbilde-2019-10-18-kl.-09.42.58-600x600.png","_links":{"self":[{"href":"https:\/\/ntnui.no\/cheerleading\/wp-json\/wp\/v2\/pages\/2652","targetHints":{"allow":["GET"]}}],"collection":[{"href":"https:\/\/ntnui.no\/cheerleading\/wp-json\/wp\/v2\/pages"}],"about":[{"href":"https:\/\/ntnui.no\/cheerleading\/wp-json\/wp\/v2\/types\/page"}],"author":[{"embeddable":true,"href":"https:\/\/ntnui.no\/cheerleading\/wp-json\/wp\/v2\/users\/349"}],"replies":[{"embeddable":true,"href":"https:\/\/ntnui.no\/cheerleading\/wp-json\/wp\/v2\/comments?post=2652"}],"version-history":[{"count":4,"href":"https:\/\/ntnui.no\/cheerleading\/wp-json\/wp\/v2\/pages\/2652\/revisions"}],"predecessor-version":[{"id":3718,"href":"https:\/\/ntnui.no\/cheerleading\/wp-json\/wp\/v2\/pages\/2652\/revisions\/3718"}],"wp:featuredmedia":[{"embeddable":true,"href":"https:\/\/ntnui.no\/cheerleading\/wp-json\/wp\/v2\/media\/2027"}],"wp:attachment":[{"href":"https:\/\/ntnui.no\/cheerleading\/wp-json\/wp\/v2\/media?parent=2652"}],"curies":[{"name":"wp","href":"https:\/\/api.w.org\/{rel}","templated":true}]}}