{"id":2632,"date":"2022-03-27T19:13:30","date_gmt":"2022-03-27T19:13:30","guid":{"rendered":"https:\/\/ntnui.no\/cheerleading\/?page_id=2632"},"modified":"2026-04-07T15:39:40","modified_gmt":"2026-04-07T15:39:40","slug":"styret","status":"publish","type":"page","link":"https:\/\/ntnui.no\/cheerleading\/styret\/","title":{"rendered":"Styret"},"content":{"rendered":"\n<p>Vi i styret har ansvar for den daglige driften av gruppa. Vi jobber i kulissene med administrativt arbeid, slik at trenerne kan fokusere p\u00e5 \u00e5 avholde gode treninger og forberede lagene sine til konkurranser.&nbsp;<\/p>\n\n\n\n<p>Som styremedlem har vi alle ansvar for:<\/p>\n\n\n\n<ul class=\"wp-block-list\">\n<li>\u00c5 ha oversikt over lover og regler som gruppa m\u00e5 f\u00f8lge<\/li>\n\n\n\n<li>Holde et \u00f8ye med sikkerhet p\u00e5 trening<\/li>\n\n\n\n<li>V\u00e6re et godt forbilde<\/li>\n<\/ul>\n\n\n\n<p>Hvis du har noe ris eller ros til styret om v\u00e5rt arbeid, treninger, eller andre saker du vil at vi skal ta opp p\u00e5 neste styrem\u00f8te. Du kan selvf\u00f8lgelig v\u00e6re anonym.<\/p>\n\n\n\n<div class=\"wp-block-buttons is-layout-flex wp-block-buttons-is-layout-flex\">\n<div class=\"wp-block-button\"><a class=\"wp-block-button__link wp-element-button\" href=\"https:\/\/docs.google.com\/forms\/d\/e\/1FAIpQLSdICeCvB14P0kcN_o6BN-ZSwpLNvBiA6qyMcrnHaT70vzeBEA\/viewform\">Send inn saker til styret her<\/a><\/div>\n<\/div>\n\n\n\n\n\n<div class=\"wp-block-media-text alignwide is-stacked-on-mobile\"><figure class=\"wp-block-media-text__media\"><img loading=\"lazy\" decoding=\"async\" width=\"843\" height=\"596\" src=\"https:\/\/ntnui.no\/cheerleading\/wp-content\/uploads\/sites\/245\/2024\/03\/Logo-cheer-1.png\" alt=\"\" class=\"wp-image-3605 size-full\" \/><\/figure><div class=\"wp-block-media-text__content\">\n<p style=\"font-size:1px\">Leder<\/p>\n\n\n\n<p class=\"has-large-font-size\"><strong>Leder<\/strong><\/p>\n\n\n\n<p>Stine Hagen L\u00e6graid<\/p>\n\n\n\n<p>Mine ansvarsomr\u00e5der er:<\/p>\n\n\n\n<ul class=\"wp-block-list\">\n<li>Lisenser<\/li>\n\n\n\n<li>Overgangss\u00f8knader<\/li>\n\n\n\n<li>Dispensasjonss\u00f8knader<\/li>\n\n\n\n<li>Innmelding av medlemmer<\/li>\n\n\n\n<li>P\u00e5melding til konkurranser<\/li>\n\n\n\n<li>S\u00f8ke om treningstider<\/li>\n\n\n\n<li>Organisering av laguttak<\/li>\n<\/ul>\n\n\n\n<p><a>cheerleading-leder@ntnui.no<\/a><\/p>\n<\/div><\/div>\n\n\n\n<div class=\"wp-block-media-text alignwide has-media-on-the-right is-stacked-on-mobile\"><div class=\"wp-block-media-text__content\">\n<p class=\"has-large-font-size\"><strong>Nestleder<\/strong> <\/p>\n\n\n\n<p>Nelly Fossum<\/p>\n\n\n\n<p>Mine ansvarsomr\u00e5der er:<\/p>\n\n\n\n<ul class=\"wp-block-list\">\n<li>Sponsorer<\/li>\n\n\n\n<li>Spond<\/li>\n\n\n\n<li>Parakontakt<\/li>\n\n\n\n<li>Antidopingsansvarlig<\/li>\n\n\n\n<li>Treneransvarlig <\/li>\n<\/ul>\n\n\n\n<p><a>cheerleading-nestleder@ntnui.no<\/a><\/p>\n<\/div><figure class=\"wp-block-media-text__media\"><img loading=\"lazy\" decoding=\"async\" width=\"4000\" height=\"5333\" src=\"https:\/\/ntnui.no\/cheerleading\/wp-content\/uploads\/sites\/245\/2026\/04\/Nelly.jpg\" alt=\"\" class=\"wp-image-4127 size-full\" \/><\/figure><\/div>\n\n\n\n<div class=\"wp-block-media-text alignwide is-stacked-on-mobile\"><figure class=\"wp-block-media-text__media\"><img loading=\"lazy\" decoding=\"async\" width=\"4000\" height=\"6000\" src=\"https:\/\/ntnui.no\/cheerleading\/wp-content\/uploads\/sites\/245\/2026\/04\/Thomas.jpg\" alt=\"\" class=\"wp-image-4126 size-full\" \/><\/figure><div class=\"wp-block-media-text__content\">\n<p class=\"has-large-font-size\"><strong>Kasserer<\/strong><\/p>\n\n\n\n<p>Thomas Vinnes<\/p>\n\n\n\n<p>Mine ansvarsomr\u00e5der er:<\/p>\n\n\n\n<ul class=\"wp-block-list\">\n<li>Gruppas budsjett<\/li>\n\n\n\n<li>F\u00f8re regnskap<\/li>\n\n\n\n<li>Kreve innbetalinger<\/li>\n\n\n\n<li>S\u00f8knader om \u00f8konomisk st\u00f8tte<\/li>\n\n\n\n<li>Reiseregninger<\/li>\n<\/ul>\n\n\n\n<p><a>cheerleading-kasserer@ntnui.no<\/a><\/p>\n<\/div><\/div>\n\n\n\n<div class=\"wp-block-media-text alignwide has-media-on-the-right is-stacked-on-mobile\"><div class=\"wp-block-media-text__content\">\n<p class=\"has-large-font-size\"><strong>Web- og informasjonsansvarlig<\/strong><\/p>\n\n\n\n<p>Hilde Sogn Haug<\/p>\n\n\n\n<p>Mine ansvarsomr\u00e5der er:<\/p>\n\n\n\n<ul class=\"wp-block-list\">\n<li>Samle inn bilder og video til promotering av gruppa<\/li>\n\n\n\n<li>YouTube-kanalen v\u00e5r<\/li>\n\n\n\n<li>Facebooksiden v\u00e5r<\/li>\n\n\n\n<li>Nettsiden<\/li>\n\n\n\n<li>GDPR<\/li>\n<\/ul>\n\n\n\n<p><a>cheerleading-it@ntnui.no<\/a><\/p>\n<\/div><figure class=\"wp-block-media-text__media\"><img loading=\"lazy\" decoding=\"async\" width=\"4000\" height=\"5333\" src=\"https:\/\/ntnui.no\/cheerleading\/wp-content\/uploads\/sites\/245\/2026\/04\/Hilde.jpg\" alt=\"\" class=\"wp-image-4129 size-full\" \/><\/figure><\/div>\n\n\n\n<div class=\"wp-block-media-text alignwide is-stacked-on-mobile\"><figure class=\"wp-block-media-text__media\"><img loading=\"lazy\" decoding=\"async\" width=\"4000\" height=\"5333\" src=\"https:\/\/ntnui.no\/cheerleading\/wp-content\/uploads\/sites\/245\/2026\/04\/Andreas.jpg\" alt=\"\" class=\"wp-image-4130 size-full\" \/><\/figure><div class=\"wp-block-media-text__content\">\n<p class=\"has-large-font-size\"><strong>Material- og reiseansvarlig <\/strong><\/p>\n\n\n\n<p>Andreas Kaslegard<\/p>\n\n\n\n<p>Mine ansvarsomr\u00e5der er:<\/p>\n\n\n\n<ul class=\"wp-block-list\">\n<li>Treningsutstyr<\/li>\n\n\n\n<li>Utl\u00e5nsutstyr<\/li>\n\n\n\n<li>Utl\u00e5nskontrakter<\/li>\n\n\n\n<li>Drakter<\/li>\n\n\n\n<li>Merch<\/li>\n\n\n\n<li>Reiseoversikt<\/li>\n\n\n\n<li>Legge frem forslag til reiseruter<\/li>\n<\/ul>\n\n\n\n<p><a>cheerleading-material@ntnui.no<\/a><\/p>\n<\/div><\/div>\n\n\n\n<div class=\"wp-block-media-text alignwide has-media-on-the-right is-stacked-on-mobile\"><div class=\"wp-block-media-text__content\">\n<p class=\"has-large-font-size\"><strong>Sosial- og dugnadsansvarlig<\/strong><\/p>\n\n\n\n<p>Martine Saltn\u00e6s<\/p>\n\n\n\n<p>Mine ansvarsomr\u00e5der er:<\/p>\n\n\n\n<ul class=\"wp-block-list\">\n<li>Leder av soskom<\/li>\n\n\n\n<li>V\u00e5r ukentlige mosjons\u00f8kt<\/li>\n\n\n\n<li>Eventuelle andre dugnader<\/li>\n\n\n\n<li>Valg av kaptein<\/li>\n<\/ul>\n\n\n\n<p><a>cheerleading-dugnad@ntnui.no<\/a><\/p>\n<\/div><figure class=\"wp-block-media-text__media\"><img loading=\"lazy\" decoding=\"async\" width=\"3696\" height=\"4928\" src=\"https:\/\/ntnui.no\/cheerleading\/wp-content\/uploads\/sites\/245\/2026\/04\/Martine.jpg\" alt=\"\" class=\"wp-image-4128 size-full\" \/><\/figure><\/div>\n\n\n\n<div class=\"wp-block-media-text alignwide is-stacked-on-mobile is-style-default\"><figure class=\"wp-block-media-text__media\"><img loading=\"lazy\" decoding=\"async\" width=\"3545\" height=\"4726\" src=\"https:\/\/ntnui.no\/cheerleading\/wp-content\/uploads\/sites\/245\/2026\/04\/Andrea.jpg\" alt=\"\" class=\"wp-image-4131 size-full\" \/><\/figure><div class=\"wp-block-media-text__content\">\n<p class=\"has-large-font-size\"><strong>Promoterings- og Rekrutteringsansvarlig<\/strong> <\/p>\n\n\n\n<p>Andrea Sunde<\/p>\n\n\n\n<p>Mine ansvarsomr\u00e5der er:<\/p>\n\n\n\n<ul class=\"wp-block-list\">\n<li>Profilering <\/li>\n\n\n\n<li>Synliggj\u00f8ring av gruppa<\/li>\n\n\n\n<li>Instagram<\/li>\n<\/ul>\n\n\n\n<ul id=\"block-097dbd3b-06cd-4033-b908-4585c967bb89\" class=\"wp-block-list\">\n<li>\u00c5 samle inn bilder og video til promotering av gruppa<\/li>\n\n\n\n<li>Rekrutteringsarrangementer ved semesterstart<\/li>\n\n\n\n<li>Eventuelle show vi bookes til<\/li>\n<\/ul>\n\n\n\n<p><a>cheerleading-promo@ntnui.no<\/a><\/p>\n<\/div><\/div>\n\n\n\n<div class=\"wp-block-group\"><div class=\"wp-block-group__inner-container is-layout-flow wp-block-group-is-layout-flow\"><\/div><\/div>\n\n\n\n<div class=\"wp-block-coblocks-accordion\">\n<div class=\"wp-block-coblocks-accordion-item\"><\/div>\n<\/div>\n","protected":false},"excerpt":{"rendered":"<p>Vi i styret har ansvar for den daglige driften av gruppa. Vi jobber i kulissene med administrativt arbeid, slik at trenerne kan fokusere p\u00e5 \u00e5 avholde gode treninger og forberede lagene sine til konkurranser.&nbsp; Som styremedlem har vi alle ansvar for: Hvis du har noe ris eller ros til styret om v\u00e5rt arbeid, treninger, eller [&hellip;]<\/p>\n","protected":false},"author":349,"featured_media":0,"parent":0,"menu_order":0,"comment_status":"closed","ping_status":"closed","template":"","meta":{"_coblocks_attr":"","_coblocks_dimensions":"","_coblocks_responsive_height":"","_coblocks_accordion_ie_support":"","_price":"","_stock":"","_tribe_ticket_header":"","_tribe_default_ticket_provider":"","_tribe_ticket_capacity":"0","_ticket_start_date":"","_ticket_end_date":"","_tribe_ticket_show_description":"","_tribe_ticket_show_not_going":false,"_tribe_ticket_use_global_stock":"","_tribe_ticket_global_stock_level":"","_global_stock_mode":"","_global_stock_cap":"","_tribe_rsvp_for_event":"","_tribe_ticket_going_count":"","_tribe_ticket_not_going_count":"","_tribe_tickets_list":[],"_tribe_ticket_has_attendee_info_fields":false,"footnotes":""},"class_list":["post-2632","page","type-page","status-publish","hentry"],"featured_image_src":null,"featured_image_src_square":null,"_links":{"self":[{"href":"https:\/\/ntnui.no\/cheerleading\/wp-json\/wp\/v2\/pages\/2632","targetHints":{"allow":["GET"]}}],"collection":[{"href":"https:\/\/ntnui.no\/cheerleading\/wp-json\/wp\/v2\/pages"}],"about":[{"href":"https:\/\/ntnui.no\/cheerleading\/wp-json\/wp\/v2\/types\/page"}],"author":[{"embeddable":true,"href":"https:\/\/ntnui.no\/cheerleading\/wp-json\/wp\/v2\/users\/349"}],"replies":[{"embeddable":true,"href":"https:\/\/ntnui.no\/cheerleading\/wp-json\/wp\/v2\/comments?post=2632"}],"version-history":[{"count":34,"href":"https:\/\/ntnui.no\/cheerleading\/wp-json\/wp\/v2\/pages\/2632\/revisions"}],"predecessor-version":[{"id":4135,"href":"https:\/\/ntnui.no\/cheerleading\/wp-json\/wp\/v2\/pages\/2632\/revisions\/4135"}],"wp:attachment":[{"href":"https:\/\/ntnui.no\/cheerleading\/wp-json\/wp\/v2\/media?parent=2632"}],"curies":[{"name":"wp","href":"https:\/\/api.w.org\/{rel}","templated":true}]}}