{"id":1637,"date":"2019-03-13T12:20:55","date_gmt":"2019-03-13T12:20:55","guid":{"rendered":"https:\/\/ntnui.no\/cheerleading\/?page_id=1637"},"modified":"2026-02-19T18:43:17","modified_gmt":"2026-02-19T18:43:17","slug":"om-ntnui-cheerleading","status":"publish","type":"page","link":"https:\/\/ntnui.no\/cheerleading\/om-ntnui-cheerleading\/","title":{"rendered":"Utstyr og merch"},"content":{"rendered":"\n<p>Vi er s\u00e5 heldige at vi har et fullt sett med uniformer som vi l\u00e5ner ut til v\u00e5re ut\u00f8vere helt gratis til bruk p\u00e5 konkurranse. Under f\u00f8lger en oversikt over utstyr man er n\u00f8dt til \u00e5 skaffe seg og ekstra merch man kan kj\u00f8pe hvis man har lyst!<\/p>\n\n\n\n<h3 class=\"wp-block-heading\">Obligatorisk utstyr jenter<\/h3>\n\n\n\n<div class=\"wp-block-coblocks-accordion\">\n<div class=\"wp-block-coblocks-accordion-item\"><details><summary class=\"wp-block-coblocks-accordion-item__title\"><strong>Sko<\/strong><\/summary><div class=\"wp-block-coblocks-accordion-item__content\">\n<p>Ut\u00f8vere p\u00e5 Orion m\u00e5 ha joggesko med hvit s\u00e5le til bruk p\u00e5 trening. <\/p>\n\n\n\n<p>Alle ut\u00f8vere p\u00e5 Cosmos og Titans m\u00e5 ha hvite sko til bruk p\u00e5 konkurranse. De som skal v\u00e6re flyere M\u00c5 ha cheersko, men for dem som er baser holder det med hvite joggesko. Alternativene er som f\u00f8lger:<\/p>\n\n\n\n<ul class=\"wp-block-list\">\n<li><strong>L\u00e5nesko<\/strong>. Vi har 13 par cheersko i diverse st\u00f8rrelser som l\u00e5nes bort etter f\u00f8lgende prioriteringsrekkef\u00f8lge:\n<ol class=\"wp-block-list\">\n<li>Utvekslingsstudenter\n<ul class=\"wp-block-list\">\n<li>Flyere f\u00f8rst, s\u00e5 turnere, s\u00e5 resten<\/li>\n<\/ul>\n<\/li>\n\n\n\n<li>Ut\u00f8vere med \u00f8konomiske vansker\n<ul class=\"wp-block-list\">\n<li>Flyere f\u00f8rst, s\u00e5 turnere, s\u00e5 resten<\/li>\n<\/ul>\n<\/li>\n\n\n\n<li>Alle andre\n<ul class=\"wp-block-list\">\n<li>Flyere f\u00f8rst, s\u00e5 turnere, s\u00e5 resten<\/li>\n<\/ul>\n<\/li>\n<\/ol>\n<\/li>\n<\/ul>\n\n\n\n<ul class=\"wp-block-list\">\n<li><strong>Nye Cheersko<\/strong> kj\u00f8pes hos <a href=\"https:\/\/athletix.no\/\" data-type=\"URL\" data-id=\"https:\/\/athletix.no\/\" target=\"_blank\" rel=\"noreferrer noopener\"><em><span style=\"text-decoration: underline\">Athletix <\/span><\/em><\/a>eller <a href=\"https:\/\/www.cheermania.no\/\" data-type=\"URL\" data-id=\"https:\/\/www.cheermania.no\/\" target=\"_blank\" rel=\"noreferrer noopener\"><em><span style=\"text-decoration: underline\">Cheermania<\/span><\/em><\/a><\/li>\n\n\n\n<li><strong>Brukte Cheersko<\/strong> kj\u00f8pes brukt p\u00e5 <a href=\"https:\/\/www.finn.no\/\" data-type=\"URL\" data-id=\"https:\/\/www.finn.no\/\" target=\"_blank\" rel=\"noreferrer noopener\"><em><span style=\"text-decoration: underline\">Finn<\/span> <\/em><\/a>eller <a href=\"https:\/\/tise.com\/?c=no&amp;\" data-type=\"URL\" data-id=\"https:\/\/tise.com\/?c=no&amp;\" target=\"_blank\" rel=\"noreferrer noopener\"><em><span style=\"text-decoration: underline\">Tise<\/span> <\/em><\/a>(s\u00f8keord: cheer, cheersko, cheerleading, nfinity, varsity)<\/li>\n\n\n\n<li><strong>Helhvite joggesko<\/strong> med hvit s\u00e5le\n<ul class=\"wp-block-list\">\n<li>Forslag 1: Kj\u00f8pes hos <span style=\"text-decoration: underline\"><em><a href=\"https:\/\/sportoutlet.no\/sko\/lop-fritid\/product\/107204?c=8193\" data-type=\"URL\" data-id=\"https:\/\/sportoutlet.no\/sko\/lop-fritid\/product\/107204?c=8193\" target=\"_blank\" rel=\"noreferrer noopener\">Sport Outlet<\/a> <\/em><\/span><\/li>\n\n\n\n<li>Forslag 2: Bestilles fra <a href=\"https:\/\/www.tights.no\/butikk\/levity-nhg-city-white\/\" data-type=\"URL\" data-id=\"https:\/\/www.tights.no\/butikk\/levity-nhg-city-white\/\" target=\"_blank\" rel=\"noreferrer noopener\"><span style=\"text-decoration: underline\"><em>Tights.no<\/em><\/span><\/a><\/li>\n\n\n\n<li>Forslag 3: Bestilles fra <a href=\"https:\/\/www.zalando.no\/pier-one-joggesko-white-pi915o022-a11.html\" data-type=\"URL\" data-id=\"https:\/\/www.zalando.no\/pier-one-joggesko-white-pi915o022-a11.html\" target=\"_blank\" rel=\"noreferrer noopener\"><em><span style=\"text-decoration: underline\">Zalando<\/span><\/em><\/a><\/li>\n<\/ul>\n<\/li>\n<\/ul>\n<\/div><\/details><\/div>\n\n\n\n<div class=\"wp-block-coblocks-accordion-item\"><details><summary class=\"wp-block-coblocks-accordion-item__title\"><strong>Undershorts<\/strong><\/summary><div class=\"wp-block-coblocks-accordion-item__content\">\n<p>Vi har veldig glatte skj\u00f8rt og alle m\u00e5 ha en egen sort undershorts til \u00e5 ha under skj\u00f8rtet i tilfelle det sklir opp.&nbsp;<\/p>\n\n\n\n<ul class=\"wp-block-list\">\n<li>Forslag 1: Kj\u00f8pes hos <a href=\"https:\/\/www2.hm.com\/no_no\/productpage.1223912001.html\" data-type=\"URL\" data-id=\"https:\/\/www2.hm.com\/no_no\/productpage.1223912001.html\" target=\"_blank\" rel=\"noreferrer noopener\"><span style=\"text-decoration: underline\"><em>H&amp;M<\/em><\/span><\/a><\/li>\n<\/ul>\n\n\n\n<ul class=\"wp-block-list\">\n<li>Forslag 2: Kj\u00f8pes hos <a href=\"https:\/\/cubus.com\/no\/p\/kort-sykkelshorts-i-bomull-svart-undertoy-boxershorts-dameklar\/7350727_F990?utm_source=google&amp;utm_medium=cpc&amp;utm_campaign=CUB_NO_GOOG_PMX_UNI_High_New&amp;gad_source=1&amp;gclid=CjwKCAjwydSzBhBOEiwAj0XN4Dc3usKlTnASLlYGSoTgNGmXmxjlAYyCpvypOwp7g2vyZN1QzRbn4xoCs08QAvD_BwE\" data-type=\"URL\" data-id=\"https:\/\/cubus.com\/no\/p\/kort-sykkelshorts-i-bomull-svart-undertoy-boxershorts-dameklar\/7350727_F990?utm_source=google&amp;utm_medium=cpc&amp;utm_campaign=CUB_NO_GOOG_PMX_UNI_High_New&amp;gad_source=1&amp;gclid=CjwKCAjwydSzBhBOEiwAj0XN4Dc3usKlTnASLlYGSoTgNGmXmxjlAYyCpvypOwp7g2vyZN1QzRbn4xoCs08QAvD_BwE\" target=\"_blank\" rel=\"noreferrer noopener\"><span style=\"text-decoration: underline\"><em>Cubus<\/em><\/span><\/a><\/li>\n<\/ul>\n<\/div><\/details><\/div>\n\n\n\n<div class=\"wp-block-coblocks-accordion-item\"><details><summary class=\"wp-block-coblocks-accordion-item__title\"><strong>Sports bh<\/strong><\/summary><div class=\"wp-block-coblocks-accordion-item__content\">\n<p>Draktoverdelen har veldig vid utringing og du m\u00e5 ha noe under som ikke synes.<\/p>\n\n\n\n<ul class=\"wp-block-list\">\n<li>Forslag low support: <a href=\"https:\/\/www2.hm.com\/no_no\/productpage.1084229001.html\" data-type=\"URL\" data-id=\"https:\/\/www2.hm.com\/no_no\/productpage.1084229001.html\" target=\"_blank\" rel=\"noreferrer noopener\"><span style=\"text-decoration: underline\"><em>Vanlig bh\/bralette<\/em><\/span><\/a><\/li>\n<\/ul>\n\n\n\n<ul class=\"wp-block-list\">\n<li>Forslag medium <a href=\"https:\/\/www2.hm.com\/no_no\/productpage.1120585017.html\" data-type=\"URL\" data-id=\"https:\/\/www2.hm.com\/no_no\/productpage.1120585017.html\" target=\"_blank\" rel=\"noreferrer noopener\"><span style=\"text-decoration: underline\"><em>support<\/em><\/span><\/a><\/li>\n<\/ul>\n\n\n\n<ul class=\"wp-block-list\">\n<li>Forslag high <a href=\"https:\/\/www2.hm.com\/no_no\/productpage.1218133001.html\" data-type=\"URL\" data-id=\"https:\/\/www2.hm.com\/no_no\/productpage.1218133001.html\" target=\"_blank\" rel=\"noreferrer noopener\"><span style=\"text-decoration: underline\"><em>support<\/em><\/span><\/a><\/li>\n<\/ul>\n\n\n\n<figure class=\"wp-block-image size-large\"><img loading=\"lazy\" decoding=\"async\" width=\"794\" height=\"673\" src=\"https:\/\/ntnui.no\/cheerleading\/wp-content\/uploads\/sites\/245\/2024\/06\/IMG_7134.jpg\" alt=\"\" class=\"wp-image-3734\" \/><\/figure>\n\n\n\n<p><\/p>\n<\/div><\/details><\/div>\n\n\n\n<div class=\"wp-block-coblocks-accordion-item\"><details><summary class=\"wp-block-coblocks-accordion-item__title\"><strong>Reisejakke<\/strong><\/summary><div class=\"wp-block-coblocks-accordion-item__content\">\n<figure class=\"wp-block-image size-large\"><img loading=\"lazy\" decoding=\"async\" width=\"808\" height=\"543\" src=\"https:\/\/ntnui.no\/cheerleading\/wp-content\/uploads\/sites\/245\/2024\/09\/image-4.png\" alt=\"\" class=\"wp-image-3871\" \/><\/figure>\n\n\n\n<p>For at vi skal f\u00e5 reisest\u00f8tte m\u00e5 alle v\u00e5re ut\u00f8vere reise i godkjent reiseantrekk.  Dette gjelder ogs\u00e5 selv om vi ikke reiser sammen. Man <strong>m\u00e5<\/strong> reise med en svart bukse og en av de to reisejakkene<\/p>\n\n\n\n<p><strong>Orion trenger ikke reiseantrekket!<\/strong><\/p>\n\n\n\n<ul class=\"wp-block-list\">\n<li>Alternativ 1: Bruke en gr\u00e5 hettejakke du har fra f\u00f8r og trykke logoer hos Intersport i Munkegata. (100 kroner)<\/li>\n\n\n\n<li>Alternativ 2: Kj\u00f8pe NTNUI Cheerleading gr\u00e5 reisejakke fra oss (250 kroner)<\/li>\n\n\n\n<li>Alternativ 3: Kj\u00f8pe NTNUIs overtrekksjakke fra <a href=\"https:\/\/www.nettbutikk.ntnui.no\/produkter\/p\/craft-overtrekksjakke\" data-type=\"URL\" data-id=\"https:\/\/www.nettbutikk.ntnui.no\/produkter\/p\/craft-overtrekksjakke\" target=\"_blank\" rel=\"noreferrer noopener\"><span style=\"text-decoration: underline\"><em>NTNUI Shoppen<\/em><\/span><\/a> (700 kroner)<\/li>\n<\/ul>\n\n\n\n<p><\/p>\n<\/div><\/details><\/div>\n\n\n\n<div class=\"wp-block-coblocks-accordion-item\"><details><summary class=\"wp-block-coblocks-accordion-item__title\"><strong>Hvite Nikesokker<\/strong><\/summary><div class=\"wp-block-coblocks-accordion-item__content\">\n<p>Ja, det m\u00e5 v\u00e6re Nike-logo.<\/p>\n\n\n\n<ul class=\"wp-block-list\">\n<li>Alternativ 1: Kj\u00f8pe 3pk hos sportsbutikk (250 kroner)<\/li>\n\n\n\n<li>Alternativ 2: Kj\u00f8pe 1 par hos oss (50 kroner)<\/li>\n<\/ul>\n<\/div><\/details><\/div>\n<\/div>\n\n\n\n<h3 class=\"wp-block-heading\">Obligatorisk utstyr gutter<\/h3>\n\n\n\n<p><\/p>\n\n\n\n<div class=\"wp-block-coblocks-accordion\">\n<div class=\"wp-block-coblocks-accordion-item\"><details><summary class=\"wp-block-coblocks-accordion-item__title\"><strong>Sko<\/strong><\/summary><div class=\"wp-block-coblocks-accordion-item__content\">\n<p><br>Ut\u00f8vere p\u00e5 Orion m\u00e5 ha joggesko med hvit s\u00e5le til bruk p\u00e5 trening.<\/p>\n\n\n\n<p>Alle ut\u00f8vere p\u00e5 Cosmos og Titans m\u00e5 ha hvite sko til bruk p\u00e5 konkurranse. De som skal v\u00e6re flyere M\u00c5 ha cheersko, men for dem som er baser holder det med hvite joggesko. Alternativene er som f\u00f8lger:<\/p>\n\n\n\n<ul id=\"block-bc4f3969-d75e-47ec-a8d3-9b9f7d35a702\" class=\"wp-block-list\">\n<li><strong>L\u00e5nesko<\/strong>. Vi har 13 par cheersko i diverse st\u00f8rrelser som l\u00e5nes bort etter f\u00f8lgende prioriteringsrekkef\u00f8lge:\n<ol class=\"wp-block-list\">\n<li>Utvekslingsstudenter\n<ul class=\"wp-block-list\">\n<li>Flyere f\u00f8rst, s\u00e5 turnere, s\u00e5 resten<\/li>\n<\/ul>\n<\/li>\n\n\n\n<li>Ut\u00f8vere med \u00f8konomiske vansker\n<ul class=\"wp-block-list\">\n<li>Flyere f\u00f8rst, s\u00e5 turnere, s\u00e5 resten<\/li>\n<\/ul>\n<\/li>\n\n\n\n<li>Alle andre\n<ul class=\"wp-block-list\">\n<li>Flyere f\u00f8rst, s\u00e5 turnere, s\u00e5 resten<\/li>\n<\/ul>\n<\/li>\n<\/ol>\n<\/li>\n<\/ul>\n\n\n\n<ul id=\"block-c851110f-292d-478e-825b-7d888a3d06dc\" class=\"wp-block-list\">\n<li><strong>Nye Cheersko<\/strong> kj\u00f8pes hos <span style=\"text-decoration: underline\"><em><a href=\"https:\/\/athletix.no\/\" target=\"_blank\" rel=\"noreferrer noopener\">Athletix <\/a><\/em><\/span>eller <a href=\"https:\/\/www.cheermania.no\/\" target=\"_blank\" rel=\"noreferrer noopener\"><span style=\"text-decoration: underline\"><em>Cheermania<\/em><\/span><\/a><\/li>\n\n\n\n<li><strong>Brukte Cheersko<\/strong> kj\u00f8pes brukt p\u00e5 <a href=\"https:\/\/www.finn.no\/\" target=\"_blank\" rel=\"noreferrer noopener\"><span style=\"text-decoration: underline\"><em>Finn <\/em><\/span><\/a>eller <a href=\"https:\/\/tise.com\/?c=no&amp;\" target=\"_blank\" rel=\"noreferrer noopener\"><span style=\"text-decoration: underline\"><em>Tise <\/em><\/span><\/a>(s\u00f8keord: cheer, cheersko, cheerleading, nfinity, varsity)<\/li>\n\n\n\n<li><strong>Helhvite joggesko<\/strong> med hvit s\u00e5le\n<ul class=\"wp-block-list\">\n<li>Forslag 1: Kj\u00f8pes hos <a href=\"https:\/\/sportoutlet.no\/sko\/lop-fritid\/product\/107204?c=8193\" target=\"_blank\" rel=\"noreferrer noopener\"><span style=\"text-decoration: underline\"><em>Sport Outlet<\/em><\/span><\/a><\/li>\n\n\n\n<li>Forslag 2: Bestilles fra <a href=\"https:\/\/www.tights.no\/butikk\/levity-nhg-city-white\/\" target=\"_blank\" rel=\"noreferrer noopener\"><span style=\"text-decoration: underline\"><em>Tights.no<\/em><\/span><\/a><\/li>\n\n\n\n<li>Forslag 3: Bestilles fra <a href=\"https:\/\/www.zalando.no\/pier-one-joggesko-white-pi915o022-a11.html\" target=\"_blank\" rel=\"noreferrer noopener\"><span style=\"text-decoration: underline\"><em>Zalando<\/em><\/span><\/a><\/li>\n<\/ul>\n<\/li>\n<\/ul>\n<\/div><\/details><\/div>\n\n\n\n<div class=\"wp-block-coblocks-accordion-item\"><details><summary class=\"wp-block-coblocks-accordion-item__title\"><strong>Sort shorts<\/strong><\/summary><div class=\"wp-block-coblocks-accordion-item__content\">\n<ul id=\"block-8295824c-2406-4727-941b-78fa184c34fa\" class=\"wp-block-list\">\n<li>Alternativ 1: Bruke en sort shorts du har fra f\u00f8r<\/li>\n\n\n\n<li>Alternativ 2: Kj\u00f8pe shorts i <a href=\"https:\/\/www.nettbutikk.ntnui.no\/produkter\/p\/craft-shorts\" target=\"_blank\" rel=\"noreferrer noopener\"><span style=\"text-decoration: underline\"><em>NTNUI Shoppen<\/em><\/span><\/a><\/li>\n\n\n\n<li>Alternativ 3: L\u00e5ne fra oss<\/li>\n<\/ul>\n<\/div><\/details><\/div>\n\n\n\n<div class=\"wp-block-coblocks-accordion-item\"><details><summary class=\"wp-block-coblocks-accordion-item__title\"><strong>Reisejakke<\/strong><\/summary><div class=\"wp-block-coblocks-accordion-item__content\">\n<figure class=\"wp-block-image size-large\"><img loading=\"lazy\" decoding=\"async\" width=\"808\" height=\"543\" src=\"https:\/\/ntnui.no\/cheerleading\/wp-content\/uploads\/sites\/245\/2024\/09\/image-5.png\" alt=\"\" class=\"wp-image-3872\" \/><\/figure>\n\n\n\n<p>For at vi skal f\u00e5 reisest\u00f8tte m\u00e5 alle v\u00e5re ut\u00f8vere reise i godkjent reiseantrekk. Dette gjelder ogs\u00e5 selv om vi ikke reiser sammen. Man <strong>m\u00e5<\/strong> reise med en svart bukse og en av de to reisejakkene<\/p>\n\n\n\n<p><strong>Orion trenger ikke reiseantrekket!<\/strong><\/p>\n\n\n\n<ul id=\"block-3401f6ea-60c0-4f3e-840e-2d36bab5fa39\" class=\"wp-block-list\">\n<li>Alternativ 1: Bruke en gr\u00e5 hettejakke du har fra f\u00f8r og trykke logoer hos Intersport i Munkegata. (100 kroner)<\/li>\n\n\n\n<li>Alternativ 2: Kj\u00f8pe NTNUI Cheerleading gr\u00e5 reisejakke fra oss (250 kroner)<\/li>\n\n\n\n<li>Alternativ 3: Kj\u00f8pe NTNUIs overtrekksjakke fra <a href=\"https:\/\/www.nettbutikk.ntnui.no\/produkter\/p\/craft-overtrekksjakke\" target=\"_blank\" rel=\"noreferrer noopener\"><span style=\"text-decoration: underline\"><em>NTNUI Shoppen<\/em><\/span><\/a> (700 kroner<\/li>\n<\/ul>\n<\/div><\/details><\/div>\n\n\n\n<div class=\"wp-block-coblocks-accordion-item\"><details><summary class=\"wp-block-coblocks-accordion-item__title\"><strong>Hvite Nikesokker<\/strong><\/summary><div class=\"wp-block-coblocks-accordion-item__content\">\n<p>Ja, det m\u00e5 v\u00e6re Nike-logo.<\/p>\n\n\n\n<ul id=\"block-5b118f52-c757-4194-8af6-50e87a4644f9\" class=\"wp-block-list\">\n<li>Alternativ 1: Kj\u00f8pe 3pk hos sportsbutikk (250 kroner)<\/li>\n\n\n\n<li>Alternativ 2: Kj\u00f8pe 1 par hos oss (50 kroner)<\/li>\n<\/ul>\n<\/div><\/details><\/div>\n<\/div>\n\n\n\n<p style=\"font-size:30px\"><strong>Ekstra merch<\/strong> <\/p>\n\n\n\n<p>Vi har et fint utvalg av klubbkl\u00e6r alle kan kj\u00f8pe. Klikk deg inn p\u00e5 de ulike plaggene for \u00e5 bestille. P\u00e5 grunn av strenge retningslinjer fra NTNUI m\u00e5 all ny merch med logo eller \u201cNTNUI\u201d skrevet p\u00e5 godkjennes av materialansvarlig f\u00f8r trykk.  Har du \u00f8nsker om ny merch tar <strong>materialansvarlig<\/strong> gjerne imot forslag! Send mail til cheerleading-material@ntnui.no om du har ide om ny merch<\/p>\n\n\n\n<p><b>OBS!!- Det er ikke lov med noe ekstra tekst enn det som er p\u00e5 bildene her<\/b><\/p>\n\n\n\n<div class=\"wp-block-media-text alignwide is-stacked-on-mobile\"><figure class=\"wp-block-media-text__media\"><img loading=\"lazy\" decoding=\"async\" width=\"900\" height=\"572\" src=\"https:\/\/ntnui.no\/cheerleading\/wp-content\/uploads\/sites\/245\/2024\/12\/image.png\" alt=\"\" class=\"wp-image-3905 size-full\" \/><\/figure><div class=\"wp-block-media-text__content\">\n<p class=\"has-large-font-size\"><a rel=\"noreferrer noopener\" href=\"https:\/\/happycheerbows.no\/produkt\/sko\/ntnui-titans\/ntnui-klubb-t-skjorte\" data-type=\"URL\" data-id=\"https:\/\/happycheerbows.no\/produkt\/sko\/ntnui-titans\/ntnui-klubb-t-skjorte\" target=\"_blank\"><span style=\"text-decoration: underline\"><strong>NTNUI klubb bomull t-skjorte<\/strong><\/span><\/a><\/p>\n\n\n\n<p>F\u00e5s i glitter eller vanlig trykk<\/p>\n<\/div><\/div>\n\n\n\n<div class=\"wp-block-media-text alignwide has-media-on-the-right is-stacked-on-mobile\"><div class=\"wp-block-media-text__content\">\n<p class=\"has-large-font-size\"><a rel=\"noreferrer noopener\" href=\"https:\/\/happycheerbows.no\/produkt\/sko\/ntnui-titans\/ntnui-teknisk-klubb-tskjorte\" data-type=\"URL\" data-id=\"https:\/\/happycheerbows.no\/produkt\/sko\/ntnui-titans\/ntnui-teknisk-klubb-tskjorte\" target=\"_blank\"><span style=\"text-decoration: underline\"><strong>NTNUI klubb teknisk t-skjorte<\/strong><\/span><\/a><\/p>\n\n\n\n<p>F\u00e5s i glitter eller vanlig trykk<\/p>\n<\/div><figure class=\"wp-block-media-text__media\"><img loading=\"lazy\" decoding=\"async\" width=\"912\" height=\"604\" src=\"https:\/\/ntnui.no\/cheerleading\/wp-content\/uploads\/sites\/245\/2024\/12\/image-1.png\" alt=\"\" class=\"wp-image-3907 size-full\" \/><\/figure><\/div>\n\n\n\n<div class=\"wp-block-media-text alignwide has-media-on-the-right is-stacked-on-mobile\"><div class=\"wp-block-media-text__content\">\n<p class=\"has-large-font-size\"><strong><a rel=\"noreferrer noopener\" href=\"https:\/\/happycheerbows.no\/produkt\/sko\/ntnui-titans\/ntnui-svart-t-skjorte-cosmos\" target=\"_blank\"><span style=\"text-decoration: underline\">NTNUI Cosmos t-skjorte<\/span><\/a><\/strong><\/p>\n\n\n\n<p>Pris: 249kr<\/p>\n\n\n\n<p>F\u00e5s i glitter eller vanlig trykk<\/p>\n\n\n\n<p><\/p>\n<\/div><figure class=\"wp-block-media-text__media\"><img loading=\"lazy\" decoding=\"async\" width=\"584\" height=\"747\" src=\"https:\/\/ntnui.no\/cheerleading\/wp-content\/uploads\/sites\/245\/2024\/09\/image-1.png\" alt=\"\" class=\"wp-image-3875 size-full\" \/><\/figure><\/div>\n\n\n\n<div class=\"wp-block-media-text alignwide is-stacked-on-mobile\"><figure class=\"wp-block-media-text__media\"><img loading=\"lazy\" decoding=\"async\" width=\"555\" height=\"724\" src=\"https:\/\/ntnui.no\/cheerleading\/wp-content\/uploads\/sites\/245\/2024\/09\/image-6.png\" alt=\"\" class=\"wp-image-3876 size-full\" \/><\/figure><div class=\"wp-block-media-text__content\">\n<p class=\"has-large-font-size\"><strong><a rel=\"noreferrer noopener\" href=\"https:\/\/happycheerbows.no\/produkt\/sko\/ntnui-titans\/ntnui-klubb-t-shirts\" target=\"_blank\"><span style=\"text-decoration: underline\">NTNUI Titans t-skjorte<\/span><\/a><\/strong><\/p>\n\n\n\n<p>Pris: 249kr<\/p>\n\n\n\n<p>F\u00e5s i glitter eller vanlig trykk<\/p>\n\n\n\n<p><\/p>\n\n\n\n<p><\/p>\n<\/div><\/div>\n\n\n\n<div class=\"wp-block-media-text alignwide is-stacked-on-mobile is-style-default\" style=\"grid-template-columns:45% auto\"><figure class=\"wp-block-media-text__media\"><a href=\"https:\/\/www.printly.no\/collections\/ntnui-cheer\"><img loading=\"lazy\" decoding=\"async\" width=\"1112\" height=\"1014\" src=\"https:\/\/ntnui.no\/cheerleading\/wp-content\/uploads\/sites\/245\/2021\/10\/243568668_967064120741240_6484670801309757524_n.png\" alt=\"\" class=\"wp-image-2500\" \/><\/a><\/figure><div class=\"wp-block-media-text__content\">\n\n<p class=\"has-large-font-size\"><strong><span style=\"text-decoration: underline\"><a href=\"https:\/\/www.printly.no\/collections\/ntnui-cheer\" data-type=\"URL\" data-id=\"https:\/\/www.printly.no\/collections\/ntnui-cheer\">College-genser<\/a> <\/span><\/strong><\/p>\n\n\n<p class=\"has-large-font-size\">Pris: 250kr <\/p>\n\n\n<p class=\"has-large-font-size\">F\u00e5s kun med vanlig trykk. Genseren er unisex, s\u00e5 sjekk st\u00f8rrelsesguiden f\u00f8r du bestiller.<\/p>\n\n<\/div><\/div>\n\n\n\n<div class=\"wp-block-media-text alignwide is-stacked-on-mobile\"><figure class=\"wp-block-media-text__media\"><a href=\"https:\/\/happycheerbows.no\/produkt\/sko\/ntnui-titans\/jersey-ntnui\"><img loading=\"lazy\" decoding=\"async\" width=\"1000\" height=\"899\" src=\"https:\/\/ntnui.no\/cheerleading\/wp-content\/uploads\/sites\/245\/2023\/02\/3bd69619d106f03156eec0fd560e23a8-image.jpeg\" alt=\"\" class=\"wp-image-3247 size-full\" \/><\/a><\/figure><div class=\"wp-block-media-text__content\">\n<p class=\"has-large-font-size\"><a href=\"https:\/\/happycheerbows.no\/produkt\/sko\/ntnui-titans\/jersey-ntnui\" data-type=\"URL\" data-id=\"https:\/\/happycheerbows.no\/produkt\/sko\/ntnui-titans\/jersey-ntnui\"><span style=\"text-decoration: underline\"><strong>NTNUI<\/strong> <strong>Jersey<\/strong><\/span><\/a><\/p>\n\n\n\n<p style=\"font-size:22px\">Pris: 599 kr<\/p>\n\n\n\n<p style=\"font-size:22px\">Genseren kan kj\u00f8pes i glitter eller vanlig trykk. <\/p>\n\n\n\n<p><\/p>\n<\/div><\/div>\n\n\n\n<div class=\"wp-block-media-text alignwide is-stacked-on-mobile\" style=\"grid-template-columns:42% auto\"><figure class=\"wp-block-media-text__media\"><a href=\"https:\/\/happycheerbows.no\/produkt\/sko\/ntnui-titans\/jersey-ntnui\"><img loading=\"lazy\" decoding=\"async\" width=\"465\" height=\"732\" src=\"https:\/\/ntnui.no\/cheerleading\/wp-content\/uploads\/sites\/245\/2024\/09\/image-7.png\" alt=\"\" class=\"wp-image-3877\" \/><\/a><\/figure><div class=\"wp-block-media-text__content\">\n\n<p class=\"has-large-font-size\"><a rel=\"noreferrer noopener\" href=\"https:\/\/happycheerbows.no\/produkt\/sko\/ntnui-titans\/ntnui-jerseybukse\" target=\"_blank\"><span style=\"text-decoration: underline\"><strong>NTNUI<\/strong> <strong>Bukse<\/strong><\/span><\/a><\/p>\n\n\n<p>Pris: 489 kr<\/p>\n\n\n<p>F\u00e5s i glitter eller vanlig trykk<\/p>\n\n\n<p><\/p>\n\n<\/div><\/div>\n\n\n\n<div class=\"wp-block-media-text alignwide is-stacked-on-mobile is-style-default\" style=\"grid-template-columns:42% auto\"><figure class=\"wp-block-media-text__media\"><a href=\"https:\/\/happycheerbows.no\/butikk\/sko\/ntnui-titans\"><img loading=\"lazy\" decoding=\"async\" width=\"635\" height=\"731\" src=\"https:\/\/ntnui.no\/cheerleading\/wp-content\/uploads\/sites\/245\/2024\/09\/image-8.png\" alt=\"\" class=\"wp-image-3878 size-full\" \/><\/a><\/figure><div class=\"wp-block-media-text__content\">\n<p class=\"has-large-font-size\"><strong><a rel=\"noreferrer noopener\" href=\"https:\/\/happycheerbows.no\/produkt\/sko\/ntnui-titans\/ntnui-gympose\" target=\"_blank\"><span style=\"text-decoration: underline\">NTNUI Gymbag<\/span><\/a><\/strong><\/p>\n\n\n\n<p>Pris: 289 kr<\/p>\n\n\n\n<p>F\u00e5s i glitter eller vanlig trykk<\/p>\n<\/div><\/div>\n\n\n\n<div class=\"wp-block-media-text alignwide has-media-on-the-right is-stacked-on-mobile is-style-default\" style=\"grid-template-columns:auto 42%\"><div class=\"wp-block-media-text__content\">\n<p class=\"has-large-font-size\"><strong><span style=\"text-decoration: underline\"><a href=\"https:\/\/happycheerbows.no\/produkt\/sko\/ntnui-titans\/sekk-ntnui\" data-type=\"URL\" data-id=\"https:\/\/happycheerbows.no\/produkt\/sko\/ntnui-titans\/sekk-ntnui\" target=\"_blank\" rel=\"noreferrer noopener\">NTNUI Sekk<\/a><\/span><\/strong><\/p>\n\n\n\n<p>F\u00e5s i glitter eller vanlig trykk<\/p>\n<\/div><figure class=\"wp-block-media-text__media\"><a href=\"https:\/\/happycheerbows.no\/butikk\/sko\/ntnui-titans\"><img loading=\"lazy\" decoding=\"async\" width=\"544\" height=\"684\" src=\"https:\/\/ntnui.no\/cheerleading\/wp-content\/uploads\/sites\/245\/2024\/09\/image-11.png\" alt=\"\" class=\"wp-image-3892 size-full\" \/><\/a><\/figure><\/div>\n\n\n\n<div class=\"wp-block-media-text alignwide is-stacked-on-mobile is-style-default\" style=\"grid-template-columns:42% auto\"><figure class=\"wp-block-media-text__media\"><a href=\"https:\/\/happycheerbows.no\/butikk\/sko\/ntnui-titans\"><img loading=\"lazy\" decoding=\"async\" width=\"684\" height=\"775\" src=\"https:\/\/ntnui.no\/cheerleading\/wp-content\/uploads\/sites\/245\/2025\/10\/image.png\" alt=\"\" class=\"wp-image-4040 size-full\" \/><\/a><\/figure><div class=\"wp-block-media-text__content\">\n<p class=\"has-large-font-size\"><strong><span style=\"text-decoration: underline\"><a href=\"https:\/\/happycheerbows.no\/produkt\/sko\/ntnui-titans\/ntnui-slimjakke\">NTNUI S<\/a><\/span><span style=\"text-decoration: underline\"><a href=\"https:\/\/happycheerbows.no\/produkt\/sko\/ntnui-titans\/ntnui-slimjakke\">limjakke<\/a><\/span><\/strong><\/p>\n\n\n\n<p>F\u00e5s bare med glitter og rhinestones<\/p>\n<\/div><\/div>\n","protected":false},"excerpt":{"rendered":"<p>Vi er s\u00e5 heldige at vi har et fullt sett med uniformer som vi l\u00e5ner ut til v\u00e5re ut\u00f8vere helt gratis til bruk p\u00e5 konkurranse. Under f\u00f8lger en oversikt over utstyr man er n\u00f8dt til \u00e5 skaffe seg og ekstra merch man kan kj\u00f8pe hvis man har lyst! Obligatorisk utstyr jenter Obligatorisk utstyr gutter Ekstra [&hellip;]<\/p>\n","protected":false},"author":126,"featured_media":0,"parent":0,"menu_order":0,"comment_status":"closed","ping_status":"closed","template":"","meta":{"_coblocks_attr":"","_coblocks_dimensions":"","_coblocks_responsive_height":"","_coblocks_accordion_ie_support":"","_price":"","_stock":"","_tribe_ticket_header":"","_tribe_default_ticket_provider":"","_tribe_ticket_capacity":"0","_ticket_start_date":"","_ticket_end_date":"","_tribe_ticket_show_description":"","_tribe_ticket_show_not_going":false,"_tribe_ticket_use_global_stock":"","_tribe_ticket_global_stock_level":"","_global_stock_mode":"","_global_stock_cap":"","_tribe_rsvp_for_event":"","_tribe_ticket_going_count":"","_tribe_ticket_not_going_count":"","_tribe_tickets_list":[],"_tribe_ticket_has_attendee_info_fields":false,"footnotes":""},"class_list":["post-1637","page","type-page","status-publish","hentry"],"featured_image_src":null,"featured_image_src_square":null,"_links":{"self":[{"href":"https:\/\/ntnui.no\/cheerleading\/wp-json\/wp\/v2\/pages\/1637","targetHints":{"allow":["GET"]}}],"collection":[{"href":"https:\/\/ntnui.no\/cheerleading\/wp-json\/wp\/v2\/pages"}],"about":[{"href":"https:\/\/ntnui.no\/cheerleading\/wp-json\/wp\/v2\/types\/page"}],"author":[{"embeddable":true,"href":"https:\/\/ntnui.no\/cheerleading\/wp-json\/wp\/v2\/users\/126"}],"replies":[{"embeddable":true,"href":"https:\/\/ntnui.no\/cheerleading\/wp-json\/wp\/v2\/comments?post=1637"}],"version-history":[{"count":57,"href":"https:\/\/ntnui.no\/cheerleading\/wp-json\/wp\/v2\/pages\/1637\/revisions"}],"predecessor-version":[{"id":4089,"href":"https:\/\/ntnui.no\/cheerleading\/wp-json\/wp\/v2\/pages\/1637\/revisions\/4089"}],"wp:attachment":[{"href":"https:\/\/ntnui.no\/cheerleading\/wp-json\/wp\/v2\/media?parent=1637"}],"curies":[{"name":"wp","href":"https:\/\/api.w.org\/{rel}","templated":true}]}}