{"id":1623,"date":"2019-03-13T12:15:06","date_gmt":"2019-03-13T12:15:06","guid":{"rendered":"https:\/\/ntnui.no\/cheerleading\/?page_id=1623"},"modified":"2026-02-27T08:59:20","modified_gmt":"2026-02-27T08:59:20","slug":"1623-2","status":"publish","type":"page","link":"https:\/\/ntnui.no\/cheerleading\/","title":{"rendered":""},"content":{"rendered":"\n<div class=\"wp-block-cover alignfull has-custom-content-position is-position-bottom-center is-light is-style-default\" style=\"min-height:611px;aspect-ratio:unset;\"><span aria-hidden=\"true\" class=\"wp-block-cover__background has-background-dim-0 has-background-dim\"><\/span><img loading=\"lazy\" decoding=\"async\" width=\"5324\" height=\"3076\" class=\"wp-block-cover__image-background wp-image-3919\" alt=\"\" src=\"https:\/\/ntnui.no\/cheerleading\/wp-content\/uploads\/sites\/245\/2025\/02\/2024-12-05_Pernille-S-Osmundsen-64.jpg\" data-object-fit=\"cover\" \/><div class=\"wp-block-cover__inner-container is-layout-flow wp-block-cover-is-layout-flow\">\n<p class=\"has-text-align-center has-large-font-size\"><\/p>\n<\/div><\/div>\n\n\n\n<p class=\"has-text-align-right\" style=\"font-size:10px\">Foto: Pernille S. Osmundsen\/NTNUI (CC BY 4.0)<\/p>\n\n\n\n<p>Velkommen til NTNUI Cheerleading! Vi er en gruppe med to konkurrerende breddelag, ett for nybegynnere og ett for de med mer erfaring. Vi har ogs\u00e5 ett ikke konkurrerende lag for de som \u00f8nsker \u00e5 pr\u00f8ve cheerleading. P\u00e5 denne nettsiden finner du informasjon for deg som \u00f8nsker \u00e5 begynne hos oss og for v\u00e5re ut\u00f8vere. Videre har vi ogs\u00e5 informasjon om gruppa.<\/p>\n\n\n\n<div class=\"wp-block-media-text alignwide is-stacked-on-mobile\"><figure class=\"wp-block-media-text__media\"><img loading=\"lazy\" decoding=\"async\" width=\"640\" height=\"960\" src=\"https:\/\/ntnui.no\/cheerleading\/wp-content\/uploads\/sites\/245\/2023\/08\/scorpion-cheer.jpg\" alt=\"\" class=\"wp-image-3401 size-full\" \/><\/figure><div class=\"wp-block-media-text__content\">\n<p class=\"has-large-font-size\"><strong>Vil du bli myk?<\/strong><\/p>\n\n\n\n<p class=\"has-large-font-size\">Vi holder \u00e5pen trening for alle studenter hver Fredag kl, 16:00-17:00  og S\u00f8ndag 13:00 &#8211; 14:00 i Sal 4 p\u00e5 Sit Gl\u00f8shaugen. \u00d8kten g\u00e5r ut p\u00e5 dynamisk og statisk t\u00f8ying.<\/p>\n\n\n\n<p class=\"has-large-font-size\">Man melder seg p\u00e5 via bookingen til Sit. Du kan f\u00f8lge denne <a href=\"https:\/\/www.sit.no\/trening\/booking\" data-type=\"URL\" data-id=\"https:\/\/www.sit.no\/trening\/booking\" target=\"_blank\" rel=\"noreferrer noopener\"><span style=\"text-decoration: underline\">linken<\/span><\/a><\/p>\n\n\n\n<div class=\"wp-block-buttons is-layout-flex wp-block-buttons-is-layout-flex\">\n<div class=\"wp-block-button\"><a class=\"wp-block-button__link wp-element-button\" href=\"https:\/\/link.mazemap.com\/aLpQrSqg\" target=\"_blank\" rel=\"noreferrer noopener\">Mazemap<\/a><\/div>\n<\/div>\n<\/div><\/div>\n\n\n\n\n\n<div class=\"wp-block-blockgallery-carousel\"><div class=\"is-cropped blockgallery has-no-alignment has-caption-style-dark has-horizontal-gutter\"><div class=\"has-carousel has-carousel-lrg\" style=\"height:400px\" data-flickity=\"{&quot;autoPlay&quot;:false,&quot;draggable&quot;:true,&quot;pageDots&quot;:false,&quot;prevNextButtons&quot;:true,&quot;wrapAround&quot;:true,&quot;arrowShape&quot;:{&quot;x0&quot;:10,&quot;x1&quot;:60,&quot;y1&quot;:50,&quot;x2&quot;:65,&quot;y2&quot;:45,&quot;x3&quot;:20}}\"><div class=\"blockgallery--item\"><figure class=\"blockgallery--figure has-margin-left-5 has-margin-left-mobile-5 has-margin-right-5 has-margin-right-mobile-5\"><img loading=\"lazy\" decoding=\"async\" width=\"1280\" height=\"853\" src=\"https:\/\/ntnui.no\/cheerleading\/wp-content\/uploads\/sites\/245\/2023\/02\/2023-02-23_LeonieRicharz_SL23_AAS-18-Stor.png\" alt=\"\" data-id=\"3261\" data-link=\"https:\/\/ntnui.no\/cheerleading\/apningsseremonie-studentlekene-2023\/2023-02-23_leoniericharz_sl23_aas-18-stor\/\" class=\"wp-image-3261\" \/><\/figure><\/div><div class=\"blockgallery--item\"><figure class=\"blockgallery--figure has-margin-left-5 has-margin-left-mobile-5 has-margin-right-5 has-margin-right-mobile-5\"><img loading=\"lazy\" decoding=\"async\" width=\"960\" height=\"1280\" src=\"https:\/\/ntnui.no\/cheerleading\/wp-content\/uploads\/sites\/245\/2023\/02\/2023-02-23_LeonieRicharz_SL23_AAS-16-Stor.png\" alt=\"\" data-id=\"3259\" data-link=\"https:\/\/ntnui.no\/cheerleading\/apningsseremonie-studentlekene-2023\/2023-02-23_leoniericharz_sl23_aas-16-stor\/\" class=\"wp-image-3259\" \/><\/figure><\/div><div class=\"blockgallery--item\"><figure class=\"blockgallery--figure has-margin-left-5 has-margin-left-mobile-5 has-margin-right-5 has-margin-right-mobile-5\"><img loading=\"lazy\" decoding=\"async\" width=\"1024\" height=\"1024\" src=\"https:\/\/ntnui.no\/cheerleading\/wp-content\/uploads\/sites\/245\/2020\/09\/32-AF7A2437-1024x1024.jpg\" alt=\"\" data-id=\"2319\" data-link=\"https:\/\/ntnui.no\/cheerleading\/1623-2\/32-af7a2437\/\" class=\"wp-image-2319\" srcset=\"https:\/\/ntnui.no\/cheerleading\/wp-content\/uploads\/sites\/245\/2020\/09\/32-AF7A2437-1024x1024.jpg 1024w, https:\/\/ntnui.no\/cheerleading\/wp-content\/uploads\/sites\/245\/2020\/09\/32-AF7A2437-300x300.jpg 300w, https:\/\/ntnui.no\/cheerleading\/wp-content\/uploads\/sites\/245\/2020\/09\/32-AF7A2437-150x150.jpg 150w, https:\/\/ntnui.no\/cheerleading\/wp-content\/uploads\/sites\/245\/2020\/09\/32-AF7A2437-768x768.jpg 768w, https:\/\/ntnui.no\/cheerleading\/wp-content\/uploads\/sites\/245\/2020\/09\/32-AF7A2437-600x600.jpg 600w, https:\/\/ntnui.no\/cheerleading\/wp-content\/uploads\/sites\/245\/2020\/09\/32-AF7A2437-100x100.jpg 100w, https:\/\/ntnui.no\/cheerleading\/wp-content\/uploads\/sites\/245\/2020\/09\/32-AF7A2437.jpg 1349w\" sizes=\"auto, (max-width: 1024px) 100vw, 1024px\" \/><\/figure><\/div><div class=\"blockgallery--item\"><figure class=\"blockgallery--figure has-margin-left-5 has-margin-left-mobile-5 has-margin-right-5 has-margin-right-mobile-5\"><img loading=\"lazy\" decoding=\"async\" width=\"1024\" height=\"768\" src=\"https:\/\/ntnui.no\/cheerleading\/wp-content\/uploads\/sites\/245\/2019\/04\/OI001268-1024x768.jpg\" alt=\"\" data-id=\"1866\" data-link=\"https:\/\/ntnui.no\/cheerleading\/bildedryss-fra-norwegian-cheer-league-2019\/oi001268\/\" class=\"wp-image-1866\" srcset=\"https:\/\/ntnui.no\/cheerleading\/wp-content\/uploads\/sites\/245\/2019\/04\/OI001268-1024x768.jpg 1024w, https:\/\/ntnui.no\/cheerleading\/wp-content\/uploads\/sites\/245\/2019\/04\/OI001268-300x225.jpg 300w, https:\/\/ntnui.no\/cheerleading\/wp-content\/uploads\/sites\/245\/2019\/04\/OI001268-768x576.jpg 768w, https:\/\/ntnui.no\/cheerleading\/wp-content\/uploads\/sites\/245\/2019\/04\/OI001268-1736x1302.jpg 1736w, https:\/\/ntnui.no\/cheerleading\/wp-content\/uploads\/sites\/245\/2019\/04\/OI001268-600x450.jpg 600w, https:\/\/ntnui.no\/cheerleading\/wp-content\/uploads\/sites\/245\/2019\/04\/OI001268.jpg 2048w\" sizes=\"auto, (max-width: 1024px) 100vw, 1024px\" \/><\/figure><\/div><div class=\"blockgallery--item\"><figure class=\"blockgallery--figure has-margin-left-5 has-margin-left-mobile-5 has-margin-right-5 has-margin-right-mobile-5\"><img loading=\"lazy\" decoding=\"async\" width=\"1463\" height=\"2048\" src=\"https:\/\/ntnui.no\/cheerleading\/wp-content\/uploads\/sites\/245\/2022\/06\/i-wJhVMfB-X4.jpg\" alt=\"\" data-id=\"2899\" data-link=\"https:\/\/ntnui.no\/cheerleading\/i-wjhvmfb-x4\/\" class=\"wp-image-2899\" \/><\/figure><\/div><div class=\"blockgallery--item\"><figure class=\"blockgallery--figure has-margin-left-5 has-margin-left-mobile-5 has-margin-right-5 has-margin-right-mobile-5\"><img loading=\"lazy\" decoding=\"async\" width=\"4505\" height=\"3379\" src=\"https:\/\/ntnui.no\/cheerleading\/wp-content\/uploads\/sites\/245\/2023\/04\/2023-03-16_JohanneNyutstumoen_CGP-31.jpg\" alt=\"\" data-id=\"3346\" data-link=\"https:\/\/ntnui.no\/cheerleading\/1623-2\/2023-03-16_johannenyutstumoen_cgp-31\/\" class=\"wp-image-3346\" \/><\/figure><\/div><div class=\"blockgallery--item\"><figure class=\"blockgallery--figure has-margin-left-5 has-margin-left-mobile-5 has-margin-right-5 has-margin-right-mobile-5\"><img loading=\"lazy\" decoding=\"async\" width=\"4066\" height=\"2711\" src=\"https:\/\/ntnui.no\/cheerleading\/wp-content\/uploads\/sites\/245\/2023\/04\/2023-03-16_LeonieRicharz_CGP-90.jpg\" alt=\"\" data-id=\"3347\" data-link=\"https:\/\/ntnui.no\/cheerleading\/1623-2\/2023-03-16_leoniericharz_cgp-90\/\" class=\"wp-image-3347\" \/><\/figure><\/div><div class=\"blockgallery--item\"><figure class=\"blockgallery--figure has-margin-left-5 has-margin-left-mobile-5 has-margin-right-5 has-margin-right-mobile-5\"><img loading=\"lazy\" decoding=\"async\" width=\"4997\" height=\"2811\" src=\"https:\/\/ntnui.no\/cheerleading\/wp-content\/uploads\/sites\/245\/2023\/04\/2023-03-16_JohanneNyutstumoen_CGP-53.jpg\" alt=\"\" data-id=\"3348\" data-link=\"https:\/\/ntnui.no\/cheerleading\/1623-2\/2023-03-16_johannenyutstumoen_cgp-53\/\" class=\"wp-image-3348\" \/><\/figure><\/div><\/div><\/div><\/div>\n\n\n\n<div id=\"sb_instagram\"  class=\"sbi sbi_mob_col_1 sbi_tab_col_2 sbi_col_4 sbi_width_resp\" style=\"padding-bottom: 12px;width: 100%;\" data-feedid=\"sbi_#20\"  data-res=\"auto\" data-cols=\"4\" data-colsmobile=\"1\" data-colstablet=\"2\" data-num=\"20\" data-nummobile=\"\" data-item-padding=\"6\" data-shortcode-atts=\"{}\"  data-postid=\"1623\" data-locatornonce=\"8042843821\" data-imageaspectratio=\"1:1\" data-sbi-flags=\"favorLocal\">\n\t\n    <div id=\"sbi_images\"  style=\"gap: 12px;\">\n\t\t    <\/div>\n\n\t<div id=\"sbi_load\" >\n\n\t\n\t\n<\/div>\n\n\t    <span class=\"sbi_resized_image_data\" data-feed-id=\"sbi_#20\" data-resized=\"[]\">\n\t<\/span>\n\t<\/div>\n\n\n\n\n\n<h2 style=\"text-align:center;font-family:century\">Siste innlegg<\/h2>\n\n\n<section class=\"ab-block-post-grid featuredpost aligncenter\"><div class=\"ab-post-grid-items is-grid columns-3\"><article id=\"post-4171\" class=\"ab-post-grid-item post-4171 post type-post status-publish format-standard hentry category-news\"><div class=\"ab-block-post-grid-text\"><header class=\"ab-block-post-grid-header\"><h3 class=\"ab-block-post-grid-title\"><a href=\"https:\/\/ntnui.no\/cheerleading\/en\/showcase-with-orion-2\/\" rel=\"bookmark\">Showcase with Orion!<\/a><\/h3><div class=\"ab-block-post-grid-byline\"><time datetime=\"2026-04-17T11:06:32+00:00\" class=\"ab-block-post-grid-date\" itemprop=\"datePublished\">17 april, 2026<\/time><\/div><\/header><div class=\"ab-block-post-grid-excerpt\"><\/div><\/div><\/article>\n<article id=\"post-4164\" class=\"ab-post-grid-item post-4164 post type-post status-publish format-standard hentry category-nyheter\"><div class=\"ab-block-post-grid-text\"><header class=\"ab-block-post-grid-header\"><h3 class=\"ab-block-post-grid-title\"><a href=\"https:\/\/ntnui.no\/cheerleading\/showcase-med-orion\/\" rel=\"bookmark\">Showcase med Orion!<\/a><\/h3><div class=\"ab-block-post-grid-byline\"><time datetime=\"2026-04-17T11:02:14+00:00\" class=\"ab-block-post-grid-date\" itemprop=\"datePublished\">17 april, 2026<\/time><\/div><\/header><div class=\"ab-block-post-grid-excerpt\"><\/div><\/div><\/article>\n<article id=\"post-3609\" class=\"ab-post-grid-item post-3609 post type-post status-publish format-standard hentry category-nyheter\"><div class=\"ab-block-post-grid-text\"><header class=\"ab-block-post-grid-header\"><h3 class=\"ab-block-post-grid-title\"><a href=\"https:\/\/ntnui.no\/cheerleading\/rent-idrettslag\/\" rel=\"bookmark\">Rent Idrettslag<\/a><\/h3><div class=\"ab-block-post-grid-byline\"><time datetime=\"2024-03-07T16:47:09+00:00\" class=\"ab-block-post-grid-date\" itemprop=\"datePublished\">7 mars, 2024<\/time><\/div><\/header><div class=\"ab-block-post-grid-excerpt\"><\/div><\/div><\/article>\n<article id=\"post-3253\" class=\"ab-post-grid-item post-3253 post type-post status-publish format-standard has-post-thumbnail hentry category-nyheter\"><div class=\"ab-block-post-grid-image\"><a href=\"https:\/\/ntnui.no\/cheerleading\/apningsseremonie-studentlekene-2023\/\" rel=\"bookmark\" aria-hidden=\"true\" tabindex=\"-1\"><img loading=\"lazy\" decoding=\"async\" width=\"1280\" height=\"853\" src=\"https:\/\/ntnui.no\/cheerleading\/wp-content\/uploads\/sites\/245\/2023\/02\/2023-02-23_LeonieRicharz_SL23_AAS-18-Stor.png\" class=\"attachment-full size-full\" alt=\"\" \/><\/a><\/div><div class=\"ab-block-post-grid-text\"><header class=\"ab-block-post-grid-header\"><h3 class=\"ab-block-post-grid-title\"><a href=\"https:\/\/ntnui.no\/cheerleading\/apningsseremonie-studentlekene-2023\/\" rel=\"bookmark\">\u00c5pningsseremonie Studentlekene 2023<\/a><\/h3><div class=\"ab-block-post-grid-byline\"><time datetime=\"2023-02-24T12:12:25+00:00\" class=\"ab-block-post-grid-date\" itemprop=\"datePublished\">24 februar, 2023<\/time><\/div><\/header><div class=\"ab-block-post-grid-excerpt\"><\/div><\/div><\/article>\n<article id=\"post-3233\" class=\"ab-post-grid-item post-3233 post type-post status-publish format-standard has-post-thumbnail hentry category-nyheter\"><div class=\"ab-block-post-grid-image\"><a href=\"https:\/\/ntnui.no\/cheerleading\/nyttarscup-2023\/\" rel=\"bookmark\" aria-hidden=\"true\" tabindex=\"-1\"><img loading=\"lazy\" decoding=\"async\" width=\"128\" height=\"128\" src=\"https:\/\/ntnui.no\/cheerleading\/wp-content\/uploads\/sites\/245\/2018\/08\/NTNUI-gr\u00f8nn.png\" class=\"attachment-full size-full\" alt=\"\" srcset=\"https:\/\/ntnui.no\/cheerleading\/wp-content\/uploads\/sites\/245\/2018\/08\/NTNUI-gr\u00f8nn.png 128w, https:\/\/ntnui.no\/cheerleading\/wp-content\/uploads\/sites\/245\/2018\/08\/NTNUI-gr\u00f8nn-100x100.png 100w\" sizes=\"auto, (max-width: 128px) 100vw, 128px\" \/><\/a><\/div><div class=\"ab-block-post-grid-text\"><header class=\"ab-block-post-grid-header\"><h3 class=\"ab-block-post-grid-title\"><a href=\"https:\/\/ntnui.no\/cheerleading\/nyttarscup-2023\/\" rel=\"bookmark\">Nytt\u00e5rscup 2023<\/a><\/h3><div class=\"ab-block-post-grid-byline\"><time datetime=\"2023-02-06T11:30:22+00:00\" class=\"ab-block-post-grid-date\" itemprop=\"datePublished\">6 februar, 2023<\/time><\/div><\/header><div class=\"ab-block-post-grid-excerpt\"><\/div><\/div><\/article>\n<article id=\"post-3177\" class=\"ab-post-grid-item post-3177 post type-post status-publish format-standard hentry category-news\"><div class=\"ab-block-post-grid-text\"><header class=\"ab-block-post-grid-header\"><h3 class=\"ab-block-post-grid-title\"><a href=\"https:\/\/ntnui.no\/cheerleading\/en\/nm-2022-2\/\" rel=\"bookmark\">Norwegian Championship in cheerleading 2022<\/a><\/h3><div class=\"ab-block-post-grid-byline\"><time datetime=\"2023-01-03T20:47:54+00:00\" class=\"ab-block-post-grid-date\" itemprop=\"datePublished\">3 januar, 2023<\/time><\/div><\/header><div class=\"ab-block-post-grid-excerpt\"><\/div><\/div><\/article>\n<article id=\"post-3175\" class=\"ab-post-grid-item post-3175 post type-post status-publish format-standard has-post-thumbnail hentry category-nyheter\"><div class=\"ab-block-post-grid-image\"><a href=\"https:\/\/ntnui.no\/cheerleading\/nm-2022\/\" rel=\"bookmark\" aria-hidden=\"true\" tabindex=\"-1\"><img loading=\"lazy\" decoding=\"async\" width=\"3024\" height=\"4032\" src=\"https:\/\/ntnui.no\/cheerleading\/wp-content\/uploads\/sites\/245\/2022\/06\/IMG_0841.jpg\" class=\"attachment-full size-full\" alt=\"\" \/><\/a><\/div><div class=\"ab-block-post-grid-text\"><header class=\"ab-block-post-grid-header\"><h3 class=\"ab-block-post-grid-title\"><a href=\"https:\/\/ntnui.no\/cheerleading\/nm-2022\/\" rel=\"bookmark\">Vlog fra NCL 2022<\/a><\/h3><div class=\"ab-block-post-grid-byline\"><time datetime=\"2023-01-03T20:46:04+00:00\" class=\"ab-block-post-grid-date\" itemprop=\"datePublished\">3 januar, 2023<\/time><\/div><\/header><div class=\"ab-block-post-grid-excerpt\"><\/div><\/div><\/article>\n<article id=\"post-3048\" class=\"ab-post-grid-item post-3048 post type-post status-publish format-standard has-post-thumbnail hentry category-news\"><div class=\"ab-block-post-grid-image\"><a href=\"https:\/\/ntnui.no\/cheerleading\/en\/we-are-looking-for-new-coaches\/\" rel=\"bookmark\" aria-hidden=\"true\" tabindex=\"-1\"><img loading=\"lazy\" decoding=\"async\" width=\"1920\" height=\"1048\" src=\"https:\/\/ntnui.no\/cheerleading\/wp-content\/uploads\/sites\/245\/2022\/04\/Screenshot-2022-04-13-at-17.33.18-min.png\" class=\"attachment-full size-full\" alt=\"\" \/><\/a><\/div><div class=\"ab-block-post-grid-text\"><header class=\"ab-block-post-grid-header\"><h3 class=\"ab-block-post-grid-title\"><a href=\"https:\/\/ntnui.no\/cheerleading\/en\/we-are-looking-for-new-coaches\/\" rel=\"bookmark\">We are looking for new coaches!<\/a><\/h3><div class=\"ab-block-post-grid-byline\"><time datetime=\"2022-08-31T19:20:35+00:00\" class=\"ab-block-post-grid-date\" itemprop=\"datePublished\">31 august, 2022<\/time><\/div><\/header><div class=\"ab-block-post-grid-excerpt\"><\/div><\/div><\/article>\n<article id=\"post-2916\" class=\"ab-post-grid-item post-2916 post type-post status-publish format-standard has-post-thumbnail hentry category-news\"><div class=\"ab-block-post-grid-image\"><a href=\"https:\/\/ntnui.no\/cheerleading\/en\/trondheim-open-2\/\" rel=\"bookmark\" aria-hidden=\"true\" tabindex=\"-1\"><img loading=\"lazy\" decoding=\"async\" width=\"2048\" height=\"1463\" src=\"https:\/\/ntnui.no\/cheerleading\/wp-content\/uploads\/sites\/245\/2022\/05\/i-hdL4zdQ-X4.jpg\" class=\"attachment-full size-full\" alt=\"\" \/><\/a><\/div><div class=\"ab-block-post-grid-text\"><header class=\"ab-block-post-grid-header\"><h3 class=\"ab-block-post-grid-title\"><a href=\"https:\/\/ntnui.no\/cheerleading\/en\/trondheim-open-2\/\" rel=\"bookmark\">Trondheim Open<\/a><\/h3><div class=\"ab-block-post-grid-byline\"><time datetime=\"2022-05-07T16:40:14+00:00\" class=\"ab-block-post-grid-date\" itemprop=\"datePublished\">7 mai, 2022<\/time><\/div><\/header><div class=\"ab-block-post-grid-excerpt\"><\/div><\/div><\/article>\n<article id=\"post-2843\" class=\"ab-post-grid-item post-2843 post type-post status-publish format-standard has-post-thumbnail hentry category-nyheter\"><div class=\"ab-block-post-grid-image\"><a href=\"https:\/\/ntnui.no\/cheerleading\/trondheim-open\/\" rel=\"bookmark\" aria-hidden=\"true\" tabindex=\"-1\"><img loading=\"lazy\" decoding=\"async\" width=\"2048\" height=\"1463\" src=\"https:\/\/ntnui.no\/cheerleading\/wp-content\/uploads\/sites\/245\/2022\/05\/i-hdL4zdQ-X4.jpg\" class=\"attachment-full size-full\" alt=\"\" \/><\/a><\/div><div class=\"ab-block-post-grid-text\"><header class=\"ab-block-post-grid-header\"><h3 class=\"ab-block-post-grid-title\"><a href=\"https:\/\/ntnui.no\/cheerleading\/trondheim-open\/\" rel=\"bookmark\">Trondheim Open<\/a><\/h3><div class=\"ab-block-post-grid-byline\"><time datetime=\"2022-05-07T11:53:00+00:00\" class=\"ab-block-post-grid-date\" itemprop=\"datePublished\">7 mai, 2022<\/time><\/div><\/header><div class=\"ab-block-post-grid-excerpt\"><\/div><\/div><\/article>\n<article id=\"post-2832\" class=\"ab-post-grid-item post-2832 post type-post status-publish format-standard has-post-thumbnail hentry category-nyheter\"><div class=\"ab-block-post-grid-image\"><a href=\"https:\/\/ntnui.no\/cheerleading\/generalprove-trondheim-open\/\" rel=\"bookmark\" aria-hidden=\"true\" tabindex=\"-1\"><img loading=\"lazy\" decoding=\"async\" width=\"668\" height=\"835\" src=\"https:\/\/ntnui.no\/cheerleading\/wp-content\/uploads\/sites\/245\/2022\/06\/2022-05-06_NTNUI-Cheerleading_Eirik-Halvard-Norseth_GeneralprA\u00b8ve-0200297.jpg\" class=\"attachment-full size-full\" alt=\"\" \/><\/a><\/div><div class=\"ab-block-post-grid-text\"><header class=\"ab-block-post-grid-header\"><h3 class=\"ab-block-post-grid-title\"><a href=\"https:\/\/ntnui.no\/cheerleading\/generalprove-trondheim-open\/\" rel=\"bookmark\">Generalpr\u00f8ve Trondheim Open<\/a><\/h3><div class=\"ab-block-post-grid-byline\"><time datetime=\"2022-05-06T15:08:00+00:00\" class=\"ab-block-post-grid-date\" itemprop=\"datePublished\">6 mai, 2022<\/time><\/div><\/header><div class=\"ab-block-post-grid-excerpt\"><\/div><\/div><\/article>\n<article id=\"post-2801\" class=\"ab-post-grid-item post-2801 post type-post status-publish format-standard has-post-thumbnail hentry category-nyheter\"><div class=\"ab-block-post-grid-image\"><a href=\"https:\/\/ntnui.no\/cheerleading\/ncl-2022\/\" rel=\"bookmark\" aria-hidden=\"true\" tabindex=\"-1\"><img loading=\"lazy\" decoding=\"async\" width=\"4032\" height=\"3024\" src=\"https:\/\/ntnui.no\/cheerleading\/wp-content\/uploads\/sites\/245\/2022\/06\/IMG_1935.jpg\" class=\"attachment-full size-full\" alt=\"\" \/><\/a><\/div><div class=\"ab-block-post-grid-text\"><header class=\"ab-block-post-grid-header\"><h3 class=\"ab-block-post-grid-title\"><a href=\"https:\/\/ntnui.no\/cheerleading\/ncl-2022\/\" rel=\"bookmark\">NCL 2022<\/a><\/h3><div class=\"ab-block-post-grid-byline\"><time datetime=\"2022-03-20T23:32:00+00:00\" class=\"ab-block-post-grid-date\" itemprop=\"datePublished\">20 mars, 2022<\/time><\/div><\/header><div class=\"ab-block-post-grid-excerpt\"><\/div><\/div><\/article>\n<\/div><\/section>\n\n\n<p><\/p>\n","protected":false},"excerpt":{"rendered":"<p>Foto: Pernille S. Osmundsen\/NTNUI (CC BY 4.0) Velkommen til NTNUI Cheerleading! Vi er en gruppe med to konkurrerende breddelag, ett for nybegynnere og ett for de med mer erfaring. Vi har ogs\u00e5 ett ikke konkurrerende lag for de som \u00f8nsker \u00e5 pr\u00f8ve cheerleading. P\u00e5 denne nettsiden finner du informasjon for deg som \u00f8nsker \u00e5 begynne [&hellip;]<\/p>\n","protected":false},"author":221,"featured_media":0,"parent":0,"menu_order":0,"comment_status":"closed","ping_status":"closed","template":"","meta":{"_coblocks_attr":"","_coblocks_dimensions":"","_coblocks_responsive_height":"","_coblocks_accordion_ie_support":"","_price":"","_stock":"","_tribe_ticket_header":"","_tribe_default_ticket_provider":"","_tribe_ticket_capacity":"0","_ticket_start_date":"","_ticket_end_date":"","_tribe_ticket_show_description":"","_tribe_ticket_show_not_going":false,"_tribe_ticket_use_global_stock":"","_tribe_ticket_global_stock_level":"","_global_stock_mode":"","_global_stock_cap":"","_tribe_rsvp_for_event":"","_tribe_ticket_going_count":"","_tribe_ticket_not_going_count":"","_tribe_tickets_list":[],"_tribe_ticket_has_attendee_info_fields":false,"footnotes":""},"class_list":["post-1623","page","type-page","status-publish","hentry"],"featured_image_src":null,"featured_image_src_square":null,"_links":{"self":[{"href":"https:\/\/ntnui.no\/cheerleading\/wp-json\/wp\/v2\/pages\/1623","targetHints":{"allow":["GET"]}}],"collection":[{"href":"https:\/\/ntnui.no\/cheerleading\/wp-json\/wp\/v2\/pages"}],"about":[{"href":"https:\/\/ntnui.no\/cheerleading\/wp-json\/wp\/v2\/types\/page"}],"author":[{"embeddable":true,"href":"https:\/\/ntnui.no\/cheerleading\/wp-json\/wp\/v2\/users\/221"}],"replies":[{"embeddable":true,"href":"https:\/\/ntnui.no\/cheerleading\/wp-json\/wp\/v2\/comments?post=1623"}],"version-history":[{"count":251,"href":"https:\/\/ntnui.no\/cheerleading\/wp-json\/wp\/v2\/pages\/1623\/revisions"}],"predecessor-version":[{"id":4100,"href":"https:\/\/ntnui.no\/cheerleading\/wp-json\/wp\/v2\/pages\/1623\/revisions\/4100"}],"wp:attachment":[{"href":"https:\/\/ntnui.no\/cheerleading\/wp-json\/wp\/v2\/media?parent=1623"}],"curies":[{"name":"wp","href":"https:\/\/api.w.org\/{rel}","templated":true}]}}