{"id":7,"date":"2019-01-10T17:36:13","date_gmt":"2019-01-10T17:36:13","guid":{"rendered":"https:\/\/ntnui.no\/blits2\/?page_id=7"},"modified":"2025-03-10T18:37:14","modified_gmt":"2025-03-10T18:37:14","slug":"forside","status":"publish","type":"page","link":"https:\/\/ntnui.no\/blits\/","title":{"rendered":""},"content":{"rendered":"\n<div class=\"wp-block-cover alignfull has-background-dim\" style=\"background-image:url(https:\/\/ntnui.no\/blits\/wp-content\/uploads\/sites\/287\/2022\/02\/RRichter_FTKRS-13_reduced_c.jpg)\"><div class=\"wp-block-cover__inner-container is-layout-flow wp-block-cover-is-layout-flow\">\n<p class=\"has-text-align-center has-large-font-size\"><strong><span class=\"uppercase\">Velkommen til NTNUI Blits!<\/span><\/strong><\/p>\n<\/div><\/div>\n\n\n\n<p>NTNUI Blits er NTNUIs eget kommunikasjonsutvalg. Du ser oss fort i v\u00e5re oransje gensere ute blant NTNUIs grupper for \u00e5 ta bilder og video av det som skjer. I tillegg skriver vi om det som skjer i klubben, drifter sosiale medier og hjelper grupper med promotering og grafisk materiell.<\/p>\n\n\n\n<p>Vi \u00f8nsker alltid velkommen til nye, engasjerte medlemmer og har opptak p\u00e5 starten av hvert semester! Vil du ta bilder, lage videoer, drive med sosiale medier eller noe annet innen promo har vi en plass til deg. NTNUI Blits har profesjonelt kamerautstyr som l\u00e5nes ut til ulike oppdrag, det er derfor flott om du har litt erfaring fra f\u00f8r, men dette er ikke et krav. Hos oss er det viktigste at du har lyst og tid til \u00e5 bidra, resten kan l\u00e6res. Vi er interessert i alle som er engasjerte og gira p\u00e5 \u00e5 l\u00e6re om foto, promotering eller begge! S\u00f8k da vel!<\/p>\n\n\n\n<div class=\"wp-block-buttons aligncenter is-layout-flex wp-block-buttons-is-layout-flex\">\n<div class=\"wp-block-button\"><a class=\"wp-block-button__link has-background\" href=\"https:\/\/opptak.ntnui.no\/\" style=\"background-color:#00843d\">S\u00f8knadsskjema<\/a><\/div>\n<\/div>\n\n\n\n<p>\u00d8nsker din gruppe hjelp med \u00e5 vise seg fra sin beste side? Ikke n\u00f8l med \u00e5 ta kontakt!<\/p>\n\n\n\n<div class=\"wp-block-media-text alignwide is-stacked-on-mobile\"><figure class=\"wp-block-media-text__media\"><img loading=\"lazy\" decoding=\"async\" width=\"2730\" height=\"1536\" src=\"https:\/\/ntnui.no\/blits\/wp-content\/uploads\/sites\/287\/2022\/02\/2021-03-13-Jolsgard-BL_SEM-9_c.jpg\" alt=\"\" class=\"wp-image-73\" \/><\/figure><div class=\"wp-block-media-text__content\">\n<p class=\"has-large-font-size\">V\u00e5re arbeidsomr\u00e5der<\/p>\n\n\n\n<p>NTNUI Blits kan bist\u00e5 p\u00e5 flere omr\u00e5der:<\/p>\n\n\n\n<ul class=\"wp-block-list\"><li>Foto <\/li><li>Video<\/li><li>Design (logo, drakter, merch, posters)<\/li><li>Nyhetsartikler<\/li><li>Sosiale medier<\/li><li>Kommunikasjonsr\u00e5dgivning<\/li><\/ul>\n\n\n\n<p>Foto: Eivind J\u00f8lsgard\/NTNUI<\/p>\n<\/div><\/div>\n\n\n\n<div class=\"wp-block-media-text alignwide has-media-on-the-right is-stacked-on-mobile\"><figure class=\"wp-block-media-text__media\"><img loading=\"lazy\" decoding=\"async\" width=\"2730\" height=\"1536\" src=\"https:\/\/ntnui.no\/blits\/wp-content\/uploads\/sites\/287\/2022\/02\/RRichter_FTKRS-27_c.jpg\" alt=\"\" class=\"wp-image-77\" \/><\/figure><div class=\"wp-block-media-text__content\">\n<p class=\"has-large-font-size\">Har du et oppdrag til oss?<\/p>\n\n\n\n<p>Du kan sende inn oppdrag til oss via v\u00e5rt oppdragsskjema. <\/p>\n\n\n\n<div class=\"wp-block-buttons is-layout-flex wp-block-buttons-is-layout-flex\">\n<div class=\"wp-block-button\"><a class=\"wp-block-button__link\" href=\"https:\/\/ntnui.no\/blits\/book-blits\/\">Til oppdragsskjema<\/a><\/div>\n<\/div>\n\n\n\n<p>Foto: Roland Richter\/NTNUI<\/p>\n<\/div><\/div>\n\n\n\n<div class=\"wp-block-media-text alignwide is-stacked-on-mobile\"><figure class=\"wp-block-media-text__media\"><img loading=\"lazy\" decoding=\"async\" width=\"2730\" height=\"1536\" src=\"https:\/\/ntnui.no\/blits\/wp-content\/uploads\/sites\/287\/2022\/02\/RRichter_UKT21-98-1_c.jpg\" alt=\"\" class=\"wp-image-74\" \/><\/figure><div class=\"wp-block-media-text__content\">\n<p class=\"has-large-font-size\">V\u00e5rt arbeid<\/p>\n\n\n\n<p>Du kan finne v\u00e5re bilder p\u00e5 NTNUIs mediearkiv, filmer publiseres p\u00e5 YouTube og NTNUIs sosiale medier. Artikler publiseres i NTNUIs egen avis; Klubbavisa i tillegg til i v\u00e5re m\u00e5nedlige nyhetsbrev. <\/p>\n\n\n\n<div class=\"wp-block-columns is-layout-flex wp-container-core-columns-is-layout-1 wp-block-columns-is-layout-flex\">\n<div class=\"wp-block-column is-layout-flow wp-block-column-is-layout-flow\">\n<div class=\"wp-block-atomic-blocks-ab-button ab-block-button\"><a href=\"https:\/\/mediearkiv.ntnui.no\" class=\"ab-button ab-button-shape-rounded ab-button-size-small\" style=\"color:#ffffff;background-color:#007a33\">Mediearkiv<\/a><\/div>\n<\/div>\n\n\n\n<div class=\"wp-block-column is-layout-flow wp-block-column-is-layout-flow\">\n<div class=\"wp-block-atomic-blocks-ab-button ab-block-button\"><a href=\"https:\/\/www.youtube.com\/channel\/UCoTFi7MvkdXR5mIPMe6YvUg\" class=\"ab-button ab-button-shape-rounded ab-button-size-small\" style=\"color:#ffffff;background-color:#007a33\">YouTube<\/a><\/div>\n<\/div>\n\n\n\n<div class=\"wp-block-column is-layout-flow wp-block-column-is-layout-flow\">\n<div class=\"wp-block-atomic-blocks-ab-button ab-block-button\"><a href=\"https:\/\/ntnui.no\/ka\" class=\"ab-button ab-button-shape-rounded ab-button-size-small\" style=\"color:#ffffff;background-color:#007a33\">Klubbavisa<\/a><\/div>\n<\/div>\n<\/div>\n\n\n\n<p>Foto: Roland Richter\/NTNUI<\/p>\n<\/div><\/div>\n\n\n\n<p><\/p>\n","protected":false},"excerpt":{"rendered":"<p>NTNUI Blits er NTNUIs eget kommunikasjonsutvalg. Du ser oss fort i v\u00e5re oransje gensere ute blant NTNUIs grupper for \u00e5 ta bilder og video av det som skjer. I tillegg skriver vi om det som skjer i klubben, drifter sosiale medier og hjelper grupper med promotering og grafisk materiell. Vi \u00f8nsker alltid velkommen til nye, [&hellip;]<\/p>\n","protected":false},"author":7,"featured_media":0,"parent":0,"menu_order":0,"comment_status":"closed","ping_status":"closed","template":"","meta":{"_coblocks_attr":"","_coblocks_dimensions":"","_coblocks_responsive_height":"","_coblocks_accordion_ie_support":"","_price":"","_stock":"","_tribe_ticket_header":"","_tribe_default_ticket_provider":"","_tribe_ticket_capacity":"0","_ticket_start_date":"","_ticket_end_date":"","_tribe_ticket_show_description":"","_tribe_ticket_show_not_going":false,"_tribe_ticket_use_global_stock":"","_tribe_ticket_global_stock_level":"","_global_stock_mode":"","_global_stock_cap":"","_tribe_rsvp_for_event":"","_tribe_ticket_going_count":"","_tribe_ticket_not_going_count":"","_tribe_tickets_list":[],"_tribe_ticket_has_attendee_info_fields":false,"footnotes":""},"class_list":["post-7","page","type-page","status-publish","hentry"],"featured_image_src":null,"featured_image_src_square":null,"jetpack_sharing_enabled":true,"_links":{"self":[{"href":"https:\/\/ntnui.no\/blits\/wp-json\/wp\/v2\/pages\/7","targetHints":{"allow":["GET"]}}],"collection":[{"href":"https:\/\/ntnui.no\/blits\/wp-json\/wp\/v2\/pages"}],"about":[{"href":"https:\/\/ntnui.no\/blits\/wp-json\/wp\/v2\/types\/page"}],"author":[{"embeddable":true,"href":"https:\/\/ntnui.no\/blits\/wp-json\/wp\/v2\/users\/7"}],"replies":[{"embeddable":true,"href":"https:\/\/ntnui.no\/blits\/wp-json\/wp\/v2\/comments?post=7"}],"version-history":[{"count":15,"href":"https:\/\/ntnui.no\/blits\/wp-json\/wp\/v2\/pages\/7\/revisions"}],"predecessor-version":[{"id":201,"href":"https:\/\/ntnui.no\/blits\/wp-json\/wp\/v2\/pages\/7\/revisions\/201"}],"wp:attachment":[{"href":"https:\/\/ntnui.no\/blits\/wp-json\/wp\/v2\/media?parent=7"}],"curies":[{"name":"wp","href":"https:\/\/api.w.org\/{rel}","templated":true}]}}