{"id":59,"date":"2022-02-27T14:06:39","date_gmt":"2022-02-27T14:06:39","guid":{"rendered":"https:\/\/ntnui.no\/blits\/?page_id=59"},"modified":"2022-03-26T12:48:57","modified_gmt":"2022-03-26T12:48:57","slug":"personvern","status":"publish","type":"page","link":"https:\/\/ntnui.no\/blits\/personvern\/","title":{"rendered":"Personvern"},"content":{"rendered":"\n<p>NTNUI skal v\u00e6re Norges fremste idrettslag p\u00e5 IT og personvern. Et viktig punkt her er samtykke ved foto og video. Under finner du informasjon om hvordan vi i Blits h\u00e5ndterer samtykke p\u00e5 v\u00e5re oppdrag og hva som gjelder for deg som arrang\u00f8r eller privatperson.<\/p>\n\n\n\n<h1 class=\"wp-block-heading\">Som privatperson<\/h1>\n\n\n\n<h2 class=\"wp-block-heading\">Samtykke<\/h2>\n\n\n\n<p>Ved \u00e5 godta at NTNUI tar bilder og video av deg, godtar du at vi bruker bildene og videoene i markedsf\u00f8ringssammenheng og deling av bildene med v\u00e5re partnere. Bildene og videoene vil bli lagt i v\u00e5rt <a rel=\"noreferrer noopener\" href=\"http:\/\/www.google.com\/url?q=http%3A%2F%2Fmediearkiv.ntnui.no&amp;sa=D&amp;sntz=1&amp;usg=AOvVaw1ghq7aNB1bS79HUJ4Uqo1s\" target=\"_blank\"><strong>mediearkiv<\/strong><\/a> og p\u00e5 v\u00e5r <a rel=\"noreferrer noopener\" href=\"https:\/\/www.youtube.com\/channel\/UCoTFi7MvkdXR5mIPMe6YvUg\" target=\"_blank\"><strong>YouTube-kanal<\/strong><\/a> med <a rel=\"noreferrer noopener\" href=\"https:\/\/www.google.com\/url?q=https%3A%2F%2Fcreativecommons.org%2Flicenses%2Fby%2F4.0%2F&amp;sa=D&amp;sntz=1&amp;usg=AOvVaw0xWngiFQcUhRE8Jte-YsO1\" target=\"_blank\"><strong>Creative Commons BY 4.0<\/strong><\/a> lisens som gir fritt gjenbruk mot kreditering. Dette betyr at andre akt\u00f8rer vil ha tilgang til \u00e5 bruke bildene vi tar kun ved \u00e5 kreditere NTNUI og fotografen. NTNUI tar seg retten til at noen bilder\/videoer vil bli begrenset til copyright lisens hvis det er n\u00f8dvendig.<\/p>\n\n\n\n<p>\u00d8nsker du \u00e5 trekke samtykke kan du gj\u00f8re det ved \u00e5 fylle ut <a href=\"https:\/\/ntnui.no\/blits\/trekk-samtykke\/\" data-type=\"URL\" data-id=\"https:\/\/ntnui.no\/blits\/trekk-samtykke\/\"><strong>dette skjemaet<\/strong><\/a>. Legg gjerne ved lenker til bildende du \u00f8nsker \u00e5 trekke samtykket fra slik at vi kan gj\u00f8re jobben enkel. Hvis bildet er brukt av en annen akt\u00f8r enn NTNUI er vi behjelpelige med \u00e5 pr\u00f8ve \u00e5 f\u00e5 det ned, da rett til eget bilde st\u00e5r sterkt i medieloven. Legg til info om dette i ekstra feltet i skjemaet.<\/p>\n\n\n\n<h1 class=\"wp-block-heading\">Som arrang\u00f8r<\/h1>\n\n\n\n<h2 class=\"wp-block-heading\">Samtykke<\/h2>\n\n\n\n<p>Som arrang\u00f8r p\u00e5 et arrangement eller trening i NTNUI-regi, eller en annen anledning hvor NTNUI Blits er involvert, har du et ansvar for at GDPR-loven f\u00f8lges. Merk at dette gjelder uavhengig av om Blits er med p\u00e5 oppdraget eller om dere tar bilder og video internt som publiseres p\u00e5 nett. <\/p>\n\n\n\n<p>Les mer om hva du m\u00e5 gj\u00f8re som arrang\u00f8r p\u00e5 <a href=\"https:\/\/ntnui.slab.com\/posts\/samtykkeguide-bilder-video-hl24dqow\" data-type=\"URL\" data-id=\"https:\/\/ntnui.slab.com\/posts\/samtykkeguide-bilder-video-hl24dqow\">NTNUIs Wiki <strong>her<\/strong> (ekstern lenke)<\/a>.<\/p>\n","protected":false},"excerpt":{"rendered":"<p>NTNUI skal v\u00e6re Norges fremste idrettslag p\u00e5 IT og personvern. Et viktig punkt her er samtykke ved foto og video. Under finner du informasjon om hvordan vi i Blits h\u00e5ndterer samtykke p\u00e5 v\u00e5re oppdrag og hva som gjelder for deg som arrang\u00f8r eller privatperson. Som privatperson Samtykke Ved \u00e5 godta at NTNUI tar bilder og [&hellip;]<\/p>\n","protected":false},"author":107,"featured_media":0,"parent":0,"menu_order":0,"comment_status":"closed","ping_status":"closed","template":"","meta":{"_coblocks_attr":"","_coblocks_dimensions":"","_coblocks_responsive_height":"","_coblocks_accordion_ie_support":"","_price":"","_stock":"","_tribe_ticket_header":"","_tribe_default_ticket_provider":"","_tribe_ticket_capacity":"0","_ticket_start_date":"","_ticket_end_date":"","_tribe_ticket_show_description":"","_tribe_ticket_show_not_going":false,"_tribe_ticket_use_global_stock":"","_tribe_ticket_global_stock_level":"","_global_stock_mode":"","_global_stock_cap":"","_tribe_rsvp_for_event":"","_tribe_ticket_going_count":"","_tribe_ticket_not_going_count":"","_tribe_tickets_list":[],"_tribe_ticket_has_attendee_info_fields":false,"footnotes":""},"class_list":["post-59","page","type-page","status-publish","hentry"],"featured_image_src":null,"featured_image_src_square":null,"jetpack_sharing_enabled":true,"_links":{"self":[{"href":"https:\/\/ntnui.no\/blits\/wp-json\/wp\/v2\/pages\/59","targetHints":{"allow":["GET"]}}],"collection":[{"href":"https:\/\/ntnui.no\/blits\/wp-json\/wp\/v2\/pages"}],"about":[{"href":"https:\/\/ntnui.no\/blits\/wp-json\/wp\/v2\/types\/page"}],"author":[{"embeddable":true,"href":"https:\/\/ntnui.no\/blits\/wp-json\/wp\/v2\/users\/107"}],"replies":[{"embeddable":true,"href":"https:\/\/ntnui.no\/blits\/wp-json\/wp\/v2\/comments?post=59"}],"version-history":[{"count":4,"href":"https:\/\/ntnui.no\/blits\/wp-json\/wp\/v2\/pages\/59\/revisions"}],"predecessor-version":[{"id":132,"href":"https:\/\/ntnui.no\/blits\/wp-json\/wp\/v2\/pages\/59\/revisions\/132"}],"wp:attachment":[{"href":"https:\/\/ntnui.no\/blits\/wp-json\/wp\/v2\/media?parent=59"}],"curies":[{"name":"wp","href":"https:\/\/api.w.org\/{rel}","templated":true}]}}