{"id":1954,"date":"2025-07-29T22:18:26","date_gmt":"2025-07-29T20:18:26","guid":{"rendered":"https:\/\/ntnui.no\/basket\/?page_id=1954"},"modified":"2025-07-29T22:20:49","modified_gmt":"2025-07-29T20:20:49","slug":"crabs","status":"publish","type":"page","link":"https:\/\/ntnui.no\/basket\/crabs\/","title":{"rendered":"Crabs"},"content":{"rendered":"<div class=\"wp-block-coblocks-social wp-block-coblocks-social-profiles is-style-icon-and-text has-colors has-button-size-med\"><ul><li><a href=\"https:\/\/www.instagram.com\/ntnuicrabs\/\" title=\"Instagram\" class=\"wp-block-button__link wp-block-coblocks-social__button wp-block-coblocks-social__button--instagram has-padding\" style=\"border-radius:40px\" target=\"_blank\" rel=\"noopener noreferrer\"><span class=\"wp-block-coblocks-social__icon\"><\/span><span class=\"wp-block-coblocks-social__text\">Instagram<\/span><\/a><\/li><\/ul><\/div>\n\n\n<p>Crabs er det sjette laget p\u00e5 herresiden, etablert i 2024. Laget har forel\u00f8pig ingen logo eller lagbilde og deltar enn\u00e5 ikke p\u00e5 kamper.<\/p>\n","protected":false},"excerpt":{"rendered":"<p>Crabs er det sjette laget p\u00e5 herresiden, etablert i 2024. Laget har forel\u00f8pig ingen logo eller lagbilde og deltar enn\u00e5 ikke p\u00e5 kamper.<\/p>\n","protected":false},"author":678,"featured_media":0,"parent":0,"menu_order":0,"comment_status":"closed","ping_status":"closed","template":"","meta":{"_coblocks_attr":"","_coblocks_dimensions":"","_coblocks_responsive_height":"","_coblocks_accordion_ie_support":"","_price":"","_stock":"","_tribe_ticket_header":"","_tribe_default_ticket_provider":"","_tribe_ticket_capacity":"0","_ticket_start_date":"","_ticket_end_date":"","_tribe_ticket_show_description":"","_tribe_ticket_show_not_going":false,"_tribe_ticket_use_global_stock":"","_tribe_ticket_global_stock_level":"","_global_stock_mode":"","_global_stock_cap":"","_tribe_rsvp_for_event":"","_tribe_ticket_going_count":"","_tribe_ticket_not_going_count":"","_tribe_tickets_list":[],"_tribe_ticket_has_attendee_info_fields":false,"footnotes":""},"class_list":["post-1954","page","type-page","status-publish","hentry"],"featured_image_src":null,"featured_image_src_square":null,"jetpack_sharing_enabled":true,"_links":{"self":[{"href":"https:\/\/ntnui.no\/basket\/wp-json\/wp\/v2\/pages\/1954","targetHints":{"allow":["GET"]}}],"collection":[{"href":"https:\/\/ntnui.no\/basket\/wp-json\/wp\/v2\/pages"}],"about":[{"href":"https:\/\/ntnui.no\/basket\/wp-json\/wp\/v2\/types\/page"}],"author":[{"embeddable":true,"href":"https:\/\/ntnui.no\/basket\/wp-json\/wp\/v2\/users\/678"}],"replies":[{"embeddable":true,"href":"https:\/\/ntnui.no\/basket\/wp-json\/wp\/v2\/comments?post=1954"}],"version-history":[{"count":2,"href":"https:\/\/ntnui.no\/basket\/wp-json\/wp\/v2\/pages\/1954\/revisions"}],"predecessor-version":[{"id":1959,"href":"https:\/\/ntnui.no\/basket\/wp-json\/wp\/v2\/pages\/1954\/revisions\/1959"}],"wp:attachment":[{"href":"https:\/\/ntnui.no\/basket\/wp-json\/wp\/v2\/media?parent=1954"}],"curies":[{"name":"wp","href":"https:\/\/api.w.org\/{rel}","templated":true}]}}