{"id":1415,"date":"2019-07-20T11:18:54","date_gmt":"2019-07-20T09:18:54","guid":{"rendered":"https:\/\/ntnui.no\/basket\/?page_id=1415"},"modified":"2024-08-14T13:49:26","modified_gmt":"2024-08-14T11:49:26","slug":"noobs","status":"publish","type":"page","link":"https:\/\/ntnui.no\/basket\/noobs\/","title":{"rendered":"Noobs"},"content":{"rendered":"<div class=\"wp-block-coblocks-social wp-block-coblocks-social-profiles is-style-icon-and-text has-colors has-button-size-med\"><ul><li><a href=\"https:\/\/www.instagram.com\/ntnuinoobs\/\" title=\"Instagram\" class=\"wp-block-button__link wp-block-coblocks-social__button wp-block-coblocks-social__button--instagram has-padding\" style=\"border-radius:40px\"><span class=\"wp-block-coblocks-social__icon\"><\/span><span class=\"wp-block-coblocks-social__text\">Instagram<\/span><\/a><\/li><\/ul><\/div>\n\n\n<p> <\/p>\n\n\n\n<p><strong>Litt om laget :<\/strong><\/p>\n\n\n\n<p>Noobs er NTNUI basket sitt 4. lag (av 4) p\u00e5 kvinnesiden. Vi fokuserer p\u00e5 \u00e5 ha det g\u00f8y, oppmuntre hverandre underveis og utvikle oss og l\u00e6re. Absolutt ingen tidligere erfaring kreves, alt du trenger er en interesse for basket og et \u00f8nske om \u00e5 bidra oppunder et sosialt felleskap. Noobs er perfekt for deg som \u00f8nsker \u00e5 koble av i en ellers hektisk studiehverdag og f\u00e5 inn litt god lavterskel trening samtidig. Vi har treninger 2 ganger i uka p\u00e5 1,5-2 timer, der minst 15 minutter g\u00e5r p\u00e5 \u00e5 snakke gossip, tull og t\u00f8ys og lage memes (neida) (joda). Vi er og flinke til \u00e5 finne p\u00e5 ting sammen p\u00e5 fritiden! S\u00e5 p\u00e5 Noobs f\u00e5r du ikke bare lagkamerater, men 12-14 nye venner inkluderes alts\u00e5 i medlemskapet! Vi er jo som navnet sier, NOOBS p\u00e5 banen, men det gj\u00f8r ingenting n\u00e5r vi er PROS p\u00e5 \u00e5 ta vare p\u00e5 hverandre og ha det G\u00d8Y, b\u00e5de p\u00e5 og utenfor banen. \u00abDet finnes ikke et lag som smiler og ler like mye (og h\u00f8yt) som Noobs\u00bb &#8211; Navnl\u00f8s Shakers-spillers<\/p>\n","protected":false},"excerpt":{"rendered":"<p>Litt om laget : Noobs er NTNUI basket sitt 4. lag (av 4) p\u00e5 kvinnesiden. Vi fokuserer p\u00e5 \u00e5 ha det g\u00f8y, oppmuntre hverandre underveis og utvikle oss og l\u00e6re. Absolutt ingen tidligere erfaring kreves, alt du trenger er en interesse for basket og et \u00f8nske om \u00e5 bidra oppunder et sosialt felleskap. Noobs er [&hellip;]<\/p>\n","protected":false},"author":35,"featured_media":0,"parent":0,"menu_order":0,"comment_status":"closed","ping_status":"closed","template":"","meta":{"_coblocks_attr":"","_coblocks_dimensions":"","_coblocks_responsive_height":"","_coblocks_accordion_ie_support":"","_price":"","_stock":"","_tribe_ticket_header":"","_tribe_default_ticket_provider":"","_tribe_ticket_capacity":"0","_ticket_start_date":"","_ticket_end_date":"","_tribe_ticket_show_description":"","_tribe_ticket_show_not_going":false,"_tribe_ticket_use_global_stock":"","_tribe_ticket_global_stock_level":"","_global_stock_mode":"","_global_stock_cap":"","_tribe_rsvp_for_event":"","_tribe_ticket_going_count":"","_tribe_ticket_not_going_count":"","_tribe_tickets_list":[],"_tribe_ticket_has_attendee_info_fields":false,"footnotes":""},"class_list":["post-1415","page","type-page","status-publish","hentry"],"featured_image_src":null,"featured_image_src_square":null,"jetpack_sharing_enabled":true,"_links":{"self":[{"href":"https:\/\/ntnui.no\/basket\/wp-json\/wp\/v2\/pages\/1415","targetHints":{"allow":["GET"]}}],"collection":[{"href":"https:\/\/ntnui.no\/basket\/wp-json\/wp\/v2\/pages"}],"about":[{"href":"https:\/\/ntnui.no\/basket\/wp-json\/wp\/v2\/types\/page"}],"author":[{"embeddable":true,"href":"https:\/\/ntnui.no\/basket\/wp-json\/wp\/v2\/users\/35"}],"replies":[{"embeddable":true,"href":"https:\/\/ntnui.no\/basket\/wp-json\/wp\/v2\/comments?post=1415"}],"version-history":[{"count":3,"href":"https:\/\/ntnui.no\/basket\/wp-json\/wp\/v2\/pages\/1415\/revisions"}],"predecessor-version":[{"id":1850,"href":"https:\/\/ntnui.no\/basket\/wp-json\/wp\/v2\/pages\/1415\/revisions\/1850"}],"wp:attachment":[{"href":"https:\/\/ntnui.no\/basket\/wp-json\/wp\/v2\/media?parent=1415"}],"curies":[{"name":"wp","href":"https:\/\/api.w.org\/{rel}","templated":true}]}}