{"id":1406,"date":"2019-07-20T11:08:21","date_gmt":"2019-07-20T09:08:21","guid":{"rendered":"https:\/\/ntnui.no\/basket\/?page_id=1406"},"modified":"2025-08-12T21:27:53","modified_gmt":"2025-08-12T19:27:53","slug":"killer-kittens","status":"publish","type":"page","link":"https:\/\/ntnui.no\/basket\/killer-kittens\/","title":{"rendered":"Killer Kittens"},"content":{"rendered":"<div class=\"wp-block-coblocks-social wp-block-coblocks-social-profiles has-colors\"><ul><li><a href=\"https:\/\/www.instagram.com\/ntnui.kittens\/\" title=\"Instagram\" class=\"wp-block-button__link wp-block-coblocks-social__button wp-block-coblocks-social__button--instagram has-padding\" style=\"border-radius:40px\"><span class=\"wp-block-coblocks-social__icon\"><\/span><span class=\"wp-block-coblocks-social__text\">Instagram<\/span><\/a><\/li><\/ul><\/div>\n\n\n<p>Lagleder: Ingeborg Kristiansen<\/p>\n\n\n\n<p>Killer Kittens spiller i 1K divisjon hvor det er 10 lag. 1K divisjon er det \u00f8verste regionale niv\u00e5et i Trondheim.<\/p>\n\n\n\n<p>Killer Kittens er andrelaget p\u00e5 kvinnesiden i NTNUI Basket.<\/p>\n\n\n\n<p><\/p>\n","protected":false},"excerpt":{"rendered":"<p>Lagleder: Ingeborg Kristiansen Killer Kittens spiller i 1K divisjon hvor det er 10 lag. 1K divisjon er det \u00f8verste regionale niv\u00e5et i Trondheim. Killer Kittens er andrelaget p\u00e5 kvinnesiden i NTNUI Basket.<\/p>\n","protected":false},"author":35,"featured_media":0,"parent":0,"menu_order":0,"comment_status":"closed","ping_status":"closed","template":"","meta":{"_coblocks_attr":"","_coblocks_dimensions":"","_coblocks_responsive_height":"","_coblocks_accordion_ie_support":"","_price":"","_stock":"","_tribe_ticket_header":"","_tribe_default_ticket_provider":"","_tribe_ticket_capacity":"0","_ticket_start_date":"","_ticket_end_date":"","_tribe_ticket_show_description":"","_tribe_ticket_show_not_going":false,"_tribe_ticket_use_global_stock":"","_tribe_ticket_global_stock_level":"","_global_stock_mode":"","_global_stock_cap":"","_tribe_rsvp_for_event":"","_tribe_ticket_going_count":"","_tribe_ticket_not_going_count":"","_tribe_tickets_list":[],"_tribe_ticket_has_attendee_info_fields":false,"footnotes":""},"class_list":["post-1406","page","type-page","status-publish","hentry"],"featured_image_src":null,"featured_image_src_square":null,"jetpack_sharing_enabled":true,"_links":{"self":[{"href":"https:\/\/ntnui.no\/basket\/wp-json\/wp\/v2\/pages\/1406","targetHints":{"allow":["GET"]}}],"collection":[{"href":"https:\/\/ntnui.no\/basket\/wp-json\/wp\/v2\/pages"}],"about":[{"href":"https:\/\/ntnui.no\/basket\/wp-json\/wp\/v2\/types\/page"}],"author":[{"embeddable":true,"href":"https:\/\/ntnui.no\/basket\/wp-json\/wp\/v2\/users\/35"}],"replies":[{"embeddable":true,"href":"https:\/\/ntnui.no\/basket\/wp-json\/wp\/v2\/comments?post=1406"}],"version-history":[{"count":5,"href":"https:\/\/ntnui.no\/basket\/wp-json\/wp\/v2\/pages\/1406\/revisions"}],"predecessor-version":[{"id":2006,"href":"https:\/\/ntnui.no\/basket\/wp-json\/wp\/v2\/pages\/1406\/revisions\/2006"}],"wp:attachment":[{"href":"https:\/\/ntnui.no\/basket\/wp-json\/wp\/v2\/media?parent=1406"}],"curies":[{"name":"wp","href":"https:\/\/api.w.org\/{rel}","templated":true}]}}