{"id":1396,"date":"2019-07-20T11:01:27","date_gmt":"2019-07-20T09:01:27","guid":{"rendered":"https:\/\/ntnui.no\/basket\/?page_id=1396"},"modified":"2025-08-11T19:03:51","modified_gmt":"2025-08-11T17:03:51","slug":"chickens","status":"publish","type":"page","link":"https:\/\/ntnui.no\/basket\/chickens\/","title":{"rendered":"Chickens"},"content":{"rendered":"<div class=\"wp-block-coblocks-social wp-block-coblocks-social-profiles is-style-icon-and-text has-colors has-button-size-med\"><ul><li><a href=\"https:\/\/www.instagram.com\/ntnuichickens\/\" title=\"Instagram\" class=\"wp-block-button__link wp-block-coblocks-social__button wp-block-coblocks-social__button--instagram has-padding\" style=\"border-radius:40px\"><span class=\"wp-block-coblocks-social__icon\"><\/span><span class=\"wp-block-coblocks-social__text\">Instagram<\/span><\/a><\/li><\/ul><\/div>\n\n\n<p>Lagleder : Hanna Nordtveit Sand<\/p>\n\n\n\n<p>Chickens er NTNUI Basket sitt 1. lag p\u00e5 kvinnesiden og har spillere med bakgrunn fra klubber b\u00e5de i Norge og Europa. I 2023 deltok Chickens i student-EM i Portugal, men spiller til vanlig seriespill i Trondheim. Vi har det alltid g\u00f8y, m\u00e5tte det v\u00e6re p\u00e5 trening eller fest. Vi er nemlig like gode p\u00e5 begge deler.<\/p>\n","protected":false},"excerpt":{"rendered":"<p>Lagleder : Hanna Nordtveit Sand Chickens er NTNUI Basket sitt 1. lag p\u00e5 kvinnesiden og har spillere med bakgrunn fra klubber b\u00e5de i Norge og Europa. I 2023 deltok Chickens i student-EM i Portugal, men spiller til vanlig seriespill i Trondheim. Vi har det alltid g\u00f8y, m\u00e5tte det v\u00e6re p\u00e5 trening eller fest. Vi er [&hellip;]<\/p>\n","protected":false},"author":35,"featured_media":0,"parent":0,"menu_order":0,"comment_status":"closed","ping_status":"closed","template":"","meta":{"_coblocks_attr":"","_coblocks_dimensions":"","_coblocks_responsive_height":"","_coblocks_accordion_ie_support":"","_price":"","_stock":"","_tribe_ticket_header":"","_tribe_default_ticket_provider":"","_tribe_ticket_capacity":"0","_ticket_start_date":"","_ticket_end_date":"","_tribe_ticket_show_description":"","_tribe_ticket_show_not_going":false,"_tribe_ticket_use_global_stock":"","_tribe_ticket_global_stock_level":"","_global_stock_mode":"","_global_stock_cap":"","_tribe_rsvp_for_event":"","_tribe_ticket_going_count":"","_tribe_ticket_not_going_count":"","_tribe_tickets_list":[],"_tribe_ticket_has_attendee_info_fields":false,"footnotes":""},"class_list":["post-1396","page","type-page","status-publish","hentry"],"featured_image_src":null,"featured_image_src_square":null,"jetpack_sharing_enabled":true,"_links":{"self":[{"href":"https:\/\/ntnui.no\/basket\/wp-json\/wp\/v2\/pages\/1396","targetHints":{"allow":["GET"]}}],"collection":[{"href":"https:\/\/ntnui.no\/basket\/wp-json\/wp\/v2\/pages"}],"about":[{"href":"https:\/\/ntnui.no\/basket\/wp-json\/wp\/v2\/types\/page"}],"author":[{"embeddable":true,"href":"https:\/\/ntnui.no\/basket\/wp-json\/wp\/v2\/users\/35"}],"replies":[{"embeddable":true,"href":"https:\/\/ntnui.no\/basket\/wp-json\/wp\/v2\/comments?post=1396"}],"version-history":[{"count":5,"href":"https:\/\/ntnui.no\/basket\/wp-json\/wp\/v2\/pages\/1396\/revisions"}],"predecessor-version":[{"id":1993,"href":"https:\/\/ntnui.no\/basket\/wp-json\/wp\/v2\/pages\/1396\/revisions\/1993"}],"wp:attachment":[{"href":"https:\/\/ntnui.no\/basket\/wp-json\/wp\/v2\/media?parent=1396"}],"curies":[{"name":"wp","href":"https:\/\/api.w.org\/{rel}","templated":true}]}}