{"id":1385,"date":"2019-07-20T10:49:11","date_gmt":"2019-07-20T08:49:11","guid":{"rendered":"https:\/\/ntnui.no\/basket\/?page_id=1385"},"modified":"2025-08-11T19:04:52","modified_gmt":"2025-08-11T17:04:52","slug":"shakers","status":"publish","type":"page","link":"https:\/\/ntnui.no\/basket\/shakers\/","title":{"rendered":"Shakers"},"content":{"rendered":"\n<p>Lagleder: Maja Hestness Trommestad<\/p>\n\n\n\n<p>Shakers er NTNUI basket sitt tredjelag p\u00e5 jentesiden. Vi er en variert gjeng hvor noen har spilt basket lenge, mens for noen er shakers f\u00f8rste basketlaget de er med p\u00e5. Vi er alle glade i utvikle oss ferdighetsmessig, men er samtidig en sosial gjeng som liker \u00e5 le p\u00e5 trening ogs\u00e5!<\/p>\n","protected":false},"excerpt":{"rendered":"<p>Lagleder: Maja Hestness Trommestad Shakers er NTNUI basket sitt tredjelag p\u00e5 jentesiden. Vi er en variert gjeng hvor noen har spilt basket lenge, mens for noen er shakers f\u00f8rste basketlaget de er med p\u00e5. Vi er alle glade i utvikle oss ferdighetsmessig, men er samtidig en sosial gjeng som liker \u00e5 le p\u00e5 trening ogs\u00e5!<\/p>\n","protected":false},"author":35,"featured_media":0,"parent":0,"menu_order":0,"comment_status":"closed","ping_status":"closed","template":"","meta":{"_coblocks_attr":"","_coblocks_dimensions":"","_coblocks_responsive_height":"","_coblocks_accordion_ie_support":"","_price":"","_stock":"","_tribe_ticket_header":"","_tribe_default_ticket_provider":"","_tribe_ticket_capacity":"0","_ticket_start_date":"","_ticket_end_date":"","_tribe_ticket_show_description":"","_tribe_ticket_show_not_going":false,"_tribe_ticket_use_global_stock":"","_tribe_ticket_global_stock_level":"","_global_stock_mode":"","_global_stock_cap":"","_tribe_rsvp_for_event":"","_tribe_ticket_going_count":"","_tribe_ticket_not_going_count":"","_tribe_tickets_list":[],"_tribe_ticket_has_attendee_info_fields":false,"footnotes":""},"class_list":["post-1385","page","type-page","status-publish","hentry"],"featured_image_src":null,"featured_image_src_square":null,"jetpack_sharing_enabled":true,"_links":{"self":[{"href":"https:\/\/ntnui.no\/basket\/wp-json\/wp\/v2\/pages\/1385","targetHints":{"allow":["GET"]}}],"collection":[{"href":"https:\/\/ntnui.no\/basket\/wp-json\/wp\/v2\/pages"}],"about":[{"href":"https:\/\/ntnui.no\/basket\/wp-json\/wp\/v2\/types\/page"}],"author":[{"embeddable":true,"href":"https:\/\/ntnui.no\/basket\/wp-json\/wp\/v2\/users\/35"}],"replies":[{"embeddable":true,"href":"https:\/\/ntnui.no\/basket\/wp-json\/wp\/v2\/comments?post=1385"}],"version-history":[{"count":4,"href":"https:\/\/ntnui.no\/basket\/wp-json\/wp\/v2\/pages\/1385\/revisions"}],"predecessor-version":[{"id":1994,"href":"https:\/\/ntnui.no\/basket\/wp-json\/wp\/v2\/pages\/1385\/revisions\/1994"}],"wp:attachment":[{"href":"https:\/\/ntnui.no\/basket\/wp-json\/wp\/v2\/media?parent=1385"}],"curies":[{"name":"wp","href":"https:\/\/api.w.org\/{rel}","templated":true}]}}