{"id":1360,"date":"2019-07-20T09:57:40","date_gmt":"2019-07-20T07:57:40","guid":{"rendered":"https:\/\/ntnui.no\/basket\/?page_id=1360"},"modified":"2025-08-12T21:28:34","modified_gmt":"2025-08-12T19:28:34","slug":"nerds","status":"publish","type":"page","link":"https:\/\/ntnui.no\/basket\/nerds\/","title":{"rendered":"Nerds"},"content":{"rendered":"<div class=\"wp-block-coblocks-social wp-block-coblocks-social-profiles is-style-icon-and-text has-colors has-button-size-med\"><ul><li><a href=\"https:\/\/www.instagram.com\/ntnuinerds\/\" title=\"Instagram\" class=\"wp-block-button__link wp-block-coblocks-social__button wp-block-coblocks-social__button--instagram has-padding\" style=\"border-radius:40px\" target=\"_blank\" rel=\"noopener noreferrer\"><span class=\"wp-block-coblocks-social__icon\"><\/span><span class=\"wp-block-coblocks-social__text\">Instagram<\/span><\/a><\/li><\/ul><\/div>\n\n\n<p>Lagleder: Aleksander Tufte<\/p>\n\n\n\n<p>Som 1. lag p\u00e5 NTNUI basket Trondheim, og det soleklart beste studentlaget i Norge, er det mange som tenker at vi trener hele tiden og at man m\u00e5 ha jevnlige highlights p\u00e5 ESPN for \u00e5 spille for oss. DET STEMMER IKKE! (kanskje litt) <br>Vi trener 2 ganger i uken og har flere spillere som beskrives som \u00abhelt grei i basketball\u00bb. Vi er en blanding av seige veteraner, h\u00f8ytflyvende talenter og eksotiske utvekslingsstudenter, men det vi alle har til felles er at vi elsker \u00e5 vinne -b\u00e5de p\u00e5 banen og p\u00e5 fest!<\/p>\n","protected":false},"excerpt":{"rendered":"<p>Lagleder: Aleksander Tufte Som 1. lag p\u00e5 NTNUI basket Trondheim, og det soleklart beste studentlaget i Norge, er det mange som tenker at vi trener hele tiden og at man m\u00e5 ha jevnlige highlights p\u00e5 ESPN for \u00e5 spille for oss. DET STEMMER IKKE! (kanskje litt) Vi trener 2 ganger i uken og har flere [&hellip;]<\/p>\n","protected":false},"author":35,"featured_media":0,"parent":0,"menu_order":0,"comment_status":"closed","ping_status":"closed","template":"","meta":{"_coblocks_attr":"","_coblocks_dimensions":"","_coblocks_responsive_height":"","_coblocks_accordion_ie_support":"","_price":"","_stock":"","_tribe_ticket_header":"","_tribe_default_ticket_provider":"","_tribe_ticket_capacity":"0","_ticket_start_date":"","_ticket_end_date":"","_tribe_ticket_show_description":"","_tribe_ticket_show_not_going":false,"_tribe_ticket_use_global_stock":"","_tribe_ticket_global_stock_level":"","_global_stock_mode":"","_global_stock_cap":"","_tribe_rsvp_for_event":"","_tribe_ticket_going_count":"","_tribe_ticket_not_going_count":"","_tribe_tickets_list":[],"_tribe_ticket_has_attendee_info_fields":false,"footnotes":""},"class_list":["post-1360","page","type-page","status-publish","hentry"],"featured_image_src":null,"featured_image_src_square":null,"jetpack_sharing_enabled":true,"_links":{"self":[{"href":"https:\/\/ntnui.no\/basket\/wp-json\/wp\/v2\/pages\/1360","targetHints":{"allow":["GET"]}}],"collection":[{"href":"https:\/\/ntnui.no\/basket\/wp-json\/wp\/v2\/pages"}],"about":[{"href":"https:\/\/ntnui.no\/basket\/wp-json\/wp\/v2\/types\/page"}],"author":[{"embeddable":true,"href":"https:\/\/ntnui.no\/basket\/wp-json\/wp\/v2\/users\/35"}],"replies":[{"embeddable":true,"href":"https:\/\/ntnui.no\/basket\/wp-json\/wp\/v2\/comments?post=1360"}],"version-history":[{"count":9,"href":"https:\/\/ntnui.no\/basket\/wp-json\/wp\/v2\/pages\/1360\/revisions"}],"predecessor-version":[{"id":2007,"href":"https:\/\/ntnui.no\/basket\/wp-json\/wp\/v2\/pages\/1360\/revisions\/2007"}],"wp:attachment":[{"href":"https:\/\/ntnui.no\/basket\/wp-json\/wp\/v2\/media?parent=1360"}],"curies":[{"name":"wp","href":"https:\/\/api.w.org\/{rel}","templated":true}]}}