{"id":1231,"date":"2018-09-27T14:18:43","date_gmt":"2018-09-27T12:18:43","guid":{"rendered":"https:\/\/ntnui.no\/basket\/?page_id=1231"},"modified":"2025-07-29T22:25:59","modified_gmt":"2025-07-29T20:25:59","slug":"om","status":"publish","type":"page","link":"https:\/\/ntnui.no\/basket\/om\/","title":{"rendered":"Om"},"content":{"rendered":"\n<h2 class=\"wp-block-heading\">NTNUI Basket<\/h2>\n\n\n\n<p>Vi er basketgruppen i NTNUI, og har 10 forskjellige lag, fordelt b\u00e5de p\u00e5 herre- og kvinnesiden. \u00c5tte av lagene spiller i serie i Region Midt. Vi har lag som passer for alle niv\u00e5, fra lag i 1. divisjon til lag som ikke enda spiller offisielle kamper i serie. Den sosiale delen av idretten setter vi ogs\u00e5 h\u00f8yt, og har et godt samhold og milj\u00f8 i gruppen. Vi er en inkluderende og trivelig gjeng som elsker basket, med fokus p\u00e5 \u00e5 ha det g\u00f8y med sporten. Kom i hallen og bli med!<\/p>\n\n\n\n<h2 class=\"wp-block-heading\">Styret 2025<\/h2>\n\n\n\n<p>Vi er styret i NTNUI basket og vi har ansvaret for at alt g\u00e5r rundt p\u00e5 best mulig m\u00e5te i basketgruppen. Vi styrer alt fra det sportslige, til det \u00f8konomiske til det sosiale, og fungerer som et ansikt utad for hele basketgruppen. Styret best\u00e5r av spillere fra de forskjellige lagene. V\u00e5r hovedjobb er \u00e5 s\u00f8rge for at alle spillerne trives p\u00e5 banen og at vi har en god sosial atmosf\u00e6re utenfor banen!<\/p>\n\n\n\n<h2 class=\"wp-block-heading\"><\/h2>\n\n\n\n<p><\/p>\n","protected":false},"excerpt":{"rendered":"<p>NTNUI Basket Vi er basketgruppen i NTNUI, og har 10 forskjellige lag, fordelt b\u00e5de p\u00e5 herre- og kvinnesiden. \u00c5tte av lagene spiller i serie i Region Midt. Vi har lag som passer for alle niv\u00e5, fra lag i 1. divisjon til lag som ikke enda spiller offisielle kamper i serie. Den sosiale delen av idretten [&hellip;]<\/p>\n","protected":false},"author":35,"featured_media":0,"parent":0,"menu_order":0,"comment_status":"closed","ping_status":"closed","template":"","meta":{"_coblocks_attr":"","_coblocks_dimensions":"","_coblocks_responsive_height":"","_coblocks_accordion_ie_support":"","_price":"","_stock":"","_tribe_ticket_header":"","_tribe_default_ticket_provider":"","_tribe_ticket_capacity":"0","_ticket_start_date":"","_ticket_end_date":"","_tribe_ticket_show_description":"","_tribe_ticket_show_not_going":false,"_tribe_ticket_use_global_stock":"","_tribe_ticket_global_stock_level":"","_global_stock_mode":"","_global_stock_cap":"","_tribe_rsvp_for_event":"","_tribe_ticket_going_count":"","_tribe_ticket_not_going_count":"","_tribe_tickets_list":[],"_tribe_ticket_has_attendee_info_fields":false,"footnotes":""},"class_list":["post-1231","page","type-page","status-publish","hentry"],"featured_image_src":null,"featured_image_src_square":null,"jetpack_sharing_enabled":true,"_links":{"self":[{"href":"https:\/\/ntnui.no\/basket\/wp-json\/wp\/v2\/pages\/1231","targetHints":{"allow":["GET"]}}],"collection":[{"href":"https:\/\/ntnui.no\/basket\/wp-json\/wp\/v2\/pages"}],"about":[{"href":"https:\/\/ntnui.no\/basket\/wp-json\/wp\/v2\/types\/page"}],"author":[{"embeddable":true,"href":"https:\/\/ntnui.no\/basket\/wp-json\/wp\/v2\/users\/35"}],"replies":[{"embeddable":true,"href":"https:\/\/ntnui.no\/basket\/wp-json\/wp\/v2\/comments?post=1231"}],"version-history":[{"count":10,"href":"https:\/\/ntnui.no\/basket\/wp-json\/wp\/v2\/pages\/1231\/revisions"}],"predecessor-version":[{"id":1962,"href":"https:\/\/ntnui.no\/basket\/wp-json\/wp\/v2\/pages\/1231\/revisions\/1962"}],"wp:attachment":[{"href":"https:\/\/ntnui.no\/basket\/wp-json\/wp\/v2\/media?parent=1231"}],"curies":[{"name":"wp","href":"https:\/\/api.w.org\/{rel}","templated":true}]}}