{"id":1203,"date":"2018-09-27T12:56:43","date_gmt":"2018-09-27T10:56:43","guid":{"rendered":"https:\/\/ntnui.no\/basket\/?page_id=1203"},"modified":"2026-02-11T16:17:19","modified_gmt":"2026-02-11T15:17:19","slug":"tryouts","status":"publish","type":"page","link":"https:\/\/ntnui.no\/basket\/tryouts\/","title":{"rendered":"Tryouts"},"content":{"rendered":"\n<p>Det er dessverre ikke flere tryouts dette semesteret. Vi har imidlertid mosjonsbasket hver mandag kl. 18.30\u201319.30, som kan bookes via gruppetimer p\u00e5 SiT. Dette er en fin mulighet dersom du \u00f8nsker \u00e5 pr\u00f8ve basketball eller \u00f8nsker spille for g\u00f8y.<\/p>\n\n\n\n<p><\/p>\n\n\n\n<p><\/p>\n","protected":false},"excerpt":{"rendered":"<p>Det er dessverre ikke flere tryouts dette semesteret. Vi har imidlertid mosjonsbasket hver mandag kl. 18.30\u201319.30, som kan bookes via gruppetimer p\u00e5 SiT. Dette er en fin mulighet dersom du \u00f8nsker \u00e5 pr\u00f8ve basketball eller \u00f8nsker spille for g\u00f8y.<\/p>\n","protected":false},"author":35,"featured_media":0,"parent":0,"menu_order":0,"comment_status":"closed","ping_status":"closed","template":"","meta":{"_coblocks_attr":"","_coblocks_dimensions":"","_coblocks_responsive_height":"","_coblocks_accordion_ie_support":"","_price":"","_stock":"","_tribe_ticket_header":"","_tribe_default_ticket_provider":"","_tribe_ticket_capacity":"0","_ticket_start_date":"","_ticket_end_date":"","_tribe_ticket_show_description":"","_tribe_ticket_show_not_going":false,"_tribe_ticket_use_global_stock":"","_tribe_ticket_global_stock_level":"","_global_stock_mode":"","_global_stock_cap":"","_tribe_rsvp_for_event":"","_tribe_ticket_going_count":"","_tribe_ticket_not_going_count":"","_tribe_tickets_list":[],"_tribe_ticket_has_attendee_info_fields":false,"footnotes":""},"class_list":["post-1203","page","type-page","status-publish","hentry"],"featured_image_src":null,"featured_image_src_square":null,"jetpack_sharing_enabled":true,"_links":{"self":[{"href":"https:\/\/ntnui.no\/basket\/wp-json\/wp\/v2\/pages\/1203","targetHints":{"allow":["GET"]}}],"collection":[{"href":"https:\/\/ntnui.no\/basket\/wp-json\/wp\/v2\/pages"}],"about":[{"href":"https:\/\/ntnui.no\/basket\/wp-json\/wp\/v2\/types\/page"}],"author":[{"embeddable":true,"href":"https:\/\/ntnui.no\/basket\/wp-json\/wp\/v2\/users\/35"}],"replies":[{"embeddable":true,"href":"https:\/\/ntnui.no\/basket\/wp-json\/wp\/v2\/comments?post=1203"}],"version-history":[{"count":39,"href":"https:\/\/ntnui.no\/basket\/wp-json\/wp\/v2\/pages\/1203\/revisions"}],"predecessor-version":[{"id":2027,"href":"https:\/\/ntnui.no\/basket\/wp-json\/wp\/v2\/pages\/1203\/revisions\/2027"}],"wp:attachment":[{"href":"https:\/\/ntnui.no\/basket\/wp-json\/wp\/v2\/media?parent=1203"}],"curies":[{"name":"wp","href":"https:\/\/api.w.org\/{rel}","templated":true}]}}