{"id":1186,"date":"2018-09-26T18:29:45","date_gmt":"2018-09-26T16:29:45","guid":{"rendered":"https:\/\/ntnui.no\/basket\/?page_id=1186"},"modified":"2025-07-29T22:18:55","modified_gmt":"2025-07-29T20:18:55","slug":"herrer","status":"publish","type":"page","link":"https:\/\/ntnui.no\/basket\/lag\/herrer\/","title":{"rendered":"Herrer"},"content":{"rendered":"\n<div class=\"wp-block-media-text alignwide is-stacked-on-mobile\"><figure class=\"wp-block-media-text__media\"><img loading=\"lazy\" decoding=\"async\" width=\"2048\" height=\"1536\" src=\"https:\/\/ntnui.no\/basket\/wp-content\/uploads\/sites\/165\/2024\/05\/nerds.jpg\" alt=\"\" class=\"wp-image-1838 size-full\" \/><\/figure><div class=\"wp-block-media-text__content\">\n<h3 class=\"wp-block-heading\">NERDS<\/h3>\n\n\n\n<p>Nerds spiller i 2M divisjon hvor det er 7 lag som spiller trippel serie. 2M divisjon er det \u00f8verste regionale niv\u00e5et i Trondheim.<\/p>\n\n\n<div class=\"wp-block-coblocks-social wp-block-coblocks-social-profiles is-style-icon-and-text has-colors has-button-size-med\"><ul><li><a href=\"https:\/\/www.instagram.com\/ntnuinerds\/\" title=\"Instagram\" class=\"wp-block-button__link wp-block-coblocks-social__button wp-block-coblocks-social__button--instagram has-padding\" style=\"border-radius:40px\" target=\"_blank\" rel=\"noopener noreferrer\"><span class=\"wp-block-coblocks-social__icon\"><\/span><span class=\"wp-block-coblocks-social__text\">Instagram<\/span><\/a><\/li><\/ul><\/div>\n\n\n<div class=\"wp-block-buttons is-layout-flex wp-block-buttons-is-layout-flex\">\n<div class=\"wp-block-button\"><a class=\"wp-block-button__link wp-element-button\" href=\"https:\/\/ntnui.no\/basket\/nerds\/\" rel=\"https:\/\/ntnui.no\/basket\/nerds\/\">Les mer<\/a><\/div>\n<\/div>\n\n\n\n<p><\/p>\n<\/div><\/div>\n\n\n\n<div class=\"wp-block-media-text alignwide has-media-on-the-right is-stacked-on-mobile\"><div class=\"wp-block-media-text__content\">\n<h3 class=\"wp-block-heading\">GEEZEZ<\/h3>\n\n\n\n<p>Geezez er 2. laget til NTNUI herrer og spiller i 2M divisjon hvor det er 7 lag som spiller trippel serie. 2M divisjon er det \u00f8verste reginale niv\u00e5et i Trondheim.<\/p>\n\n\n<div class=\"wp-block-coblocks-social wp-block-coblocks-social-profiles is-style-icon-and-text has-colors has-button-size-med\"><ul><li><a href=\"https:\/\/www.instagram.com\/ntnuigeezez\/\" title=\"Instagram\" class=\"wp-block-button__link wp-block-coblocks-social__button wp-block-coblocks-social__button--instagram has-padding\" style=\"border-radius:40px\" target=\"_blank\" rel=\"noopener noreferrer\"><span class=\"wp-block-coblocks-social__icon\"><\/span><span class=\"wp-block-coblocks-social__text\">Instagram<\/span><\/a><\/li><\/ul><\/div>\n\n\n<div class=\"wp-block-buttons is-layout-flex wp-block-buttons-is-layout-flex\">\n<div class=\"wp-block-button\"><a class=\"wp-block-button__link wp-element-button\" href=\"https:\/\/ntnui.no\/basket\/geezez\">Les mer<\/a><\/div>\n<\/div>\n<\/div><figure class=\"wp-block-media-text__media\"><img loading=\"lazy\" decoding=\"async\" width=\"2559\" height=\"1706\" src=\"https:\/\/ntnui.no\/basket\/wp-content\/uploads\/sites\/165\/2024\/04\/geezez.jpg\" alt=\"\" class=\"wp-image-1816 size-full\" \/><\/figure><\/div>\n\n\n\n<div class=\"wp-block-media-text alignwide is-stacked-on-mobile\"><figure class=\"wp-block-media-text__media\"><img loading=\"lazy\" decoding=\"async\" width=\"1024\" height=\"683\" src=\"https:\/\/ntnui.no\/basket\/wp-content\/uploads\/sites\/165\/2024\/04\/priests.jpg\" alt=\"\" class=\"wp-image-1818 size-full\" \/><\/figure><div class=\"wp-block-media-text__content\">\n<h3 class=\"wp-block-heading\">PRIESTS<\/h3>\n\n\n\n<p>Priests spiller i 3M divisjon, som er den neste beste regionale ligaen i Trondheim. Det pleier \u00e5 v\u00e6re rundt 10 lag med i ligaen hvor det spilles enkel serie. <\/p>\n\n\n\n<div class=\"wp-block-buttons is-layout-flex wp-block-buttons-is-layout-flex\">\n<div class=\"wp-block-button\"><a class=\"wp-block-button__link wp-element-button\" href=\"https:\/\/ntnui.no\/basket\/priests\/\">Les mer<\/a><\/div>\n<\/div>\n<\/div><\/div>\n\n\n\n<div class=\"wp-block-media-text alignwide has-media-on-the-right is-stacked-on-mobile\" style=\"grid-template-columns:auto 52%\"><div class=\"wp-block-media-text__content\">\n<h3 class=\"wp-block-heading\">BEARS<\/h3>\n\n\n\n<p>Bears er det femte herrebasketlaget til NTNUI og spiller i 3M divisjon. Det pleier \u00e5 v\u00e6re rundt 10 lag med i ligaen hvor det spilles enkel serie.<\/p>\n\n\n<div class=\"wp-block-coblocks-social wp-block-coblocks-social-profiles is-style-icon-and-text has-colors has-button-size-med\"><ul><li><a href=\"https:\/\/www.instagram.com\/ntnui_bears\/\" title=\"Instagram\" class=\"wp-block-button__link wp-block-coblocks-social__button wp-block-coblocks-social__button--instagram has-padding\" style=\"border-radius:40px\"><span class=\"wp-block-coblocks-social__icon\"><\/span><span class=\"wp-block-coblocks-social__text\">Instagram<\/span><\/a><\/li><\/ul><\/div>\n\n\n<div class=\"wp-block-buttons is-layout-flex wp-block-buttons-is-layout-flex\">\n<div class=\"wp-block-button\"><a class=\"wp-block-button__link wp-element-button\" href=\"https:\/\/ntnui.no\/basket\/bears\/\">Les mer<\/a><\/div>\n<\/div>\n\n\n\n<p><\/p>\n<\/div><figure class=\"wp-block-media-text__media\"><img loading=\"lazy\" decoding=\"async\" width=\"1024\" height=\"683\" src=\"https:\/\/ntnui.no\/basket\/wp-content\/uploads\/sites\/165\/2024\/04\/bears.jpg\" alt=\"\" class=\"wp-image-1819 size-full\" \/><\/figure><\/div>\n\n\n\n<div class=\"wp-block-media-text alignwide is-stacked-on-mobile\"><figure class=\"wp-block-media-text__media\"><img loading=\"lazy\" decoding=\"async\" width=\"1024\" height=\"683\" src=\"https:\/\/ntnui.no\/basket\/wp-content\/uploads\/sites\/165\/2024\/04\/Cups.jpg\" alt=\"\" class=\"wp-image-1820 size-full\" \/><\/figure><div class=\"wp-block-media-text__content\">\n<h3 class=\"wp-block-heading\">CUBS<\/h3>\n\n\n\n<p>Cubs spiller i 3M divisjon, som er den neste beste regionale ligaen i Trondheim. Det pleier \u00e5 v\u00e6re rundt 10 lag med i ligaen hvor det spilles enkel serie.<\/p>\n\n\n<div class=\"wp-block-coblocks-social wp-block-coblocks-social-profiles is-style-icon-and-text has-colors has-button-size-med\"><ul><li><a href=\"https:\/\/www.instagram.com\/ntnui_cubs\/\" title=\"Instagram\" class=\"wp-block-button__link wp-block-coblocks-social__button wp-block-coblocks-social__button--instagram has-padding\" style=\"border-radius:40px\" target=\"_blank\" rel=\"noopener noreferrer\"><span class=\"wp-block-coblocks-social__icon\"><\/span><span class=\"wp-block-coblocks-social__text\">Instagram<\/span><\/a><\/li><\/ul><\/div>\n\n\n<div class=\"wp-block-buttons is-layout-flex wp-block-buttons-is-layout-flex\">\n<div class=\"wp-block-button\"><a class=\"wp-block-button__link wp-element-button\" href=\"https:\/\/ntnui.no\/basket\/cubs\/\">Les mer<\/a><\/div>\n<\/div>\n<\/div><\/div>\n\n\n\n<div class=\"wp-block-media-text alignwide has-media-on-the-right is-stacked-on-mobile\" style=\"grid-template-columns:auto 52%\"><div class=\"wp-block-media-text__content\">\n<h3 class=\"wp-block-heading\">CRABS <\/h3>\n\n\n\n<p>Crabs er det sjette laget p\u00e5 herresiden, etablert i 2024. Laget har forel\u00f8pig ingen logo eller lagbilde og deltar enn\u00e5 ikke p\u00e5 kamper.<\/p>\n\n\n<div class=\"wp-block-coblocks-social wp-block-coblocks-social-profiles is-style-icon-and-text has-colors has-button-size-med\"><ul><li><a href=\"https:\/\/www.instagram.com\/ntnuicrabs\/\" title=\"Instagram\" class=\"wp-block-button__link wp-block-coblocks-social__button wp-block-coblocks-social__button--instagram has-padding\" style=\"border-radius:40px\" target=\"_blank\" rel=\"noopener noreferrer\"><span class=\"wp-block-coblocks-social__icon\"><\/span><span class=\"wp-block-coblocks-social__text\">Instagram<\/span><\/a><\/li><\/ul><\/div>\n\n\n<div class=\"wp-block-buttons is-layout-flex wp-block-buttons-is-layout-flex\">\n<div class=\"wp-block-button\"><a class=\"wp-block-button__link wp-element-button\" href=\"https:\/\/ntnui.no\/basket\/crabs\/\">Les mer<\/a><\/div>\n<\/div>\n<\/div><figure class=\"wp-block-media-text__media\"><img loading=\"lazy\" decoding=\"async\" width=\"480\" height=\"360\" src=\"https:\/\/ntnui.no\/basket\/wp-content\/uploads\/sites\/165\/2025\/02\/crabs.jpg\" alt=\"\" class=\"wp-image-1917 size-full\" \/><\/figure><\/div>\n\n\n\n<p><\/p>\n","protected":false},"excerpt":{"rendered":"","protected":false},"author":35,"featured_media":0,"parent":1171,"menu_order":0,"comment_status":"closed","ping_status":"closed","template":"","meta":{"_coblocks_attr":"","_coblocks_dimensions":"","_coblocks_responsive_height":"","_coblocks_accordion_ie_support":"","_price":"","_stock":"","_tribe_ticket_header":"","_tribe_default_ticket_provider":"","_tribe_ticket_capacity":"0","_ticket_start_date":"","_ticket_end_date":"","_tribe_ticket_show_description":"","_tribe_ticket_show_not_going":false,"_tribe_ticket_use_global_stock":"","_tribe_ticket_global_stock_level":"","_global_stock_mode":"","_global_stock_cap":"","_tribe_rsvp_for_event":"","_tribe_ticket_going_count":"","_tribe_ticket_not_going_count":"","_tribe_tickets_list":[],"_tribe_ticket_has_attendee_info_fields":false,"footnotes":""},"class_list":["post-1186","page","type-page","status-publish","hentry"],"featured_image_src":null,"featured_image_src_square":null,"jetpack_sharing_enabled":true,"_links":{"self":[{"href":"https:\/\/ntnui.no\/basket\/wp-json\/wp\/v2\/pages\/1186","targetHints":{"allow":["GET"]}}],"collection":[{"href":"https:\/\/ntnui.no\/basket\/wp-json\/wp\/v2\/pages"}],"about":[{"href":"https:\/\/ntnui.no\/basket\/wp-json\/wp\/v2\/types\/page"}],"author":[{"embeddable":true,"href":"https:\/\/ntnui.no\/basket\/wp-json\/wp\/v2\/users\/35"}],"replies":[{"embeddable":true,"href":"https:\/\/ntnui.no\/basket\/wp-json\/wp\/v2\/comments?post=1186"}],"version-history":[{"count":44,"href":"https:\/\/ntnui.no\/basket\/wp-json\/wp\/v2\/pages\/1186\/revisions"}],"predecessor-version":[{"id":1957,"href":"https:\/\/ntnui.no\/basket\/wp-json\/wp\/v2\/pages\/1186\/revisions\/1957"}],"up":[{"embeddable":true,"href":"https:\/\/ntnui.no\/basket\/wp-json\/wp\/v2\/pages\/1171"}],"wp:attachment":[{"href":"https:\/\/ntnui.no\/basket\/wp-json\/wp\/v2\/media?parent=1186"}],"curies":[{"name":"wp","href":"https:\/\/api.w.org\/{rel}","templated":true}]}}