{"id":7,"date":"2019-01-10T17:36:13","date_gmt":"2019-01-10T17:36:13","guid":{"rendered":"https:\/\/ntnui.no\/bandy2\/?page_id=7"},"modified":"2025-08-26T07:42:00","modified_gmt":"2025-08-26T07:42:00","slug":"forside","status":"publish","type":"page","link":"https:\/\/ntnui.no\/bandy\/","title":{"rendered":"Forside"},"content":{"rendered":"\n<p>Velkommen til NTNUI Bandy. <\/p>\n\n\n\n<p>For kontakt eller sp\u00f8rsm\u00e5l, send mail til <a href=\"mailto:bandy-leder@ntnui.no\">bandy-leder@ntnui.no<\/a><\/p>\n\n\n\n<p>Er du ny i Trondheim og \u00f8nsker \u00e5 spille bandy? Send en mail, eller melding p\u00e5 sosiale medier til dame- eller herrelaget. <\/p>\n\n\n\n<p><\/p>\n\n\n\n<p><\/p>\n","protected":false},"excerpt":{"rendered":"<p>Velkommen til NTNUI Bandy. For kontakt eller sp\u00f8rsm\u00e5l, send mail til bandy-leder@ntnui.no Er du ny i Trondheim og \u00f8nsker \u00e5 spille bandy? Send en mail, eller melding p\u00e5 sosiale medier til dame- eller herrelaget.<\/p>\n","protected":false},"author":7,"featured_media":0,"parent":0,"menu_order":0,"comment_status":"closed","ping_status":"closed","template":"","meta":{"_coblocks_attr":"","_coblocks_dimensions":"","_coblocks_responsive_height":"","_coblocks_accordion_ie_support":"","_price":"","_stock":"","_tribe_ticket_header":"","_tribe_default_ticket_provider":"","_tribe_ticket_capacity":"0","_ticket_start_date":"","_ticket_end_date":"","_tribe_ticket_show_description":"","_tribe_ticket_show_not_going":false,"_tribe_ticket_use_global_stock":"","_tribe_ticket_global_stock_level":"","_global_stock_mode":"","_global_stock_cap":"","_tribe_rsvp_for_event":"","_tribe_ticket_going_count":"","_tribe_ticket_not_going_count":"","_tribe_tickets_list":[],"_tribe_ticket_has_attendee_info_fields":false,"footnotes":""},"class_list":["post-7","page","type-page","status-publish","hentry"],"featured_image_src":null,"featured_image_src_square":null,"_links":{"self":[{"href":"https:\/\/ntnui.no\/bandy\/wp-json\/wp\/v2\/pages\/7","targetHints":{"allow":["GET"]}}],"collection":[{"href":"https:\/\/ntnui.no\/bandy\/wp-json\/wp\/v2\/pages"}],"about":[{"href":"https:\/\/ntnui.no\/bandy\/wp-json\/wp\/v2\/types\/page"}],"author":[{"embeddable":true,"href":"https:\/\/ntnui.no\/bandy\/wp-json\/wp\/v2\/users\/7"}],"replies":[{"embeddable":true,"href":"https:\/\/ntnui.no\/bandy\/wp-json\/wp\/v2\/comments?post=7"}],"version-history":[{"count":12,"href":"https:\/\/ntnui.no\/bandy\/wp-json\/wp\/v2\/pages\/7\/revisions"}],"predecessor-version":[{"id":140,"href":"https:\/\/ntnui.no\/bandy\/wp-json\/wp\/v2\/pages\/7\/revisions\/140"}],"wp:attachment":[{"href":"https:\/\/ntnui.no\/bandy\/wp-json\/wp\/v2\/media?parent=7"}],"curies":[{"name":"wp","href":"https:\/\/api.w.org\/{rel}","templated":true}]}}