{"id":19,"date":"2019-01-10T17:38:32","date_gmt":"2019-01-10T17:38:32","guid":{"rendered":"https:\/\/ntnui.no\/bandy2\/?page_id=19"},"modified":"2025-08-26T07:53:30","modified_gmt":"2025-08-26T07:53:30","slug":"treninger","status":"publish","type":"page","link":"https:\/\/ntnui.no\/bandy\/treninger\/","title":{"rendered":"Treninger"},"content":{"rendered":"\n<p>Treninger p\u00e5 is foreg\u00e5r p\u00e5 Leangen Idrettspark. <br><br>Treningstidene varierer noe ut ifra om det er inne i hockeyhallen eller p\u00e5 utebanen. Bli med i facebook-gruppen for n\u00e6rmere informasjon, eller ta kontakt med klubben via mail eller sosiale medier for mer informasjon.<\/p>\n\n\n\n<p><a href=\"https:\/\/www.facebook.com\/groups\/1366475393472182\">https:\/\/www.facebook.com\/groups\/1366475393472182<\/a><\/p>\n","protected":false},"excerpt":{"rendered":"<p>Treninger p\u00e5 is foreg\u00e5r p\u00e5 Leangen Idrettspark. Treningstidene varierer noe ut ifra om det er inne i hockeyhallen eller p\u00e5 utebanen. Bli med i facebook-gruppen for n\u00e6rmere informasjon, eller ta kontakt med klubben via mail eller sosiale medier for mer informasjon. https:\/\/www.facebook.com\/groups\/1366475393472182<\/p>\n","protected":false},"author":7,"featured_media":0,"parent":0,"menu_order":0,"comment_status":"closed","ping_status":"closed","template":"","meta":{"_coblocks_attr":"","_coblocks_dimensions":"","_coblocks_responsive_height":"","_coblocks_accordion_ie_support":"","_price":"","_stock":"","_tribe_ticket_header":"","_tribe_default_ticket_provider":"","_tribe_ticket_capacity":"0","_ticket_start_date":"","_ticket_end_date":"","_tribe_ticket_show_description":"","_tribe_ticket_show_not_going":false,"_tribe_ticket_use_global_stock":"","_tribe_ticket_global_stock_level":"","_global_stock_mode":"","_global_stock_cap":"","_tribe_rsvp_for_event":"","_tribe_ticket_going_count":"","_tribe_ticket_not_going_count":"","_tribe_tickets_list":[],"_tribe_ticket_has_attendee_info_fields":false,"footnotes":""},"class_list":["post-19","page","type-page","status-publish","hentry"],"featured_image_src":null,"featured_image_src_square":null,"_links":{"self":[{"href":"https:\/\/ntnui.no\/bandy\/wp-json\/wp\/v2\/pages\/19","targetHints":{"allow":["GET"]}}],"collection":[{"href":"https:\/\/ntnui.no\/bandy\/wp-json\/wp\/v2\/pages"}],"about":[{"href":"https:\/\/ntnui.no\/bandy\/wp-json\/wp\/v2\/types\/page"}],"author":[{"embeddable":true,"href":"https:\/\/ntnui.no\/bandy\/wp-json\/wp\/v2\/users\/7"}],"replies":[{"embeddable":true,"href":"https:\/\/ntnui.no\/bandy\/wp-json\/wp\/v2\/comments?post=19"}],"version-history":[{"count":5,"href":"https:\/\/ntnui.no\/bandy\/wp-json\/wp\/v2\/pages\/19\/revisions"}],"predecessor-version":[{"id":148,"href":"https:\/\/ntnui.no\/bandy\/wp-json\/wp\/v2\/pages\/19\/revisions\/148"}],"wp:attachment":[{"href":"https:\/\/ntnui.no\/bandy\/wp-json\/wp\/v2\/media?parent=19"}],"curies":[{"name":"wp","href":"https:\/\/api.w.org\/{rel}","templated":true}]}}