{"id":11,"date":"2019-01-10T17:36:42","date_gmt":"2019-01-10T17:36:42","guid":{"rendered":"https:\/\/ntnui.no\/bandy2\/?page_id=11"},"modified":"2025-08-26T07:51:44","modified_gmt":"2025-08-26T07:51:44","slug":"styret","status":"publish","type":"page","link":"https:\/\/ntnui.no\/bandy\/styret\/","title":{"rendered":"Styret \/ Kontakt oss"},"content":{"rendered":"\n<div class=\"wp-block-group\"><div class=\"wp-block-group__inner-container is-layout-flow wp-block-group-is-layout-flow\">\n<div style=\"background-color:#f2f2f2;color:#32373c\" class=\"wp-block-atomic-blocks-ab-profile-box square ab-font-size-18 ab-block-profile ab-profile-columns\"><div class=\"ab-profile-column ab-profile-content-wrap\"><h2 class=\"ab-profile-name\" style=\"color:#32373c\">Leder<\/h2><p class=\"ab-profile-title\" style=\"color:#32373c\">Leder for hele bandyklubben. Ta kontakt dersom du har sp\u00f8rsm\u00e5l. <\/p><div class=\"ab-profile-text\"><p>bandy-leder@ntnui.no<\/p><\/div><ul class=\"ab-social-links\"><li><a href=\"mailto:bandy-leder@ntnui.no\" target=\"_blank\" rel=\"noopener noreferrer\">Email <i style=\"background-color:#392f43\" class=\"far fa-envelope\"><\/i><\/a><\/li><\/ul><\/div><\/div>\n<\/div><\/div>\n\n\n\n<div class=\"wp-block-group\"><div class=\"wp-block-group__inner-container is-layout-flow wp-block-group-is-layout-flow\">\n<div style=\"background-color:#f2f2f2;color:#32373c\" class=\"wp-block-atomic-blocks-ab-profile-box square ab-font-size-18 ab-block-profile ab-profile-columns\"><div class=\"ab-profile-column ab-profile-content-wrap\"><h2 class=\"ab-profile-name\" style=\"color:#32373c\">Nestleder<\/h2><p class=\"ab-profile-title\" style=\"color:#32373c\">Nestleder.<\/p><div class=\"ab-profile-text\"><p>bandy-nestleder@ntnui.no<\/p><\/div><ul class=\"ab-social-links\"><\/ul><\/div><\/div>\n<\/div><\/div>\n\n\n\n<div class=\"wp-block-group\"><div class=\"wp-block-group__inner-container is-layout-flow wp-block-group-is-layout-flow\">\n<div style=\"background-color:#f2f2f2;color:#32373c\" class=\"wp-block-atomic-blocks-ab-profile-box square ab-font-size-18 ab-block-profile ab-profile-columns\"><div class=\"ab-profile-column ab-profile-content-wrap\"><h2 class=\"ab-profile-name\" style=\"color:#32373c\">Kasserer<\/h2><p class=\"ab-profile-title\" style=\"color:#32373c\">Kasserer, ansvarlig for budsjett, faktura og \u00f8konomirelaterte sp\u00f8rsm\u00e5l. <\/p><div class=\"ab-profile-text\"><p>bandy-kasserer@ntnui.no<\/p><\/div><ul class=\"ab-social-links\"><\/ul><\/div><\/div>\n<\/div><\/div>\n\n\n\n<p>Andre roller som eksempelvis trenere kan variere fra sesong til sesong. Ta kontakt med leder som gir deg riktig kontaktperson. <\/p>\n\n\n\n<h2 class=\"wp-block-heading\">Bes\u00f8ksadresse \/ Postadresse<\/h2>\n\n\n\n<p><\/p>\n\n\n\n<p>NTNUI Bandy<br><a href=\"https:\/\/www.google.com\/maps\/place\/\/data=!4m2!3m1!1s0x466d316a2f104089:0x3a206ea28cda0fbc?sa=X&amp;ved=1t:8290&amp;ictx=111\">Chr. Frederiks gate 20, 7030 Trondheim<\/a><\/p>\n\n\n\n<p><\/p>\n","protected":false},"excerpt":{"rendered":"<p>Andre roller som eksempelvis trenere kan variere fra sesong til sesong. Ta kontakt med leder som gir deg riktig kontaktperson. Bes\u00f8ksadresse \/ Postadresse NTNUI BandyChr. Frederiks gate 20, 7030 Trondheim<\/p>\n","protected":false},"author":7,"featured_media":0,"parent":0,"menu_order":0,"comment_status":"closed","ping_status":"closed","template":"","meta":{"_coblocks_attr":"","_coblocks_dimensions":"","_coblocks_responsive_height":"","_coblocks_accordion_ie_support":"","_price":"","_stock":"","_tribe_ticket_header":"","_tribe_default_ticket_provider":"","_tribe_ticket_capacity":"0","_ticket_start_date":"","_ticket_end_date":"","_tribe_ticket_show_description":"","_tribe_ticket_show_not_going":false,"_tribe_ticket_use_global_stock":"","_tribe_ticket_global_stock_level":"","_global_stock_mode":"","_global_stock_cap":"","_tribe_rsvp_for_event":"","_tribe_ticket_going_count":"","_tribe_ticket_not_going_count":"","_tribe_tickets_list":[],"_tribe_ticket_has_attendee_info_fields":false,"footnotes":""},"class_list":["post-11","page","type-page","status-publish","hentry"],"featured_image_src":null,"featured_image_src_square":null,"_links":{"self":[{"href":"https:\/\/ntnui.no\/bandy\/wp-json\/wp\/v2\/pages\/11","targetHints":{"allow":["GET"]}}],"collection":[{"href":"https:\/\/ntnui.no\/bandy\/wp-json\/wp\/v2\/pages"}],"about":[{"href":"https:\/\/ntnui.no\/bandy\/wp-json\/wp\/v2\/types\/page"}],"author":[{"embeddable":true,"href":"https:\/\/ntnui.no\/bandy\/wp-json\/wp\/v2\/users\/7"}],"replies":[{"embeddable":true,"href":"https:\/\/ntnui.no\/bandy\/wp-json\/wp\/v2\/comments?post=11"}],"version-history":[{"count":11,"href":"https:\/\/ntnui.no\/bandy\/wp-json\/wp\/v2\/pages\/11\/revisions"}],"predecessor-version":[{"id":147,"href":"https:\/\/ntnui.no\/bandy\/wp-json\/wp\/v2\/pages\/11\/revisions\/147"}],"wp:attachment":[{"href":"https:\/\/ntnui.no\/bandy\/wp-json\/wp\/v2\/media?parent=11"}],"curies":[{"name":"wp","href":"https:\/\/api.w.org\/{rel}","templated":true}]}}