{"id":7,"date":"2019-01-10T17:36:13","date_gmt":"2019-01-10T17:36:13","guid":{"rendered":"https:\/\/ntnui.no\/badminton-ny2\/?page_id=7"},"modified":"2025-12-31T14:59:33","modified_gmt":"2025-12-31T14:59:33","slug":"forside","status":"publish","type":"page","link":"https:\/\/ntnui.no\/badminton\/","title":{"rendered":""},"content":{"rendered":"\n<div class=\"wp-block-cover alignfull has-custom-content-position is-position-top-right is-light is-style-bottom-wave is-cropping\"><span aria-hidden=\"true\" class=\"wp-block-cover__background has-background-dim-50 has-background-dim wp-block-cover__gradient-background has-background-gradient has-midnight-gradient-background\"><\/span><img loading=\"lazy\" decoding=\"async\" width=\"4897\" height=\"3265\" class=\"wp-block-cover__image-background wp-image-3588\" alt=\"\" src=\"https:\/\/ntnui.no\/badminton\/wp-content\/uploads\/sites\/246\/2024\/04\/image.jpeg\" style=\"object-position:50% 20%\" data-object-fit=\"cover\" data-object-position=\"50% 20%\" \/><div class=\"wp-block-cover__inner-container is-layout-flow wp-block-cover-is-layout-flow\">\n<p class=\"has-text-align-center has-large-font-size\"><span style=\"color:#bfa0ac\" class=\"has-inline-color\">Photo: Blits\/Richarz<\/span><\/p>\n<\/div><\/div>\n\n\n\n<h1 class=\"wp-block-heading has-text-color coblocks-animate\" style=\"color:#00843d\" data-coblocks-animation=\"slideInLeft\">Velkommen til NTNUI Badminton<\/h1>\n\n\n<div class=\"wp-block-coblocks-post-carousel external\"><div class=\"coblocks-swiper swiper-container pb-8\" data-swiper=\"{&quot;slidesToScroll&quot;:1,&quot;arrow&quot;:true,&quot;slidesToShow&quot;:2,&quot;infinite&quot;:true,&quot;adaptiveHeight&quot;:false,&quot;draggable&quot;:true,&quot;rtl&quot;:false,&quot;responsive&quot;:[{&quot;breakpoint&quot;:1024,&quot;settings&quot;:{&quot;slidesToShow&quot;:3}},{&quot;breakpoint&quot;:600,&quot;settings&quot;:{&quot;slidesToShow&quot;:2}},{&quot;breakpoint&quot;:480,&quot;settings&quot;:{&quot;slidesToShow&quot;:1}}]}\"><div class=\"swiper-wrapper\" ><div class=\"wp-block-coblocks-post-carousel__item swiper-slide\"><div class=\"wp-block-coblocks-post-carousel__image\"><a href=\"https:\/\/ntnui.no\/badminton\/2026\/01\/09\/%f0%9f%8f%b8-provetimer-i-badminton-velkommen-%f0%9f%8f%b8\/\" class=\"bg-cover bg-center-center\" style=\"background-image:url(https:\/\/ntnui.no\/badminton\/wp-content\/uploads\/sites\/246\/2026\/01\/c790e9ce-ebe5-4e06-b4ac-84c5bb32324a.jpeg)\"><\/a><\/div><div class=\"wp-block-coblocks-post-carousel__content\"><time datetime=\"2026-01-09T17:21:18+00:00\" class=\"wp-block-coblocks-post-carousel__date\">januar 9, 2026<\/time><a href=\"https:\/\/ntnui.no\/badminton\/2026\/01\/09\/%f0%9f%8f%b8-provetimer-i-badminton-velkommen-%f0%9f%8f%b8\/\" alt=\"\ud83c\udff8 Pr\u00f8vetimer i badminton \u2013 velkommen! \ud83c\udff8\">\ud83c\udff8 Pr\u00f8vetimer i badminton \u2013 velkommen! \ud83c\udff8<\/a><div class=\"wp-block-coblocks-post-carousel__excerpt\">Er du nysgjerrig p\u00e5 badminton og vurderer \u00e5 &hellip; <\/div><\/div><\/div><div class=\"wp-block-coblocks-post-carousel__item swiper-slide\"><div class=\"wp-block-coblocks-post-carousel__image\"><a href=\"https:\/\/ntnui.no\/badminton\/en\/2026\/01\/09\/%f0%9f%8f%b8-badminton-tryout-sessions-welcome-%f0%9f%8f%b8\/\" class=\"bg-cover bg-center-center\" style=\"background-image:url(https:\/\/ntnui.no\/badminton\/wp-content\/uploads\/sites\/246\/2026\/01\/c790e9ce-ebe5-4e06-b4ac-84c5bb32324a.jpeg)\"><\/a><\/div><div class=\"wp-block-coblocks-post-carousel__content\"><time datetime=\"2026-01-09T17:20:59+00:00\" class=\"wp-block-coblocks-post-carousel__date\">januar 9, 2026<\/time><a href=\"https:\/\/ntnui.no\/badminton\/en\/2026\/01\/09\/%f0%9f%8f%b8-badminton-tryout-sessions-welcome-%f0%9f%8f%b8\/\" alt=\"\ud83c\udff8 Badminton Tryout Sessions \u2013 Welcome! \ud83c\udff8\">\ud83c\udff8 Badminton Tryout Sessions \u2013 Welcome! \ud83c\udff8<\/a><div class=\"wp-block-coblocks-post-carousel__excerpt\">Are you curious about badminton and considering joining &hellip; <\/div><\/div><\/div><div class=\"wp-block-coblocks-post-carousel__item swiper-slide\"><div class=\"wp-block-coblocks-post-carousel__image\"><a href=\"https:\/\/ntnui.no\/badminton\/en\/2025\/12\/30\/new-spond-group\/\" class=\"bg-cover bg-center-center\" style=\"background-image:url(https:\/\/ntnui.no\/badminton\/wp-content\/uploads\/sites\/246\/2025\/12\/happynewyear-1.jpg)\"><\/a><\/div><div class=\"wp-block-coblocks-post-carousel__content\"><time datetime=\"2025-12-30T20:00:13+00:00\" class=\"wp-block-coblocks-post-carousel__date\">desember 30, 2025<\/time><a href=\"https:\/\/ntnui.no\/badminton\/en\/2025\/12\/30\/new-spond-group\/\" alt=\"New Spond Group + Level Structure\">New Spond Group + Level Structure<\/a><div class=\"wp-block-coblocks-post-carousel__excerpt\">Hi everyone, We have now created a new &hellip; <\/div><\/div><\/div><div class=\"wp-block-coblocks-post-carousel__item swiper-slide\"><div class=\"wp-block-coblocks-post-carousel__image\"><a href=\"https:\/\/ntnui.no\/badminton\/2025\/12\/30\/ny-spond-gruppe\/\" class=\"bg-cover bg-center-center\" style=\"background-image:url(https:\/\/ntnui.no\/badminton\/wp-content\/uploads\/sites\/246\/2025\/12\/happynewyear-1.jpg)\"><\/a><\/div><div class=\"wp-block-coblocks-post-carousel__content\"><time datetime=\"2025-12-30T19:54:57+00:00\" class=\"wp-block-coblocks-post-carousel__date\">desember 30, 2025<\/time><a href=\"https:\/\/ntnui.no\/badminton\/2025\/12\/30\/ny-spond-gruppe\/\" alt=\"Ny Spond Gruppe + Gruppestrukur\">Ny Spond Gruppe + Gruppestrukur<\/a><div class=\"wp-block-coblocks-post-carousel__excerpt\">Hei alle sammen! Vi har n\u00e5 opprettet en &hellip; <\/div><\/div><\/div><\/div><\/div><button class=\"wp-coblocks-post-carousel-nav-button__prev\" id=\"wp-coblocks-post-carousel-swiper-prev\" style=\"visibility:hidden\" aria-label=\"Previous post\" \/><button class=\"wp-coblocks-post-carousel-nav-button__next\" id=\"wp-coblocks-post-carousel-swiper-next\" style=\"visibility:hidden\" aria-label=\"Next post\" \/><\/div>\n\n\n<div class=\"wp-block-group\"><div class=\"wp-block-group__inner-container is-layout-flow wp-block-group-is-layout-flow\">\n<div class=\"wp-block-group\"><div class=\"wp-block-group__inner-container is-layout-flow wp-block-group-is-layout-flow\">\n<figure class=\"wp-block-image size-full\"><img loading=\"lazy\" decoding=\"async\" width=\"1587\" height=\"1220\" src=\"https:\/\/ntnui.no\/badminton\/wp-content\/uploads\/sites\/246\/2025\/12\/Treningstider-.png\" alt=\"\" class=\"wp-image-4939\" \/><figcaption class=\"wp-element-caption\">Mer info om treningene finner du p\u00e5 <span style=\"color:#00843c\" class=\"has-inline-color\"><a href=\"https:\/\/ntnui.no\/badminton\/treninger-2-2\/\" data-type=\"page\" data-id=\"1280\">treningssiden<\/a><\/span>.<\/figcaption><\/figure>\n\n\n\n<h2 class=\"wp-block-heading\">Hva skjer fremover?<\/h2>\n\n\n<div class=\"wp-block-jetpack-google-calendar\"><iframe loading=\"lazy\" src=\"https:\/\/calendar.google.com\/calendar\/embed?src=c_3e8224c19d67f764a535ace764e81545ccd006480b49524f8210eddeb321993f%40group.calendar.google.com&#038;ctz=Europe%2FBerlin\" frameborder=\"0\" style=\"border:0\" scrolling=\"no\" height=\"600\" width=\"100%\" sandbox=\"allow-scripts allow-same-origin allow-popups\"><\/iframe><\/div>\n\n\n<p>Fargekode p\u00e5 arrangementer:<\/p>\n\n\n\n<p>\ud83d\udc9b Gul: Turneringer vi avholder<br>\ud83e\ude76 Gr\u00e5: Andre turneringer<br>\ud83e\udde1 Oransje: Lagserie<br>\ud83d\udc99 Bl\u00e5: Fester og liknende arrangementer<br>\u2764\ufe0f R\u00f8d: Ferier<\/p>\n<\/div><\/div>\n<\/div><\/div>\n\n\n\n<div class=\"wp-block-group\"><div class=\"wp-block-group__inner-container is-layout-flow wp-block-group-is-layout-flow\">\n<div class=\"wp-block-group\"><div class=\"wp-block-group__inner-container is-layout-flow wp-block-group-is-layout-flow\">\n<h3 class=\"wp-block-heading\">Badmintonportalen<\/h3>\n\n\n\n<p>Oversikten over alle turneringeringer som arrangeres finner du hos <a href=\"https:\/\/www.badmintonportalen.no\"><span style=\"color:#00843d\" class=\"has-inline-color\">Badmintonportalen<\/span><\/a>.  Send en e-post til <a href=\"mailto:badminton-turnering@ntnui.no\">badminton-turnering@ntnui.no<\/a> om du trenger hjelp med \u00e5 sette opp din egen spillerprofil, s\u00e5 fikser vi det.<\/p>\n<\/div><\/div>\n<\/div><\/div>\n\n\n\n<h2 class=\"wp-block-heading has-text-align-center has-text-color\" style=\"color:#00843d\">F\u00f8lg oss p\u00e5 instagram!\ud83e\udd29<br>@ntnuibadminton<\/h2>\n\n\n\t\t<div id=\"sbi_mod_error\" >\n\t\t\t<span>This error message is only visible to WordPress admins<\/span><br \/>\n\t\t\t<p><strong>Error: No feed with the ID 4 found.<\/strong>\n\t\t\t<p>Please go to the Instagram Feed settings page to create a feed.<\/p>\n\t\t<\/div>\n\t\t\n\n\n<div class=\"cff-wrapper\"><div id=\"cff\" data-char=\"400\" class=\" cff-default-styles\" style=\"width:100%; \"><section class=\"cff-likebox cff-top\" ><iframe src=\"\" data-likebox-id=\"228494107216542\" data-likebox-width=\"300\" data-likebox-header=\"false\" data-hide-cover=\"false\" data-hide-cta=\"false\" data-likebox-faces=\"false\" height=\"130\" data-locale=\"en_US\" style=\"border:none;overflow:hidden\" scrolling=\"no\" allowTransparency=\"true\" allow=\"encrypted-media\" class=\"fb_iframe_widget\"><\/iframe><\/section><div class=\"cff-error-msg\"><p><i class=\"fa fa-lock\" aria-hidden=\"true\" style=\"margin-right: 5px;\"><\/i><b>This message is only visible to admins.<\/b><br \/><p>Problem displaying Facebook posts. Backup cache in use.<br\/><a href=\"javascript:void(0);\" id=\"cff-show-error\" onclick=\"cffShowError()\">Click to show error<\/a><script type=\"text\/javascript\">function cffShowError() { document.getElementById(\"cff-error-reason\").style.display = \"block\"; document.getElementById(\"cff-show-error\").style.display = \"none\"; }<\/script><\/p><div id=\"cff-error-reason\"><b>Error:<\/b> The user must be an administrator, editor, or moderator of the page in order to impersonate it. If the page business requires Two Factor Authentication, the user also needs to enable Two Factor Authentication.<br \/><b>Type:<\/b> OAuthException<\/div><\/div><div class=\"cff-item cff-link-item cff-box cff-shadow author-ntnui-badminton\" id=\"cff_228494107216542_1220775863390980\" style=\"\"><div class=\"cff-author\"><div class=\"cff-author-text\"><p class=\"cff-page-name cff-author-date\" ><a href=\"https:\/\/facebook.com\/228494107216542\" target=\"_blank\" rel=\"nofollow noopener\" >NTNUI Badminton<\/a><span class=\"cff-story\"> <\/span><\/p><p class=\"cff-date\" > 12 months ago <\/p><\/div><div class=\"cff-author-img\"><a href=\"https:\/\/facebook.com\/228494107216542\" target=\"_blank\" rel=\"nofollow noopener\" ><img decoding=\"async\" src=\"https:\/\/scontent-fra5-1.xx.fbcdn.net\/v\/t39.30808-1\/305067583_485507706917803_8638922613410258541_n.png?stp=cp0_dst-png_s50x50&#038;_nc_cat=110&#038;ccb=1-7&#038;_nc_sid=f907e8&#038;_nc_ohc=AKbf6zSmbg8Q7kNvwGmrvvl&#038;_nc_oc=AdlBRLf3fn8Gckao4rHEtw-myjmDWJorNrxhHDKWLxCrkVFH__5AEnxgfv8-te7KRLM&#038;_nc_zt=24&#038;_nc_ht=scontent-fra5-1.xx&#038;edm=AKIiGfEEAAAA&#038;_nc_gid=06QzDhFSQ-FhKr2MYcfp0w&#038;_nc_tpa=Q5bMBQE3h8yj72CGaMshEYtnSn8yPAL2TTz-B__pWNxWOlfrlEJw3_Q6PemLHJS0llxOqh18H2lTI_Pxww&#038;oh=00_AfstBrb3JoEnL7q0tZnzZT6niVz7NoANgSTZmeO59b_43w&#038;oe=69925110\" title=\"NTNUI Badminton\" alt=\"NTNUI Badminton\" width=40 height=40 onerror=\"this.style.display='none'\"><\/a><\/div><\/div><p class=\"cff-post-text\" ><span class=\"cff-text\" data-color=\"\">\ud83e\udd29\ud83d\udc4f\ud83c\udffb <\/span><span class=\"cff-expand\">&#8230; <a href=\"#\" style=\"color: #\"><span class=\"cff-more\">See More<\/span><span class=\"cff-less\">See Less<\/span><\/a><\/span><\/p><div class=\"cff-shared-link\" style=\"border: 1px solid #; \"><div class=\"cff-text-link cff-no-image\"><p class=\"cff-link-title\" ><a href=\"https:\/\/www.badminton.no\/nyheter\/2025\/spennende-eliteseriekvalifisering-ferdigspilt\/\" target=\"_blank\" rel=\"nofollow noopener noreferrer\" style=\"color:#;\">Spennende Eliteseriekvalifisering ferdigspilt<\/a><\/p><p class=\"cff-link-caption\" style=\"font-size:12px;\">www.badminton.no<\/p><span class=\"cff-post-desc\" >I Jotunhallen i Sandefjord i helgen ble det spilt kvalifisering til Eliteserien 25\/26-sesongen. Der ble det spilt mange veldig jevne og gode kamper. <\/span><\/div><\/div><div class=\"cff-post-links\"><a class=\"cff-viewpost-facebook\" href=\"https:\/\/www.facebook.com\/228494107216542\/posts\/1220775863390980\" title=\"View on Facebook\" target=\"_blank\" rel=\"nofollow noopener\" >View on Facebook<\/a><div class=\"cff-share-container\"><span class=\"cff-dot\" >&middot;<\/span><a class=\"cff-share-link\" href=\"https:\/\/www.facebook.com\/sharer\/sharer.php?u=https%3A%2F%2Fwww.facebook.com%2F228494107216542%2Fposts%2F1220775863390980\" title=\"Share\" >Share<\/a><p class='cff-share-tooltip'><a href='https:\/\/www.facebook.com\/sharer\/sharer.php?u=https%3A%2F%2Fwww.facebook.com%2F228494107216542%2Fposts%2F1220775863390980' target='_blank' class='cff-facebook-icon'><span class='fa fab fa-facebook-square' aria-hidden='true'><\/span><span class='cff-screenreader'>Share on Facebook<\/span><\/a><a href='https:\/\/twitter.com\/intent\/tweet?text=https%3A%2F%2Fwww.facebook.com%2F228494107216542%2Fposts%2F1220775863390980' target='_blank' class='cff-twitter-icon'><span class='fa fab fa-twitter' aria-hidden='true'><\/span><span class='cff-screenreader'>Share on Twitter<\/span><\/a><a href='https:\/\/www.linkedin.com\/shareArticle?mini=true&amp;url=https%3A%2F%2Fwww.facebook.com%2F228494107216542%2Fposts%2F1220775863390980&amp;title=%F0%9F%A4%A9%F0%9F%91%8F%F0%9F%8F%BB%20' target='_blank' class='cff-linkedin-icon'><span class='fa fab fa-linkedin' aria-hidden='true'><\/span><span class='cff-screenreader'>Share on Linked In<\/span><\/a><a href='mailto:?subject=Facebook&amp;body=https%3A%2F%2Fwww.facebook.com%2F228494107216542%2Fposts%2F1220775863390980%20-%20%F0%9F%A4%A9%F0%9F%91%8F%F0%9F%8F%BB%20' target='_blank' class='cff-email-icon'><span class='fa fa-envelope' aria-hidden='true'><\/span><span class='cff-screenreader'>Share by Email<\/span><\/a><span class='fa fa-play fa-rotate-90' aria-hidden='true'><\/span><\/p><\/div><\/div><\/div><div class=\"cff-item cff-photo-post cff-box cff-shadow author-ntnui-badminton\" id=\"cff_228494107216542_1127091969426037\" style=\"\"><div class=\"cff-author\"><div class=\"cff-author-text\"><p class=\"cff-page-name cff-author-date\" ><a href=\"https:\/\/facebook.com\/228494107216542\" target=\"_blank\" rel=\"nofollow noopener\" >NTNUI Badminton<\/a><span class=\"cff-story\"> <\/span><\/p><p class=\"cff-date\" > 1 years ago <\/p><\/div><div class=\"cff-author-img\"><a href=\"https:\/\/facebook.com\/228494107216542\" target=\"_blank\" rel=\"nofollow noopener\" ><img decoding=\"async\" src=\"https:\/\/scontent-fra5-1.xx.fbcdn.net\/v\/t39.30808-1\/305067583_485507706917803_8638922613410258541_n.png?stp=cp0_dst-png_s50x50&#038;_nc_cat=110&#038;ccb=1-7&#038;_nc_sid=f907e8&#038;_nc_ohc=AKbf6zSmbg8Q7kNvwGmrvvl&#038;_nc_oc=AdlBRLf3fn8Gckao4rHEtw-myjmDWJorNrxhHDKWLxCrkVFH__5AEnxgfv8-te7KRLM&#038;_nc_zt=24&#038;_nc_ht=scontent-fra5-1.xx&#038;edm=AKIiGfEEAAAA&#038;_nc_gid=06QzDhFSQ-FhKr2MYcfp0w&#038;_nc_tpa=Q5bMBQE3h8yj72CGaMshEYtnSn8yPAL2TTz-B__pWNxWOlfrlEJw3_Q6PemLHJS0llxOqh18H2lTI_Pxww&#038;oh=00_AfstBrb3JoEnL7q0tZnzZT6niVz7NoANgSTZmeO59b_43w&#038;oe=69925110\" title=\"NTNUI Badminton\" alt=\"NTNUI Badminton\" width=40 height=40 onerror=\"this.style.display='none'\"><\/a><\/div><\/div><p class=\"cff-post-text\" ><span class=\"cff-text\" data-color=\"\">\ud83e\udd29\ud83e\udd29<span class=\"cff-post-desc\" style=\"font-size:12px; \">Sist uke var vi med Tina da hun pr\u00f8vde seg p\u00e5 badmintontrening i NTNUI Badminton. Dette ble en suksess som ga mersmak! Takk til b\u00e5de Vebj\u00f8rn R\u00f8nne, parakontakt i NTNUI Badminton for flott mottakelse og Andr\u00e9 H\u00f8idebraaten i Norge Badmintonforbund med prosessen i forkant av treningen.<br \/>#Paraidrettssenteret #parabadminton<br \/>Tr\u00f8ndelag Idrettskrets NTNUI Paraidrett Norges Badmintonforbund NTNUI Badminton Brageva Ranheim Paper &amp; Board Prima Konsern Retura TRV Quality Care AS Stiftelsen Dam Sparebankstiftelsen DNB <\/span> <\/span><span class=\"cff-expand\">&#8230; <a href=\"#\" style=\"color: #\"><span class=\"cff-more\">See More<\/span><span class=\"cff-less\">See Less<\/span><\/a><\/span><\/p><p class=\"cff-media-link\"><a href=\"https:\/\/www.facebook.com\/photo.php?fbid=949733310596193&amp;set=a.431320175770845&amp;type=3\" target=\"_blank\" style=\"color: #;\"><span style=\"padding-right: 5px;\" class=\"fa fas fa-picture-o fa-image\" aria-hidden=\"true\"><\/span>Photo<\/a><\/p><div class=\"cff-post-links\"><a class=\"cff-viewpost-facebook\" href=\"https:\/\/www.facebook.com\/photo.php?fbid=949733310596193&amp;set=a.431320175770845&amp;type=3\" title=\"View on Facebook\" target=\"_blank\" rel=\"nofollow noopener\" >View on Facebook<\/a><div class=\"cff-share-container\"><span class=\"cff-dot\" >&middot;<\/span><a class=\"cff-share-link\" href=\"https:\/\/www.facebook.com\/sharer\/sharer.php?u=https%3A%2F%2Fwww.facebook.com%2Fphoto.php%3Ffbid%3D949733310596193%26amp%3Bset%3Da.431320175770845%26amp%3Btype%3D3\" title=\"Share\" >Share<\/a><p class='cff-share-tooltip'><a href='https:\/\/www.facebook.com\/sharer\/sharer.php?u=https%3A%2F%2Fwww.facebook.com%2Fphoto.php%3Ffbid%3D949733310596193%26amp%3Bset%3Da.431320175770845%26amp%3Btype%3D3' target='_blank' class='cff-facebook-icon'><span class='fa fab fa-facebook-square' aria-hidden='true'><\/span><span class='cff-screenreader'>Share on Facebook<\/span><\/a><a href='https:\/\/twitter.com\/intent\/tweet?text=https%3A%2F%2Fwww.facebook.com%2Fphoto.php%3Ffbid%3D949733310596193%26amp%3Bset%3Da.431320175770845%26amp%3Btype%3D3' target='_blank' class='cff-twitter-icon'><span class='fa fab fa-twitter' aria-hidden='true'><\/span><span class='cff-screenreader'>Share on Twitter<\/span><\/a><a href='https:\/\/www.linkedin.com\/shareArticle?mini=true&amp;url=https%3A%2F%2Fwww.facebook.com%2Fphoto.php%3Ffbid%3D949733310596193%26amp%3Bset%3Da.431320175770845%26amp%3Btype%3D3&amp;title=%F0%9F%A4%A9%F0%9F%A4%A9Sist%20uke%20var%20vi%20med%20Tina%20da%20hun%20pr%C3%B8vde%20seg%20p%C3%A5%20badmintontrening%20i%20NTNUI%20Badminton.%20Dette%20ble%20en%20suksess%20som%20ga%20mersmak%21%20Takk%20til%20b%C3%A5de%20Vebj%C3%B8rn%20R%C3%B8nne%2C%20parakontakt%20i%20NTNUI%20Badminton%20for%20flott%20mottakelse%20og%20Andr%C3%A9%20H%C3%B8idebraaten%20i%20Norge%20Badmintonforbund%20med%20prosessen%20i%20forkant%20av%20treningen.%23Paraidrettssenteret%20%23parabadmintonTr%C3%B8ndelag%20Idrettskrets%20NTNUI%20Paraidrett%20Norges%20Badmintonforbund%20NTNUI%20Badminton%20Brageva%20Ranheim%20Paper%20%26amp%3B%20Board%20Prima%20Konsern%20Retura%20TRV%20Quality%20Care%20AS%20Stiftelsen%20Dam%20Sparebankstiftelsen%20DNB%20%20' target='_blank' class='cff-linkedin-icon'><span class='fa fab fa-linkedin' aria-hidden='true'><\/span><span class='cff-screenreader'>Share on Linked In<\/span><\/a><a href='mailto:?subject=Facebook&amp;body=https%3A%2F%2Fwww.facebook.com%2Fphoto.php%3Ffbid%3D949733310596193%26amp%3Bset%3Da.431320175770845%26amp%3Btype%3D3%20-%20%F0%9F%A4%A9%F0%9F%A4%A9Sist%20uke%20var%20vi%20med%20Tina%20da%20hun%20pr%C3%B8vde%20seg%20p%C3%A5%20badmintontrening%20i%20NTNUI%20Badminton.%20Dette%20ble%20en%20suksess%20som%20ga%20mersmak%21%20Takk%20til%20b%C3%A5de%20Vebj%C3%B8rn%20R%C3%B8nne%2C%20parakontakt%20i%20NTNUI%20Badminton%20for%20flott%20mottakelse%20og%20Andr%C3%A9%20H%C3%B8idebraaten%20i%20Norge%20Badmintonforbund%20med%20prosessen%20i%20forkant%20av%20treningen.%23Paraidrettssenteret%20%23parabadmintonTr%C3%B8ndelag%20Idrettskrets%20NTNUI%20Paraidrett%20Norges%20Badmintonforbund%20NTNUI%20Badminton%20Brageva%20Ranheim%20Paper%20%26amp%3B%20Board%20Prima%20Konsern%20Retura%20TRV%20Quality%20Care%20AS%20Stiftelsen%20Dam%20Sparebankstiftelsen%20DNB%20%20' target='_blank' class='cff-email-icon'><span class='fa fa-envelope' aria-hidden='true'><\/span><span class='cff-screenreader'>Share by Email<\/span><\/a><span class='fa fa-play fa-rotate-90' aria-hidden='true'><\/span><\/p><\/div><\/div><\/div><\/div><div class=\"cff-clear\"><\/div><\/div>\n\n\n<h1 class=\"wp-block-heading has-text-align-center has-text-color\" style=\"color:#00843d\">Nyheter<\/h1>\n\n\n<section class=\"ab-block-post-grid featuredpost aligncenter\"><div class=\"ab-post-grid-items is-grid columns-2\"><article id=\"post-4982\" class=\"ab-post-grid-item post-4982 post type-post status-publish format-standard has-post-thumbnail hentry category-generelt category-nyheter\"><div class=\"ab-block-post-grid-image\"><a href=\"https:\/\/ntnui.no\/badminton\/2026\/01\/09\/%f0%9f%8f%b8-provetimer-i-badminton-velkommen-%f0%9f%8f%b8\/\" rel=\"bookmark\" aria-hidden=\"true\" tabindex=\"-1\"><img loading=\"lazy\" decoding=\"async\" width=\"1536\" height=\"1024\" src=\"https:\/\/ntnui.no\/badminton\/wp-content\/uploads\/sites\/246\/2026\/01\/c790e9ce-ebe5-4e06-b4ac-84c5bb32324a.jpeg\" class=\"attachment-full size-full\" alt=\"\" \/><\/a><\/div><div class=\"ab-block-post-grid-text\"><header class=\"ab-block-post-grid-header\"><h3 class=\"ab-block-post-grid-title\"><a href=\"https:\/\/ntnui.no\/badminton\/2026\/01\/09\/%f0%9f%8f%b8-provetimer-i-badminton-velkommen-%f0%9f%8f%b8\/\" rel=\"bookmark\">\ud83c\udff8 Pr\u00f8vetimer i badminton \u2013 velkommen! \ud83c\udff8<\/a><\/h3><div class=\"ab-block-post-grid-byline\"><time datetime=\"2026-01-09T17:21:18+00:00\" class=\"ab-block-post-grid-date\" itemprop=\"datePublished\">januar 9, 2026<\/time><\/div><\/header><div class=\"ab-block-post-grid-excerpt\"><\/div><\/div><\/article>\n<article id=\"post-4892\" class=\"ab-post-grid-item post-4892 post type-post status-publish format-standard has-post-thumbnail hentry category-generelt category-nyheter\"><div class=\"ab-block-post-grid-image\"><a href=\"https:\/\/ntnui.no\/badminton\/2025\/12\/30\/ny-spond-gruppe\/\" rel=\"bookmark\" aria-hidden=\"true\" tabindex=\"-1\"><img loading=\"lazy\" decoding=\"async\" width=\"612\" height=\"315\" src=\"https:\/\/ntnui.no\/badminton\/wp-content\/uploads\/sites\/246\/2025\/12\/happynewyear-1.jpg\" class=\"attachment-full size-full\" alt=\"\" \/><\/a><\/div><div class=\"ab-block-post-grid-text\"><header class=\"ab-block-post-grid-header\"><h3 class=\"ab-block-post-grid-title\"><a href=\"https:\/\/ntnui.no\/badminton\/2025\/12\/30\/ny-spond-gruppe\/\" rel=\"bookmark\">Ny Spond Gruppe + Gruppestrukur<\/a><\/h3><div class=\"ab-block-post-grid-byline\"><time datetime=\"2025-12-30T19:54:57+00:00\" class=\"ab-block-post-grid-date\" itemprop=\"datePublished\">desember 30, 2025<\/time><\/div><\/header><div class=\"ab-block-post-grid-excerpt\"><\/div><\/div><\/article>\n<article id=\"post-4844\" class=\"ab-post-grid-item post-4844 post type-post status-publish format-standard has-post-thumbnail hentry category-generelt category-nyheter\"><div class=\"ab-block-post-grid-image\"><a href=\"https:\/\/ntnui.no\/badminton\/2025\/11\/03\/jentesamling-2025-badminton-pizza-og-masse-god-stemning\/\" rel=\"bookmark\" aria-hidden=\"true\" tabindex=\"-1\"><img loading=\"lazy\" decoding=\"async\" width=\"2048\" height=\"1536\" src=\"https:\/\/ntnui.no\/badminton\/wp-content\/uploads\/sites\/246\/2025\/11\/C26F8616-0323-49CB-9286-6F326D1E257E.png\" class=\"attachment-full size-full\" alt=\"\" \/><\/a><\/div><div class=\"ab-block-post-grid-text\"><header class=\"ab-block-post-grid-header\"><h3 class=\"ab-block-post-grid-title\"><a href=\"https:\/\/ntnui.no\/badminton\/2025\/11\/03\/jentesamling-2025-badminton-pizza-og-masse-god-stemning\/\" rel=\"bookmark\">Jentesamling 2025: Badminton, pizza og masse god stemning!<\/a><\/h3><div class=\"ab-block-post-grid-byline\"><time datetime=\"2025-11-03T20:58:31+00:00\" class=\"ab-block-post-grid-date\" itemprop=\"datePublished\">november 3, 2025<\/time><\/div><\/header><div class=\"ab-block-post-grid-excerpt\"><\/div><\/div><\/article>\n<article id=\"post-4599\" class=\"ab-post-grid-item post-4599 post type-post status-publish format-standard has-post-thumbnail hentry category-generelt category-nyheter\"><div class=\"ab-block-post-grid-image\"><a href=\"https:\/\/ntnui.no\/badminton\/2025\/08\/23\/sign-up-for-beginners-course\/\" rel=\"bookmark\" aria-hidden=\"true\" tabindex=\"-1\"><img loading=\"lazy\" decoding=\"async\" width=\"1581\" height=\"913\" src=\"https:\/\/ntnui.no\/badminton\/wp-content\/uploads\/sites\/246\/2025\/08\/nybegynnerkurs.jpeg\" class=\"attachment-full size-full\" alt=\"\" \/><\/a><\/div><div class=\"ab-block-post-grid-text\"><header class=\"ab-block-post-grid-header\"><h3 class=\"ab-block-post-grid-title\"><a href=\"https:\/\/ntnui.no\/badminton\/2025\/08\/23\/sign-up-for-beginners-course\/\" rel=\"bookmark\">P\u00e5melding til nybegynnerkurs<\/a><\/h3><div class=\"ab-block-post-grid-byline\"><time datetime=\"2025-08-23T11:07:11+00:00\" class=\"ab-block-post-grid-date\" itemprop=\"datePublished\">august 23, 2025<\/time><\/div><\/header><div class=\"ab-block-post-grid-excerpt\"><\/div><\/div><\/article>\n<\/div><\/section>","protected":false},"excerpt":{"rendered":"<p>Velkommen til NTNUI Badminton Hva skjer fremover? Fargekode p\u00e5 arrangementer: \ud83d\udc9b Gul: Turneringer vi avholder\ud83e\ude76 Gr\u00e5: Andre turneringer\ud83e\udde1 Oransje: Lagserie\ud83d\udc99 Bl\u00e5: Fester og liknende arrangementer\u2764\ufe0f R\u00f8d: Ferier Badmintonportalen Oversikten over alle turneringeringer som arrangeres finner du hos Badmintonportalen. Send en e-post til badminton-turnering@ntnui.no om du trenger hjelp med \u00e5 sette opp din egen spillerprofil, s\u00e5 [&hellip;]<\/p>\n","protected":false},"author":571,"featured_media":0,"parent":0,"menu_order":0,"comment_status":"closed","ping_status":"closed","template":"","meta":{"_coblocks_attr":"","_coblocks_dimensions":"","_coblocks_responsive_height":"","_coblocks_accordion_ie_support":"","_price":"","_stock":"","_tribe_ticket_header":"","_tribe_default_ticket_provider":"","_tribe_ticket_capacity":"0","_ticket_start_date":"","_ticket_end_date":"","_tribe_ticket_show_description":"","_tribe_ticket_show_not_going":false,"_tribe_ticket_use_global_stock":"","_tribe_ticket_global_stock_level":"","_global_stock_mode":"","_global_stock_cap":"","_tribe_rsvp_for_event":"","_tribe_ticket_going_count":"","_tribe_ticket_not_going_count":"","_tribe_tickets_list":[],"_tribe_ticket_has_attendee_info_fields":false,"footnotes":""},"class_list":["post-7","page","type-page","status-publish","hentry"],"featured_image_src":null,"featured_image_src_square":null,"jetpack_sharing_enabled":true,"_links":{"self":[{"href":"https:\/\/ntnui.no\/badminton\/wp-json\/wp\/v2\/pages\/7","targetHints":{"allow":["GET"]}}],"collection":[{"href":"https:\/\/ntnui.no\/badminton\/wp-json\/wp\/v2\/pages"}],"about":[{"href":"https:\/\/ntnui.no\/badminton\/wp-json\/wp\/v2\/types\/page"}],"author":[{"embeddable":true,"href":"https:\/\/ntnui.no\/badminton\/wp-json\/wp\/v2\/users\/571"}],"replies":[{"embeddable":true,"href":"https:\/\/ntnui.no\/badminton\/wp-json\/wp\/v2\/comments?post=7"}],"version-history":[{"count":99,"href":"https:\/\/ntnui.no\/badminton\/wp-json\/wp\/v2\/pages\/7\/revisions"}],"predecessor-version":[{"id":4954,"href":"https:\/\/ntnui.no\/badminton\/wp-json\/wp\/v2\/pages\/7\/revisions\/4954"}],"wp:attachment":[{"href":"https:\/\/ntnui.no\/badminton\/wp-json\/wp\/v2\/media?parent=7"}],"curies":[{"name":"wp","href":"https:\/\/api.w.org\/{rel}","templated":true}]}}