{"id":1759,"date":"2020-03-03T13:29:16","date_gmt":"2020-03-03T12:29:16","guid":{"rendered":"https:\/\/ntnui.no\/badminton\/?page_id=1759"},"modified":"2026-03-09T11:14:51","modified_gmt":"2026-03-09T11:14:51","slug":"racketstrenging","status":"publish","type":"page","link":"https:\/\/ntnui.no\/badminton\/racketstrenging\/","title":{"rendered":"Racketstrenging"},"content":{"rendered":"\n<p>NTNUI Badminton har v\u00e5r egen racketstrenger. Ta kontakt for \u00e5 avtale tidspunkt. <\/p>\n\n\n\n<div class=\"wp-block-group\"><div class=\"wp-block-group__inner-container is-layout-flow wp-block-group-is-layout-flow\"><div class=\"wp-block-image\">\n<figure class=\"aligncenter size-large has-filter-dim\"><img loading=\"lazy\" decoding=\"async\" width=\"500\" height=\"750\" src=\"https:\/\/ntnui.no\/badminton\/wp-content\/uploads\/sites\/246\/2025\/03\/MartinO.jpg\" alt=\"\" class=\"wp-image-4363\" \/><\/figure><\/div><\/div><\/div>\n\n\n\n<h2 class=\"wp-block-heading has-text-align-center\"><strong>Martin \u00d8stensen<\/strong><\/h2>\n\n\n\n<p class=\"has-text-align-center\">Pris: 300kr<\/p>\n\n\n\n<p class=\"has-text-align-center\">Vipps til 92990237<\/p>\n\n\n\n<div class=\"wp-block-buttons is-content-justification-center is-layout-flex wp-container-core-buttons-is-layout-1 wp-block-buttons-is-layout-flex\">\n<div class=\"wp-block-button has-custom-width wp-block-button__width-25\"><a class=\"wp-block-button__link wp-element-button\" href=\"http:\/\/m.me\/100005007932179\" target=\"_blank\" rel=\"noreferrer noopener\">Messenger<\/a><\/div>\n<\/div>\n","protected":false},"excerpt":{"rendered":"<p>NTNUI Badminton har v\u00e5r egen racketstrenger. Ta kontakt for \u00e5 avtale tidspunkt. Martin \u00d8stensen Pris: 300kr Vipps til 92990237<\/p>\n","protected":false},"author":26,"featured_media":0,"parent":0,"menu_order":0,"comment_status":"closed","ping_status":"closed","template":"","meta":{"_coblocks_attr":"","_coblocks_dimensions":"","_coblocks_responsive_height":"","_coblocks_accordion_ie_support":"","_price":"","_stock":"","_tribe_ticket_header":"","_tribe_default_ticket_provider":"","_tribe_ticket_capacity":"0","_ticket_start_date":"","_ticket_end_date":"","_tribe_ticket_show_description":"","_tribe_ticket_show_not_going":false,"_tribe_ticket_use_global_stock":"","_tribe_ticket_global_stock_level":"","_global_stock_mode":"","_global_stock_cap":"","_tribe_rsvp_for_event":"","_tribe_ticket_going_count":"","_tribe_ticket_not_going_count":"","_tribe_tickets_list":[],"_tribe_ticket_has_attendee_info_fields":false,"footnotes":""},"class_list":["post-1759","page","type-page","status-publish","hentry"],"featured_image_src":null,"featured_image_src_square":null,"jetpack_sharing_enabled":true,"_links":{"self":[{"href":"https:\/\/ntnui.no\/badminton\/wp-json\/wp\/v2\/pages\/1759","targetHints":{"allow":["GET"]}}],"collection":[{"href":"https:\/\/ntnui.no\/badminton\/wp-json\/wp\/v2\/pages"}],"about":[{"href":"https:\/\/ntnui.no\/badminton\/wp-json\/wp\/v2\/types\/page"}],"author":[{"embeddable":true,"href":"https:\/\/ntnui.no\/badminton\/wp-json\/wp\/v2\/users\/26"}],"replies":[{"embeddable":true,"href":"https:\/\/ntnui.no\/badminton\/wp-json\/wp\/v2\/comments?post=1759"}],"version-history":[{"count":17,"href":"https:\/\/ntnui.no\/badminton\/wp-json\/wp\/v2\/pages\/1759\/revisions"}],"predecessor-version":[{"id":5160,"href":"https:\/\/ntnui.no\/badminton\/wp-json\/wp\/v2\/pages\/1759\/revisions\/5160"}],"wp:attachment":[{"href":"https:\/\/ntnui.no\/badminton\/wp-json\/wp\/v2\/media?parent=1759"}],"curies":[{"name":"wp","href":"https:\/\/api.w.org\/{rel}","templated":true}]}}