{"id":1313,"date":"2018-08-26T17:21:55","date_gmt":"2018-08-26T15:21:55","guid":{"rendered":"https:\/\/ntnui.no\/badminton\/?page_id=1313"},"modified":"2020-07-28T17:56:36","modified_gmt":"2020-07-28T17:56:36","slug":"spilleregler","status":"publish","type":"page","link":"https:\/\/ntnui.no\/badminton\/spilleregler\/","title":{"rendered":"Spilleregler"},"content":{"rendered":"\n<h2 class=\"wp-block-heading\">Under finner du en enkel oversikt over spilleregler i Badminton<\/h2>\n\n\n\n<h2 class=\"wp-block-heading\"><br>Poengsystem<\/h2>\n\n\n\n<p><br>En kamp best\u00e5r av best av 3 sett til 21 poeng.<br>Hver gang det serves kan det telles poeng.\u00a0<\/p>\n\n\n\n<p>Siden som vinner duellen f\u00e5r 1 poeng tildelt.&nbsp;<\/p>\n\n\n\n<p>P\u00e5 20-20, m\u00e5 man vinne med 2 poeng aka 22-20.<br>Hvis man kommer til 29-29, er det f\u00f8rste poeng som vinner.&nbsp;<\/p>\n\n\n\n<p>Siden som vinner settet f\u00e5r serve i neste sett.&nbsp;&nbsp;<\/p>\n\n\n\n<h3 class=\"wp-block-heading\">Pause og bytting av sider<br><\/h3>\n\n\n\n<p>N\u00e5r den som leder n\u00e5r 11 poeng, har spillerne 60 sekunder pause.&nbsp;<\/p>\n\n\n\n<p>Man bytter side mellom hvert sett<\/p>\n\n\n\n<p>Man har 2 minutters pause mellom hvert sett.&nbsp;<\/p>\n\n\n\n<p>I tredje sett bytter man side p\u00e5 11.&nbsp;<\/p>\n\n\n\n<h3 class=\"wp-block-heading\">Singel<\/h3>\n\n\n\n<p><br>I begynnelsen av spillet (0-0), og n\u00e5r serverens poengsum er partall, server serveren fra h\u00f8yre side N\u00e5r serverens poengsum er oddetall, server serveren fra venstre side.<\/p>\n\n\n\n<p>Hvis serveren vinner en duell, scorer serveren et poeng og serverer deretter igjen fra den andre siden.<\/p>\n\n\n\n<p>Hvis mottakeren vinner et rally, scorer mottakeren et poeng og blir den nye serveren. De server fra den aktuelle siden- venstre hvis poengsummen deres er oddetall, og rett hvis den er partall.<\/p>\n\n\n\n<p>For eksempel, hvis stillingen er 1-0 skal den som vant poenget serve fra venstre side, over til den andre venstre siden.&nbsp;<\/p>\n\n\n\n<h3 class=\"wp-block-heading\">Double<\/h3>\n\n\n\n<p>I begynnelsen av spillet, og n\u00e5r poengsummen er partall, server serveren fra h\u00f8yre side. N\u00e5r det er oddetall, server serveren fra venstre.<\/p>\n\n\n\n<p>Hvis servesiden vinner en duell, scorer serveesiden et poeng, og den samme serveren serverigjen fra den andre siden.<\/p>\n\n\n\n<p>Hvis mottakersiden vinner et rally, scorer den mottakende siden et poeng. Mottakersiden blir den nye serversiden.<\/p>\n\n\n\n<p>Spillerne bytter ikke sine respektive servicebaner f\u00f8r de vinner et poeng n\u00e5r deres side server.<\/p>\n\n\n\n<p>Hvis spillere beg\u00e5r en feil mtp serveregler, blir feilen rettet n\u00e5r feilen blir oppdaget.<\/p>\n\n\n\n<figure class=\"wp-block-embed-youtube wp-block-embed is-type-video is-provider-youtube wp-embed-aspect-16-9 wp-has-aspect-ratio\"><div class=\"wp-block-embed__wrapper\">\n<iframe loading=\"lazy\" title=\"The Rules of Badminton - EXPLAINED!\" width=\"700\" height=\"394\" src=\"https:\/\/www.youtube.com\/embed\/UyLIi-TbcFc?feature=oembed\" frameborder=\"0\" allow=\"accelerometer; autoplay; encrypted-media; gyroscope; picture-in-picture\" allowfullscreen><\/iframe>\n<\/div><\/figure>\n","protected":false},"excerpt":{"rendered":"<p>Under finner du en enkel oversikt over spilleregler i Badminton Poengsystem En kamp best\u00e5r av best av 3 sett til 21 poeng.Hver gang det serves kan det telles poeng.\u00a0 Siden som vinner duellen f\u00e5r 1 poeng tildelt.&nbsp; P\u00e5 20-20, m\u00e5 man vinne med 2 poeng aka 22-20.Hvis man kommer til 29-29, er det f\u00f8rste poeng [&hellip;]<\/p>\n","protected":false},"author":44,"featured_media":0,"parent":0,"menu_order":0,"comment_status":"closed","ping_status":"closed","template":"","meta":{"_coblocks_attr":"","_coblocks_dimensions":"","_coblocks_responsive_height":"","_coblocks_accordion_ie_support":"","_price":"","_stock":"","_tribe_ticket_header":"","_tribe_default_ticket_provider":"","_tribe_ticket_capacity":"0","_ticket_start_date":"","_ticket_end_date":"","_tribe_ticket_show_description":"","_tribe_ticket_show_not_going":false,"_tribe_ticket_use_global_stock":"","_tribe_ticket_global_stock_level":"","_global_stock_mode":"","_global_stock_cap":"","_tribe_rsvp_for_event":"","_tribe_ticket_going_count":"","_tribe_ticket_not_going_count":"","_tribe_tickets_list":[],"_tribe_ticket_has_attendee_info_fields":false,"footnotes":""},"class_list":["post-1313","page","type-page","status-publish","hentry"],"featured_image_src":null,"featured_image_src_square":null,"jetpack_sharing_enabled":true,"_links":{"self":[{"href":"https:\/\/ntnui.no\/badminton\/wp-json\/wp\/v2\/pages\/1313","targetHints":{"allow":["GET"]}}],"collection":[{"href":"https:\/\/ntnui.no\/badminton\/wp-json\/wp\/v2\/pages"}],"about":[{"href":"https:\/\/ntnui.no\/badminton\/wp-json\/wp\/v2\/types\/page"}],"author":[{"embeddable":true,"href":"https:\/\/ntnui.no\/badminton\/wp-json\/wp\/v2\/users\/44"}],"replies":[{"embeddable":true,"href":"https:\/\/ntnui.no\/badminton\/wp-json\/wp\/v2\/comments?post=1313"}],"version-history":[{"count":2,"href":"https:\/\/ntnui.no\/badminton\/wp-json\/wp\/v2\/pages\/1313\/revisions"}],"predecessor-version":[{"id":2076,"href":"https:\/\/ntnui.no\/badminton\/wp-json\/wp\/v2\/pages\/1313\/revisions\/2076"}],"wp:attachment":[{"href":"https:\/\/ntnui.no\/badminton\/wp-json\/wp\/v2\/media?parent=1313"}],"curies":[{"name":"wp","href":"https:\/\/api.w.org\/{rel}","templated":true}]}}