{"id":1223,"date":"2018-08-09T00:58:54","date_gmt":"2018-08-08T22:58:54","guid":{"rendered":"https:\/\/ntnui.no\/badminton\/?page_id=1223"},"modified":"2024-06-05T21:46:07","modified_gmt":"2024-06-05T21:46:07","slug":"om-ntnui-badminton","status":"publish","type":"page","link":"https:\/\/ntnui.no\/badminton\/om-ntnui-badminton\/","title":{"rendered":"Om NTNUI Badminton"},"content":{"rendered":"\n<h2 class=\"wp-block-heading\">Historie<\/h2>\n\n\n\n<p>I dag har NTNUI Badminton lag i 1., 2., og 3. divisjon. Vi er stolte av \u00e5 ha en klubb med god bredde, men som samtidig siger etter gode resultater. De tre siste \u00e5rene har vi vunnet 1. div. Flere av spillerne v\u00e5re er blitt kretsmestere gjennom \u00e5rene, og NTNUI har dermed noen av de beste spillerne i Tr\u00f8ndelag hos seg. Vi sikter p\u00e5 \u00e5 fortsette \u00e5 v\u00e6re en attraktiv klubb for nye spillere i Tr\u00f8ndelag, og kan stille med et ungt og sosialt milj\u00f8 med morsomme treninger som ikke er altfor seri\u00f8se.<\/p>\n\n\n\n<div class=\"wp-block-image\"><figure class=\"alignright\"><img loading=\"lazy\" decoding=\"async\" width=\"440\" height=\"309\" src=\"https:\/\/ntnui.no\/badminton-ny\/wp-content\/uploads\/sites\/246\/2018\/08\/nm14-e1533769492801.jpg\" alt=\"\" class=\"wp-image-1227\" srcset=\"https:\/\/ntnui.no\/badminton\/wp-content\/uploads\/sites\/246\/2018\/08\/nm14-e1533769492801.jpg 440w, https:\/\/ntnui.no\/badminton\/wp-content\/uploads\/sites\/246\/2018\/08\/nm14-e1533769492801-300x211.jpg 300w\" sizes=\"auto, (max-width: 440px) 100vw, 440px\" \/><figcaption><br><\/figcaption><\/figure><\/div>\n\n\n\n<p>NTNUI Badminton ble stiftet i 1949. Badminton gruppen har gjennom \u00e5rene blitt regnet som den st\u00f8rste racketsvingene (tennis, bordtennis og squash) gruppen i NTNUI. Badminton var st\u00f8rst, og aktiviteten holdt seg p\u00e5 et stabilt h\u00f8yt niv\u00e5 over en lang periode. Aktiviteten dreide seg f\u00f8rst og fremst om mosjon, men i flere perioder var det mange aktive konkurransespillere. Badmintongruppa debuterte i NM i 1975, men if\u00f8lge \u00e5rsrapporten virket det som spillerne sparte krefter i kampene til banketten etterp\u00e5. I 1981 ble Gr\u00e5papirturneringen arrangert for f\u00f8rste gang. Her skulle alle ha like store muligheter til \u00e5 vinne, og derfor m\u00e5tte noen spille handikap, som ryggsekk p\u00e5 15 kg eller sv\u00f8mmef\u00f8tter.<\/p>\n\n\n\n<p>Badminton var i nyere tid blant de mindre fremtredende gruppene i NTNUI, som allikevel har hatt et forholdsvis h\u00f8yt aktivitetsniv\u00e5. Medlemstallet har ligget p\u00e5 et stabilt h\u00f8yt niv\u00e5 over en lang periode, og mosjonistdelen av gruppa vokste fra rundt 100 i 1990 til n\u00e6rmere 200 i 2000. Badmintongruppa arrangerte ogs\u00e5 NM i 1999, der Erlend \u00d8stb\u00f8 ble bestemann med en femteplass i singel. I tillegg trakk den \u00e5rlige turneringen NTNUI Open godt med folk.<\/p>\n\n\n\n<p>Badmintongruppa har hele tiden hatt lag i seriespill. P\u00e5 midten av 1990-tallet ble gruppa forsterket med en rekke gode spillere, og b\u00e5de seriespillet og turneringsavviklingen tok seg kraftig opp. I 2001 spilte NTNUI ogs\u00e5 i eliteserien i badminton. Det ga ingen sportslig suksess, bortsett fra at man slo OSI. Turneringsaktiviteten ga ogs\u00e5 gevinst i \u00f8kt sosial aktivitet, og gruppa var p\u00e5 flere langturer med 10-15 deltakere hvert \u00e5r. I 2006 meldte mange medlemmer overgang til Trondheim Badminton Klubb for \u00e5 spille eliteserie, men fulltegnende nybegynnerkurs har s\u00f8rget for at badmintongruppa sjelden har blitt rammet av st\u00f8rre generasjonsskifter. En egen jentesatsing har ogs\u00e5 gitt resultater i form av h\u00f8y kvinneandel blant medlemmene.<\/p>\n\n\n\n<p>I 2011 og 2012 var NTNUI Badminton arrang\u00f8r for den tradisjonsrike ISBT (the International Student Badminton Tournament). Arrangementet ble en stor suksess n\u00e5r det i 2012 ble arrangert 20 \u00e5rs jubileum for turneringen. I 2010 arrangerte ogs\u00e5 gruppa Studentmesterskap i Badminton sammen med Studentlekene 2010. Dette er noe gruppa har gjentatt regelmessig med noen \u00e5rs mellomrom.<\/p>\n\n\n\n<div class=\"wp-block-image\"><figure class=\"alignleft is-resized\"><img loading=\"lazy\" decoding=\"async\" src=\"https:\/\/ntnui.no\/badminton-ny\/wp-content\/uploads\/sites\/246\/2018\/08\/20130412_TAHK_5Dmk2_11548-e1533769726977.jpg\" alt=\"\" class=\"wp-image-1229\" width=\"512\" height=\"260\" srcset=\"https:\/\/ntnui.no\/badminton\/wp-content\/uploads\/sites\/246\/2018\/08\/20130412_TAHK_5Dmk2_11548-e1533769726977.jpg 641w, https:\/\/ntnui.no\/badminton\/wp-content\/uploads\/sites\/246\/2018\/08\/20130412_TAHK_5Dmk2_11548-e1533769726977-300x153.jpg 300w, https:\/\/ntnui.no\/badminton\/wp-content\/uploads\/sites\/246\/2018\/08\/20130412_TAHK_5Dmk2_11548-e1533769726977-600x305.jpg 600w\" sizes=\"auto, (max-width: 512px) 100vw, 512px\" \/><\/figure><\/div>\n\n\n\n<p> NTNUI Badminton er i dag blant de sterkeste og st\u00f8rste badmintonklubbene i Midt-Norsk Badmintonkrets S\u00f8r. Gruppa har en stor medlemsmasse med b\u00e5de sv\u00e6rt gode spillere, og en god del mosjonister. Gruppa arrangerer \u00e5rlig to lokale turneringer; Treffpunkt og NTNUI Open. NTNUI Open sees p\u00e5 som en sv\u00e6rt sosial turnering, der man har benyttet Swiss Ladder systemet. I tillegg til de vanlige turneringene har gruppa ogs\u00e5 v\u00e6rt teknisk arrang\u00f8r for b\u00e5de lagserie og kretsmesterskap.<\/p>\n\n\n\n<figure class=\"wp-block-image size-large\"><img loading=\"lazy\" decoding=\"async\" width=\"3750\" height=\"2500\" src=\"https:\/\/ntnui.no\/badminton\/wp-content\/uploads\/sites\/246\/2024\/04\/2024-03-09_Edvard-Reitan_IBD-3.jpg\" alt=\"\" class=\"wp-image-3612\" \/><figcaption>Photo: Blits\/Reitan<\/figcaption><\/figure>\n\n\n\n<p>I 2010 begynte det \u00e5 komme mange sterke spillere til NTNUI, og et \u00f8nske om \u00e5 f\u00e5 spille i eliteserien kom igjen p\u00e5 dagsorden. Etter sv\u00e6rt jevne serierunder b\u00e5de i 2010 og i 2011, klarte NTNUI Badminton endelig \u00e5 kvalifisere seg til eliteserien i 2012.<\/p>\n\n\n\n<p>Gruppa har i alle \u00e5r hatt et stort fokus p\u00e5 det sosiale, og det blir jevnlig arrangert sammenkomster utenom badmintonbanen. Gruppa har blant annet arrangert den \u00e5rlige Kick-Off-Festen, Treffpunkt og NTNUI Open-festene, langturer til flere turneringer i Norge, \u00f8l og vin smaking, Pup-til-Pub som avslutning p\u00e5 nybegynnerkurs, 17. mai frokost\/ feiring og mye mer. Gruppen drar ogs\u00e5 ofte p\u00e5 b\u00e5de fotballkamper og konserter.<\/p>\n\n\n\n<div class=\"wp-block-image\"><figure class=\"aligncenter size-large\"><img loading=\"lazy\" decoding=\"async\" width=\"1024\" height=\"683\" src=\"https:\/\/ntnui.no\/badminton\/wp-content\/uploads\/sites\/246\/2020\/07\/28515859_1798594620180349_8498173783437700595_o-1024x683.jpg\" alt=\"\" class=\"wp-image-2068\" srcset=\"https:\/\/ntnui.no\/badminton\/wp-content\/uploads\/sites\/246\/2020\/07\/28515859_1798594620180349_8498173783437700595_o-1024x683.jpg 1024w, https:\/\/ntnui.no\/badminton\/wp-content\/uploads\/sites\/246\/2020\/07\/28515859_1798594620180349_8498173783437700595_o-300x200.jpg 300w, https:\/\/ntnui.no\/badminton\/wp-content\/uploads\/sites\/246\/2020\/07\/28515859_1798594620180349_8498173783437700595_o-768x512.jpg 768w, https:\/\/ntnui.no\/badminton\/wp-content\/uploads\/sites\/246\/2020\/07\/28515859_1798594620180349_8498173783437700595_o-600x400.jpg 600w, https:\/\/ntnui.no\/badminton\/wp-content\/uploads\/sites\/246\/2020\/07\/28515859_1798594620180349_8498173783437700595_o.jpg 1500w\" sizes=\"auto, (max-width: 1024px) 100vw, 1024px\" \/><\/figure><\/div>\n\n\n\n<p>Kilde:&nbsp;<em>\u00abEkte idrettsglede, \u2013 ekte kameratskap\u00bb av Gaute Heyerdahl<\/em><\/p>\n","protected":false},"excerpt":{"rendered":"<p>Historie I dag har NTNUI Badminton lag i 1., 2., og 3. divisjon. Vi er stolte av \u00e5 ha en klubb med god bredde, men som samtidig siger etter gode resultater. De tre siste \u00e5rene har vi vunnet 1. div. Flere av spillerne v\u00e5re er blitt kretsmestere gjennom \u00e5rene, og NTNUI har dermed noen av [&hellip;]<\/p>\n","protected":false},"author":44,"featured_media":0,"parent":0,"menu_order":0,"comment_status":"closed","ping_status":"closed","template":"","meta":{"_coblocks_attr":"","_coblocks_dimensions":"","_coblocks_responsive_height":"","_coblocks_accordion_ie_support":"","_price":"","_stock":"","_tribe_ticket_header":"","_tribe_default_ticket_provider":"","_tribe_ticket_capacity":"0","_ticket_start_date":"","_ticket_end_date":"","_tribe_ticket_show_description":"","_tribe_ticket_show_not_going":false,"_tribe_ticket_use_global_stock":"","_tribe_ticket_global_stock_level":"","_global_stock_mode":"","_global_stock_cap":"","_tribe_rsvp_for_event":"","_tribe_ticket_going_count":"","_tribe_ticket_not_going_count":"","_tribe_tickets_list":[],"_tribe_ticket_has_attendee_info_fields":false,"footnotes":""},"class_list":["post-1223","page","type-page","status-publish","hentry"],"featured_image_src":null,"featured_image_src_square":null,"jetpack_sharing_enabled":true,"_links":{"self":[{"href":"https:\/\/ntnui.no\/badminton\/wp-json\/wp\/v2\/pages\/1223","targetHints":{"allow":["GET"]}}],"collection":[{"href":"https:\/\/ntnui.no\/badminton\/wp-json\/wp\/v2\/pages"}],"about":[{"href":"https:\/\/ntnui.no\/badminton\/wp-json\/wp\/v2\/types\/page"}],"author":[{"embeddable":true,"href":"https:\/\/ntnui.no\/badminton\/wp-json\/wp\/v2\/users\/44"}],"replies":[{"embeddable":true,"href":"https:\/\/ntnui.no\/badminton\/wp-json\/wp\/v2\/comments?post=1223"}],"version-history":[{"count":22,"href":"https:\/\/ntnui.no\/badminton\/wp-json\/wp\/v2\/pages\/1223\/revisions"}],"predecessor-version":[{"id":3721,"href":"https:\/\/ntnui.no\/badminton\/wp-json\/wp\/v2\/pages\/1223\/revisions\/3721"}],"wp:attachment":[{"href":"https:\/\/ntnui.no\/badminton\/wp-json\/wp\/v2\/media?parent=1223"}],"curies":[{"name":"wp","href":"https:\/\/api.w.org\/{rel}","templated":true}]}}