{"id":19,"date":"2019-01-10T17:38:32","date_gmt":"2019-01-10T17:38:32","guid":{"rendered":"https:\/\/ntnui.no\/amerikanskfotball-ny2\/?page_id=19"},"modified":"2019-02-16T14:40:00","modified_gmt":"2019-02-16T14:40:00","slug":"treninger","status":"publish","type":"page","link":"https:\/\/ntnui.no\/amerikanskfotball\/treninger\/","title":{"rendered":"Treninger"},"content":{"rendered":"\n<figure class=\"wp-block-image\"><img loading=\"lazy\" decoding=\"async\" width=\"1024\" height=\"576\" src=\"https:\/\/ntnui.no\/amerikanskfotball-ny\/wp-content\/uploads\/sites\/243\/2018\/08\/Lade-idrettspark-1024x576.png\" alt=\"\" class=\"wp-image-1182\" srcset=\"https:\/\/ntnui.no\/amerikanskfotball\/wp-content\/uploads\/sites\/243\/2018\/08\/Lade-idrettspark-1024x576.png 1024w, https:\/\/ntnui.no\/amerikanskfotball\/wp-content\/uploads\/sites\/243\/2018\/08\/Lade-idrettspark-300x169.png 300w, https:\/\/ntnui.no\/amerikanskfotball\/wp-content\/uploads\/sites\/243\/2018\/08\/Lade-idrettspark-768x432.png 768w, https:\/\/ntnui.no\/amerikanskfotball\/wp-content\/uploads\/sites\/243\/2018\/08\/Lade-idrettspark-600x337.png 600w, https:\/\/ntnui.no\/amerikanskfotball\/wp-content\/uploads\/sites\/243\/2018\/08\/Lade-idrettspark.png 1035w\" sizes=\"auto, (max-width: 1024px) 100vw, 1024px\" \/><\/figure>\n\n\n\n<p><strong>Da har NTNUI amerikansk fotball f\u00e5tt treningstidene fastsatt for trenings\u00e5ret 2018\/2019!<\/strong><\/p>\n\n\n\n<p>Vi startet av med treninger for veteraner fra og med 21. August og \u00e5pne treninger fra 28. August.<br>Da vil vi holde p\u00e5 med f\u00f8lgende tider:<br>Tirsdag:&nbsp; 2030-2200<br>Torsdag: 1830-2000<\/p>\n\n\n\n<p>Treningene foreg\u00e5r p\u00e5 Lade idrettspark, markert med r\u00f8d sirkel over. Der spiller vi p\u00e5 Norges beste bane for amerikansk fotball!<br>Fra 28. August er det bare \u00e5 komme innom enten du har pr\u00f8vd sporten f\u00f8r og \u00f8nsker \u00e5 fortsette, eller aldri har pr\u00f8vd f\u00f8r men er klar for en utfordring og mulighet til \u00e5 l\u00e6re!<\/p>\n\n\n\n<p>Ta kontakt p\u00e5 e-post dersom du har noen sp\u00f8rsm\u00e5l.<br>Adresse: martin.guneriussen@ntnui.no<\/p>\n","protected":false},"excerpt":{"rendered":"<p>Da har NTNUI amerikansk fotball f\u00e5tt treningstidene fastsatt for trenings\u00e5ret 2018\/2019! Vi startet av med treninger for veteraner fra og med 21. August og \u00e5pne treninger fra 28. August.Da vil vi holde p\u00e5 med f\u00f8lgende tider:Tirsdag:&nbsp; 2030-2200Torsdag: 1830-2000 Treningene foreg\u00e5r p\u00e5 Lade idrettspark, markert med r\u00f8d sirkel over. Der spiller vi p\u00e5 Norges beste bane [&hellip;]<\/p>\n","protected":false},"author":7,"featured_media":0,"parent":0,"menu_order":0,"comment_status":"closed","ping_status":"closed","template":"","meta":{"_coblocks_attr":"","_coblocks_dimensions":"","_coblocks_responsive_height":"","_coblocks_accordion_ie_support":"","_price":"","_stock":"","_tribe_ticket_header":"","_tribe_default_ticket_provider":"","_tribe_ticket_capacity":"0","_ticket_start_date":"","_ticket_end_date":"","_tribe_ticket_show_description":"","_tribe_ticket_show_not_going":false,"_tribe_ticket_use_global_stock":"","_tribe_ticket_global_stock_level":"","_global_stock_mode":"","_global_stock_cap":"","_tribe_rsvp_for_event":"","_tribe_ticket_going_count":"","_tribe_ticket_not_going_count":"","_tribe_tickets_list":[],"_tribe_ticket_has_attendee_info_fields":false,"_EventAllDay":false,"_EventTimezone":"","_EventStartDate":"","_EventEndDate":"","_EventStartDateUTC":"","_EventEndDateUTC":"","_EventShowMap":false,"_EventShowMapLink":false,"_EventURL":"","_EventCost":"","_EventCostDescription":"","_EventCurrencySymbol":"","_EventCurrencyPosition":"","_EventDateTimeSeparator":"","_EventTimeRangeSeparator":"","_EventOrganizerID":[],"_EventVenueID":0,"_OrganizerEmail":"","_OrganizerPhone":"","_OrganizerWebsite":"","_VenueAddress":"","_VenueCity":"","_VenueCountry":"","_VenueProvince":"","_VenueZip":"","_VenuePhone":"","_VenueURL":"","_VenueStateProvince":"","_VenueLat":"","_VenueLng":"","footnotes":""},"class_list":["post-19","page","type-page","status-publish","hentry"],"featured_image_src":null,"featured_image_src_square":null,"_links":{"self":[{"href":"https:\/\/ntnui.no\/amerikanskfotball\/wp-json\/wp\/v2\/pages\/19","targetHints":{"allow":["GET"]}}],"collection":[{"href":"https:\/\/ntnui.no\/amerikanskfotball\/wp-json\/wp\/v2\/pages"}],"about":[{"href":"https:\/\/ntnui.no\/amerikanskfotball\/wp-json\/wp\/v2\/types\/page"}],"author":[{"embeddable":true,"href":"https:\/\/ntnui.no\/amerikanskfotball\/wp-json\/wp\/v2\/users\/7"}],"replies":[{"embeddable":true,"href":"https:\/\/ntnui.no\/amerikanskfotball\/wp-json\/wp\/v2\/comments?post=19"}],"version-history":[{"count":2,"href":"https:\/\/ntnui.no\/amerikanskfotball\/wp-json\/wp\/v2\/pages\/19\/revisions"}],"predecessor-version":[{"id":1315,"href":"https:\/\/ntnui.no\/amerikanskfotball\/wp-json\/wp\/v2\/pages\/19\/revisions\/1315"}],"wp:attachment":[{"href":"https:\/\/ntnui.no\/amerikanskfotball\/wp-json\/wp\/v2\/media?parent=19"}],"curies":[{"name":"wp","href":"https:\/\/api.w.org\/{rel}","templated":true}]}}