{"id":15,"date":"2019-01-10T17:37:49","date_gmt":"2019-01-10T17:37:49","guid":{"rendered":"https:\/\/ntnui.no\/amerikanskfotball-ny2\/?page_id=15"},"modified":"2019-02-16T14:34:05","modified_gmt":"2019-02-16T14:34:05","slug":"nyheter","status":"publish","type":"page","link":"https:\/\/ntnui.no\/amerikanskfotball\/nyheter\/","title":{"rendered":"Nyheter"},"content":{"rendered":"<section class=\"ab-block-post-grid featuredpost aligncenter\"><div class=\"ab-post-grid-items is-grid columns-2\"><article id=\"post-1352\" class=\"ab-post-grid-item post-1352 post type-post status-publish format-standard has-post-thumbnail hentry category-nyheter tag-covid-19 tag-korona\"><div class=\"ab-block-post-grid-image\"><a href=\"https:\/\/ntnui.no\/amerikanskfotball\/2020\/11\/07\/oppdatering-rundt-trening\/\" rel=\"bookmark\" aria-hidden=\"true\" tabindex=\"-1\"><img loading=\"lazy\" decoding=\"async\" width=\"1500\" height=\"1000\" src=\"https:\/\/ntnui.no\/amerikanskfotball\/wp-content\/uploads\/sites\/243\/2019\/01\/logoMedBakgrunn.png\" class=\"attachment-full size-full\" alt=\"\" srcset=\"https:\/\/ntnui.no\/amerikanskfotball\/wp-content\/uploads\/sites\/243\/2019\/01\/logoMedBakgrunn.png 1500w, https:\/\/ntnui.no\/amerikanskfotball\/wp-content\/uploads\/sites\/243\/2019\/01\/logoMedBakgrunn-300x200.png 300w, https:\/\/ntnui.no\/amerikanskfotball\/wp-content\/uploads\/sites\/243\/2019\/01\/logoMedBakgrunn-768x512.png 768w, https:\/\/ntnui.no\/amerikanskfotball\/wp-content\/uploads\/sites\/243\/2019\/01\/logoMedBakgrunn-1024x683.png 1024w, https:\/\/ntnui.no\/amerikanskfotball\/wp-content\/uploads\/sites\/243\/2019\/01\/logoMedBakgrunn-600x400.png 600w\" sizes=\"auto, (max-width: 1500px) 100vw, 1500px\" \/><\/a><\/div><div class=\"ab-block-post-grid-text\"><header class=\"ab-block-post-grid-header\"><h3 class=\"ab-block-post-grid-title\"><a href=\"https:\/\/ntnui.no\/amerikanskfotball\/2020\/11\/07\/oppdatering-rundt-trening\/\" rel=\"bookmark\">Oppdatering rundt trening<\/a><\/h3><div class=\"ab-block-post-grid-byline\"><time datetime=\"2020-11-07T13:27:28+00:00\" class=\"ab-block-post-grid-date\" itemprop=\"datePublished\">november 7, 2020<\/time><\/div><\/header><div class=\"ab-block-post-grid-excerpt\"><\/div><\/div><\/article>\n<article id=\"post-1354\" class=\"ab-post-grid-item sticky post-1354 post type-post status-publish format-standard hentry category-news\"><div class=\"ab-block-post-grid-text\"><header class=\"ab-block-post-grid-header\"><h3 class=\"ab-block-post-grid-title\"><a href=\"https:\/\/ntnui.no\/amerikanskfotball\/en\/2020\/11\/07\/update\/\" rel=\"bookmark\">Update<\/a><\/h3><div class=\"ab-block-post-grid-byline\"><time datetime=\"2020-11-07T13:26:39+00:00\" class=\"ab-block-post-grid-date\" itemprop=\"datePublished\">november 7, 2020<\/time><\/div><\/header><div class=\"ab-block-post-grid-excerpt\"><\/div><\/div><\/article>\n<article id=\"post-1339\" class=\"ab-post-grid-item post-1339 post type-post status-publish format-standard has-post-thumbnail hentry category-uncategorized\"><div class=\"ab-block-post-grid-image\"><a href=\"https:\/\/ntnui.no\/amerikanskfotball\/2020\/09\/13\/lyst-til-a-prove-ut-amerikansk-fotball-ofte-stilte-sporsmal\/\" rel=\"bookmark\" aria-hidden=\"true\" tabindex=\"-1\"><img loading=\"lazy\" decoding=\"async\" width=\"1087\" height=\"723\" src=\"https:\/\/ntnui.no\/amerikanskfotball\/wp-content\/uploads\/sites\/243\/2020\/09\/9BE26754-6AE3-4272-951F-84B02EC41D12_1_105_c.jpeg\" class=\"attachment-full size-full\" alt=\"\" srcset=\"https:\/\/ntnui.no\/amerikanskfotball\/wp-content\/uploads\/sites\/243\/2020\/09\/9BE26754-6AE3-4272-951F-84B02EC41D12_1_105_c.jpeg 1087w, https:\/\/ntnui.no\/amerikanskfotball\/wp-content\/uploads\/sites\/243\/2020\/09\/9BE26754-6AE3-4272-951F-84B02EC41D12_1_105_c-300x200.jpeg 300w, https:\/\/ntnui.no\/amerikanskfotball\/wp-content\/uploads\/sites\/243\/2020\/09\/9BE26754-6AE3-4272-951F-84B02EC41D12_1_105_c-1024x681.jpeg 1024w, https:\/\/ntnui.no\/amerikanskfotball\/wp-content\/uploads\/sites\/243\/2020\/09\/9BE26754-6AE3-4272-951F-84B02EC41D12_1_105_c-768x511.jpeg 768w, https:\/\/ntnui.no\/amerikanskfotball\/wp-content\/uploads\/sites\/243\/2020\/09\/9BE26754-6AE3-4272-951F-84B02EC41D12_1_105_c-600x399.jpeg 600w\" sizes=\"auto, (max-width: 1087px) 100vw, 1087px\" \/><\/a><\/div><div class=\"ab-block-post-grid-text\"><header class=\"ab-block-post-grid-header\"><h3 class=\"ab-block-post-grid-title\"><a href=\"https:\/\/ntnui.no\/amerikanskfotball\/2020\/09\/13\/lyst-til-a-prove-ut-amerikansk-fotball-ofte-stilte-sporsmal\/\" rel=\"bookmark\">Lyst til \u00e5 pr\u00f8ve ut amerikansk fotball? &#8211; Ofte stilte sp\u00f8rsm\u00e5l<\/a><\/h3><div class=\"ab-block-post-grid-byline\"><time datetime=\"2020-09-13T14:01:00+00:00\" class=\"ab-block-post-grid-date\" itemprop=\"datePublished\">september 13, 2020<\/time><\/div><\/header><div class=\"ab-block-post-grid-excerpt\"><\/div><\/div><\/article>\n<article id=\"post-1328\" class=\"ab-post-grid-item post-1328 post type-post status-publish format-standard has-post-thumbnail hentry category-uncategorized\"><div class=\"ab-block-post-grid-image\"><a href=\"https:\/\/ntnui.no\/amerikanskfotball\/2020\/08\/14\/idrettskavalkade\/\" rel=\"bookmark\" aria-hidden=\"true\" tabindex=\"-1\"><img loading=\"lazy\" decoding=\"async\" width=\"1500\" height=\"1000\" src=\"https:\/\/ntnui.no\/amerikanskfotball\/wp-content\/uploads\/sites\/243\/2019\/01\/logoMedBakgrunn.png\" class=\"attachment-full size-full\" alt=\"\" srcset=\"https:\/\/ntnui.no\/amerikanskfotball\/wp-content\/uploads\/sites\/243\/2019\/01\/logoMedBakgrunn.png 1500w, https:\/\/ntnui.no\/amerikanskfotball\/wp-content\/uploads\/sites\/243\/2019\/01\/logoMedBakgrunn-300x200.png 300w, https:\/\/ntnui.no\/amerikanskfotball\/wp-content\/uploads\/sites\/243\/2019\/01\/logoMedBakgrunn-768x512.png 768w, https:\/\/ntnui.no\/amerikanskfotball\/wp-content\/uploads\/sites\/243\/2019\/01\/logoMedBakgrunn-1024x683.png 1024w, https:\/\/ntnui.no\/amerikanskfotball\/wp-content\/uploads\/sites\/243\/2019\/01\/logoMedBakgrunn-600x400.png 600w\" sizes=\"auto, (max-width: 1500px) 100vw, 1500px\" \/><\/a><\/div><div class=\"ab-block-post-grid-text\"><header class=\"ab-block-post-grid-header\"><h3 class=\"ab-block-post-grid-title\"><a href=\"https:\/\/ntnui.no\/amerikanskfotball\/2020\/08\/14\/idrettskavalkade\/\" rel=\"bookmark\">Idrettskavalkade<\/a><\/h3><div class=\"ab-block-post-grid-byline\"><time datetime=\"2020-08-14T13:31:25+00:00\" class=\"ab-block-post-grid-date\" itemprop=\"datePublished\">august 14, 2020<\/time><\/div><\/header><div class=\"ab-block-post-grid-excerpt\"><\/div><\/div><\/article>\n<article id=\"post-1248\" class=\"ab-post-grid-item post-1248 post type-post status-publish format-standard has-post-thumbnail hentry category-news category-uncategorized-en\"><div class=\"ab-block-post-grid-image\"><a href=\"https:\/\/ntnui.no\/amerikanskfotball\/en\/2019\/01\/09\/open-practices-winter-2019\/\" rel=\"bookmark\" aria-hidden=\"true\" tabindex=\"-1\"><img loading=\"lazy\" decoding=\"async\" width=\"1500\" height=\"1000\" src=\"https:\/\/ntnui.no\/amerikanskfotball\/wp-content\/uploads\/sites\/243\/2019\/01\/logoMedBakgrunn.png\" class=\"attachment-full size-full\" alt=\"\" srcset=\"https:\/\/ntnui.no\/amerikanskfotball\/wp-content\/uploads\/sites\/243\/2019\/01\/logoMedBakgrunn.png 1500w, https:\/\/ntnui.no\/amerikanskfotball\/wp-content\/uploads\/sites\/243\/2019\/01\/logoMedBakgrunn-300x200.png 300w, https:\/\/ntnui.no\/amerikanskfotball\/wp-content\/uploads\/sites\/243\/2019\/01\/logoMedBakgrunn-768x512.png 768w, https:\/\/ntnui.no\/amerikanskfotball\/wp-content\/uploads\/sites\/243\/2019\/01\/logoMedBakgrunn-1024x683.png 1024w, https:\/\/ntnui.no\/amerikanskfotball\/wp-content\/uploads\/sites\/243\/2019\/01\/logoMedBakgrunn-600x400.png 600w\" sizes=\"auto, (max-width: 1500px) 100vw, 1500px\" \/><\/a><\/div><div class=\"ab-block-post-grid-text\"><header class=\"ab-block-post-grid-header\"><h3 class=\"ab-block-post-grid-title\"><a href=\"https:\/\/ntnui.no\/amerikanskfotball\/en\/2019\/01\/09\/open-practices-winter-2019\/\" rel=\"bookmark\">Open practices winter 2019<\/a><\/h3><div class=\"ab-block-post-grid-byline\"><time datetime=\"2019-01-09T18:10:50+00:00\" class=\"ab-block-post-grid-date\" itemprop=\"datePublished\">januar 9, 2019<\/time><\/div><\/header><div class=\"ab-block-post-grid-excerpt\"><\/div><\/div><\/article>\n<article id=\"post-1244\" class=\"ab-post-grid-item post-1244 post type-post status-publish format-standard has-post-thumbnail hentry category-nyheter category-uncategorized\"><div class=\"ab-block-post-grid-image\"><a href=\"https:\/\/ntnui.no\/amerikanskfotball\/2019\/01\/09\/apne-treninger-vinter-2019\/\" rel=\"bookmark\" aria-hidden=\"true\" tabindex=\"-1\"><img loading=\"lazy\" decoding=\"async\" width=\"1500\" height=\"1000\" src=\"https:\/\/ntnui.no\/amerikanskfotball\/wp-content\/uploads\/sites\/243\/2019\/01\/logoMedBakgrunn.png\" class=\"attachment-full size-full\" alt=\"\" srcset=\"https:\/\/ntnui.no\/amerikanskfotball\/wp-content\/uploads\/sites\/243\/2019\/01\/logoMedBakgrunn.png 1500w, https:\/\/ntnui.no\/amerikanskfotball\/wp-content\/uploads\/sites\/243\/2019\/01\/logoMedBakgrunn-300x200.png 300w, https:\/\/ntnui.no\/amerikanskfotball\/wp-content\/uploads\/sites\/243\/2019\/01\/logoMedBakgrunn-768x512.png 768w, https:\/\/ntnui.no\/amerikanskfotball\/wp-content\/uploads\/sites\/243\/2019\/01\/logoMedBakgrunn-1024x683.png 1024w, https:\/\/ntnui.no\/amerikanskfotball\/wp-content\/uploads\/sites\/243\/2019\/01\/logoMedBakgrunn-600x400.png 600w\" sizes=\"auto, (max-width: 1500px) 100vw, 1500px\" \/><\/a><\/div><div class=\"ab-block-post-grid-text\"><header class=\"ab-block-post-grid-header\"><h3 class=\"ab-block-post-grid-title\"><a href=\"https:\/\/ntnui.no\/amerikanskfotball\/2019\/01\/09\/apne-treninger-vinter-2019\/\" rel=\"bookmark\">\u00c5pne treninger vinter 2019<\/a><\/h3><div class=\"ab-block-post-grid-byline\"><time datetime=\"2019-01-09T18:02:49+00:00\" class=\"ab-block-post-grid-date\" itemprop=\"datePublished\">januar 9, 2019<\/time><\/div><\/header><div class=\"ab-block-post-grid-excerpt\"><\/div><\/div><\/article>\n<article id=\"post-1230\" class=\"ab-post-grid-item post-1230 post type-post status-publish format-standard has-post-thumbnail hentry category-damelaget category-nyheter\"><div class=\"ab-block-post-grid-image\"><a href=\"https:\/\/ntnui.no\/amerikanskfotball\/2018\/12\/26\/womens-open-2018\/\" rel=\"bookmark\" aria-hidden=\"true\" tabindex=\"-1\"><img loading=\"lazy\" decoding=\"async\" width=\"1200\" height=\"803\" src=\"https:\/\/ntnui.no\/amerikanskfotball\/wp-content\/uploads\/sites\/243\/2018\/12\/WomensOpen1Scaled.jpg\" class=\"attachment-full size-full\" alt=\"\" srcset=\"https:\/\/ntnui.no\/amerikanskfotball\/wp-content\/uploads\/sites\/243\/2018\/12\/WomensOpen1Scaled.jpg 1200w, https:\/\/ntnui.no\/amerikanskfotball\/wp-content\/uploads\/sites\/243\/2018\/12\/WomensOpen1Scaled-300x201.jpg 300w, https:\/\/ntnui.no\/amerikanskfotball\/wp-content\/uploads\/sites\/243\/2018\/12\/WomensOpen1Scaled-768x514.jpg 768w, https:\/\/ntnui.no\/amerikanskfotball\/wp-content\/uploads\/sites\/243\/2018\/12\/WomensOpen1Scaled-1024x685.jpg 1024w, https:\/\/ntnui.no\/amerikanskfotball\/wp-content\/uploads\/sites\/243\/2018\/12\/WomensOpen1Scaled-600x402.jpg 600w\" sizes=\"auto, (max-width: 1200px) 100vw, 1200px\" \/><\/a><\/div><div class=\"ab-block-post-grid-text\"><header class=\"ab-block-post-grid-header\"><h3 class=\"ab-block-post-grid-title\"><a href=\"https:\/\/ntnui.no\/amerikanskfotball\/2018\/12\/26\/womens-open-2018\/\" rel=\"bookmark\">Womens Open 2018<\/a><\/h3><div class=\"ab-block-post-grid-byline\"><time datetime=\"2018-12-26T18:48:11+00:00\" class=\"ab-block-post-grid-date\" itemprop=\"datePublished\">desember 26, 2018<\/time><\/div><\/header><div class=\"ab-block-post-grid-excerpt\"><\/div><\/div><\/article>\n<article id=\"post-1206\" class=\"ab-post-grid-item post-1206 post type-post status-publish format-standard has-post-thumbnail hentry category-damelaget category-nyheter\"><div class=\"ab-block-post-grid-image\"><a href=\"https:\/\/ntnui.no\/amerikanskfotball\/2018\/08\/07\/damelaget-hosten-2018\/\" rel=\"bookmark\" aria-hidden=\"true\" tabindex=\"-1\"><img loading=\"lazy\" decoding=\"async\" width=\"2048\" height=\"1536\" src=\"https:\/\/ntnui.no\/amerikanskfotball\/wp-content\/uploads\/sites\/243\/2018\/08\/17636806_128573314345820_4216623152158331025_o.jpg\" class=\"attachment-full size-full\" alt=\"\" srcset=\"https:\/\/ntnui.no\/amerikanskfotball\/wp-content\/uploads\/sites\/243\/2018\/08\/17636806_128573314345820_4216623152158331025_o.jpg 2048w, https:\/\/ntnui.no\/amerikanskfotball\/wp-content\/uploads\/sites\/243\/2018\/08\/17636806_128573314345820_4216623152158331025_o-300x225.jpg 300w, https:\/\/ntnui.no\/amerikanskfotball\/wp-content\/uploads\/sites\/243\/2018\/08\/17636806_128573314345820_4216623152158331025_o-768x576.jpg 768w, https:\/\/ntnui.no\/amerikanskfotball\/wp-content\/uploads\/sites\/243\/2018\/08\/17636806_128573314345820_4216623152158331025_o-1024x768.jpg 1024w, https:\/\/ntnui.no\/amerikanskfotball\/wp-content\/uploads\/sites\/243\/2018\/08\/17636806_128573314345820_4216623152158331025_o-1736x1302.jpg 1736w, https:\/\/ntnui.no\/amerikanskfotball\/wp-content\/uploads\/sites\/243\/2018\/08\/17636806_128573314345820_4216623152158331025_o-600x450.jpg 600w\" sizes=\"auto, (max-width: 2048px) 100vw, 2048px\" \/><\/a><\/div><div class=\"ab-block-post-grid-text\"><header class=\"ab-block-post-grid-header\"><h3 class=\"ab-block-post-grid-title\"><a href=\"https:\/\/ntnui.no\/amerikanskfotball\/2018\/08\/07\/damelaget-hosten-2018\/\" rel=\"bookmark\">Damelaget h\u00f8sten 2018<\/a><\/h3><div class=\"ab-block-post-grid-byline\"><time datetime=\"2018-08-07T20:50:18+00:00\" class=\"ab-block-post-grid-date\" itemprop=\"datePublished\">august 7, 2018<\/time><\/div><\/header><div class=\"ab-block-post-grid-excerpt\"><\/div><\/div><\/article>\n<article id=\"post-1199\" class=\"ab-post-grid-item post-1199 post type-post status-publish format-standard has-post-thumbnail hentry category-news category-uncategorized-en\"><div class=\"ab-block-post-grid-image\"><a href=\"https:\/\/ntnui.no\/amerikanskfotball\/en\/2018\/08\/05\/time-of-practice\/\" rel=\"bookmark\" aria-hidden=\"true\" tabindex=\"-1\"><img loading=\"lazy\" decoding=\"async\" width=\"1035\" height=\"582\" src=\"https:\/\/ntnui.no\/amerikanskfotball\/wp-content\/uploads\/sites\/243\/2018\/08\/Lade-idrettspark.png\" class=\"attachment-full size-full\" alt=\"\" srcset=\"https:\/\/ntnui.no\/amerikanskfotball\/wp-content\/uploads\/sites\/243\/2018\/08\/Lade-idrettspark.png 1035w, https:\/\/ntnui.no\/amerikanskfotball\/wp-content\/uploads\/sites\/243\/2018\/08\/Lade-idrettspark-300x169.png 300w, https:\/\/ntnui.no\/amerikanskfotball\/wp-content\/uploads\/sites\/243\/2018\/08\/Lade-idrettspark-768x432.png 768w, https:\/\/ntnui.no\/amerikanskfotball\/wp-content\/uploads\/sites\/243\/2018\/08\/Lade-idrettspark-1024x576.png 1024w, https:\/\/ntnui.no\/amerikanskfotball\/wp-content\/uploads\/sites\/243\/2018\/08\/Lade-idrettspark-600x337.png 600w\" sizes=\"auto, (max-width: 1035px) 100vw, 1035px\" \/><\/a><\/div><div class=\"ab-block-post-grid-text\"><header class=\"ab-block-post-grid-header\"><h3 class=\"ab-block-post-grid-title\"><a href=\"https:\/\/ntnui.no\/amerikanskfotball\/en\/2018\/08\/05\/time-of-practice\/\" rel=\"bookmark\">Time of practice<\/a><\/h3><div class=\"ab-block-post-grid-byline\"><time datetime=\"2018-08-05T21:10:48+00:00\" class=\"ab-block-post-grid-date\" itemprop=\"datePublished\">august 5, 2018<\/time><\/div><\/header><div class=\"ab-block-post-grid-excerpt\"><\/div><\/div><\/article>\n<article id=\"post-1124\" class=\"ab-post-grid-item post-1124 post type-post status-publish format-standard has-post-thumbnail hentry category-uncategorized\"><div class=\"ab-block-post-grid-image\"><a href=\"https:\/\/ntnui.no\/amerikanskfotball\/2018\/08\/04\/first-article\/\" rel=\"bookmark\" aria-hidden=\"true\" tabindex=\"-1\"><img loading=\"lazy\" decoding=\"async\" width=\"1035\" height=\"582\" src=\"https:\/\/ntnui.no\/amerikanskfotball\/wp-content\/uploads\/sites\/243\/2018\/08\/Lade-idrettspark.png\" class=\"attachment-full size-full\" alt=\"\" srcset=\"https:\/\/ntnui.no\/amerikanskfotball\/wp-content\/uploads\/sites\/243\/2018\/08\/Lade-idrettspark.png 1035w, https:\/\/ntnui.no\/amerikanskfotball\/wp-content\/uploads\/sites\/243\/2018\/08\/Lade-idrettspark-300x169.png 300w, https:\/\/ntnui.no\/amerikanskfotball\/wp-content\/uploads\/sites\/243\/2018\/08\/Lade-idrettspark-768x432.png 768w, https:\/\/ntnui.no\/amerikanskfotball\/wp-content\/uploads\/sites\/243\/2018\/08\/Lade-idrettspark-1024x576.png 1024w, https:\/\/ntnui.no\/amerikanskfotball\/wp-content\/uploads\/sites\/243\/2018\/08\/Lade-idrettspark-600x337.png 600w\" sizes=\"auto, (max-width: 1035px) 100vw, 1035px\" \/><\/a><\/div><div class=\"ab-block-post-grid-text\"><header class=\"ab-block-post-grid-header\"><h3 class=\"ab-block-post-grid-title\"><a href=\"https:\/\/ntnui.no\/amerikanskfotball\/2018\/08\/04\/first-article\/\" rel=\"bookmark\">Treningstider<\/a><\/h3><div class=\"ab-block-post-grid-byline\"><time datetime=\"2018-08-04T20:00:45+00:00\" class=\"ab-block-post-grid-date\" itemprop=\"datePublished\">august 4, 2018<\/time><\/div><\/header><div class=\"ab-block-post-grid-excerpt\"><\/div><\/div><\/article>\n<\/div><\/section>","protected":false},"excerpt":{"rendered":"","protected":false},"author":7,"featured_media":0,"parent":0,"menu_order":0,"comment_status":"closed","ping_status":"closed","template":"","meta":{"_coblocks_attr":"","_coblocks_dimensions":"","_coblocks_responsive_height":"","_coblocks_accordion_ie_support":"","_price":"","_stock":"","_tribe_ticket_header":"","_tribe_default_ticket_provider":"","_tribe_ticket_capacity":"0","_ticket_start_date":"","_ticket_end_date":"","_tribe_ticket_show_description":"","_tribe_ticket_show_not_going":false,"_tribe_ticket_use_global_stock":"","_tribe_ticket_global_stock_level":"","_global_stock_mode":"","_global_stock_cap":"","_tribe_rsvp_for_event":"","_tribe_ticket_going_count":"","_tribe_ticket_not_going_count":"","_tribe_tickets_list":[],"_tribe_ticket_has_attendee_info_fields":false,"_EventAllDay":false,"_EventTimezone":"","_EventStartDate":"","_EventEndDate":"","_EventStartDateUTC":"","_EventEndDateUTC":"","_EventShowMap":false,"_EventShowMapLink":false,"_EventURL":"","_EventCost":"","_EventCostDescription":"","_EventCurrencySymbol":"","_EventCurrencyPosition":"","_EventDateTimeSeparator":"","_EventTimeRangeSeparator":"","_EventOrganizerID":[],"_EventVenueID":0,"_OrganizerEmail":"","_OrganizerPhone":"","_OrganizerWebsite":"","_VenueAddress":"","_VenueCity":"","_VenueCountry":"","_VenueProvince":"","_VenueZip":"","_VenuePhone":"","_VenueURL":"","_VenueStateProvince":"","_VenueLat":"","_VenueLng":"","footnotes":""},"class_list":["post-15","page","type-page","status-publish","hentry"],"featured_image_src":null,"featured_image_src_square":null,"_links":{"self":[{"href":"https:\/\/ntnui.no\/amerikanskfotball\/wp-json\/wp\/v2\/pages\/15","targetHints":{"allow":["GET"]}}],"collection":[{"href":"https:\/\/ntnui.no\/amerikanskfotball\/wp-json\/wp\/v2\/pages"}],"about":[{"href":"https:\/\/ntnui.no\/amerikanskfotball\/wp-json\/wp\/v2\/types\/page"}],"author":[{"embeddable":true,"href":"https:\/\/ntnui.no\/amerikanskfotball\/wp-json\/wp\/v2\/users\/7"}],"replies":[{"embeddable":true,"href":"https:\/\/ntnui.no\/amerikanskfotball\/wp-json\/wp\/v2\/comments?post=15"}],"version-history":[{"count":2,"href":"https:\/\/ntnui.no\/amerikanskfotball\/wp-json\/wp\/v2\/pages\/15\/revisions"}],"predecessor-version":[{"id":1306,"href":"https:\/\/ntnui.no\/amerikanskfotball\/wp-json\/wp\/v2\/pages\/15\/revisions\/1306"}],"wp:attachment":[{"href":"https:\/\/ntnui.no\/amerikanskfotball\/wp-json\/wp\/v2\/media?parent=15"}],"curies":[{"name":"wp","href":"https:\/\/api.w.org\/{rel}","templated":true}]}}